{"id":36,"date":"2023-10-24T11:08:16","date_gmt":"2023-10-24T09:08:16","guid":{"rendered":"https:\/\/www.unioviedo.es\/negocia2\/?page_id=36"},"modified":"2023-11-03T11:40:41","modified_gmt":"2023-11-03T10:40:41","slug":"contacto","status":"publish","type":"page","link":"https:\/\/www.unioviedo.es\/negocia2\/index.php\/contacto\/","title":{"rendered":"La investigaci\u00f3n"},"content":{"rendered":"\n<p>Nuestra hip\u00f3tesis de partida es que una regulaci\u00f3n equilibrada y eficaz para asegurar la competitividad de las empresas y, a la vez, garantizar los derechos de las personas trabajadoras, en el actual contexto social y econ\u00f3mico, no puede realizarse sin que se asegure la gobernanza colectiva y la participaci\u00f3n de los propios agentes sociales. Adem\u00e1s, como fuente de derechos y obligaciones en los nuevos escenarios laborales, la norma legal debe ser necesariamente complementada por el convenio colectivo, pero ofreciendo siempre la primera una regulaci\u00f3n imperativa, de m\u00ednimos y\/o supletoria de lo dispuesto en convenio para el caso de que este no exista o resulte <em>dif\u00edcil determinar el aplicable.<\/em><\/p>\n\n\n\n<p>Tras la crisis de la COVID19, el di\u00e1logo social se ha reivindicado como una herramienta imprescindible para afrontar los nuevos retos de la sociedad, lo que lo ha devuelto al primer plano del debate social y pol\u00edtico. Nuestra propuesta pretende analizar, tanto desde el punto de vista jur\u00eddico como sociol\u00f3gico, hasta qu\u00e9 punto ese papel protagonista se ha consolidado y si los actores sociales lo han asumido, a trav\u00e9s de la adopci\u00f3n de soluciones negociadas ponderadas, adecuadas y eficaces. Tambi\u00e9n es importante abordar la necesaria modernizaci\u00f3n del sistema espa\u00f1ol de negociaci\u00f3n colectiva para adaptar a la realidad social y econ\u00f3mica del siglo XXI todas las piezas de un modelo construido en los a\u00f1os 80 del siglo pasado. En este punto habr\u00e1 de prestarse atenci\u00f3n, por un lado, al imprescindible desarrollo que la negociaci\u00f3n colectiva haga de la reforma laboral de 2021. Por otro, habr\u00e1n de analizarse y valorarse las tareas pendientes que el di\u00e1logo social dej\u00f3 fuera de esa reforma en aras de alcanzar un acuerdo.<\/p>\n\n\n\n<p>Paralelamente al estudio dogm\u00e1tico, se pondr\u00e1 en marcha un observatorio de la negociaci\u00f3n colectiva para evaluar las soluciones adoptadas en materias que consideramos claves para la modernizaci\u00f3n del sistema. Esas materias son las siguientes:<\/p>\n\n\n\n<div class=\"wp-block-group\"><div class=\"wp-block-group__inner-container is-layout-constrained wp-block-group-is-layout-constrained\">\n<div class=\"wp-block-group\"><div class=\"wp-block-group__inner-container is-layout-constrained wp-block-group-is-layout-constrained\">\n<ul class=\"wp-block-list\">\n<li>Nuevos escenarios laborales (trabajo a distancia, subcontrataci\u00f3n, redes empresariales y, en general, empresas y centros de trabajo fragmentado)<\/li>\n\n\n\n<li>Gobernanza colectiva y control de la gesti\u00f3n automatizada del personal mediante la inteligencia artificial<\/li>\n\n\n\n<li>Tiempo de trabajo y cuidados<\/li>\n\n\n\n<li>Salud laboral, diversidad e igualdad en el trabajo<\/li>\n<\/ul>\n<\/div><\/div>\n<\/div><\/div>\n\n\n\n<div class=\"wp-block-group\"><div class=\"wp-block-group__inner-container is-layout-constrained wp-block-group-is-layout-constrained\">\n<p>Para ello se parte de la experiencia acumulada por el equipo de investigaci\u00f3n en el precedente <a href=\"http:\/\/www.unioviedo.es\/aunas\">Proyecto AUNAS: Alternativas para UNa Acci\u00f3n Sindical eficaz en el nuevo modelo de empresa <\/a>(Ref.: RTI2018-093458-B-I00) en el que participaron los mismos investigadores principales y buena parte del equipo de investigaci\u00f3n, que se enriquecer\u00e1 con la incorporaci\u00f3n de excelentes colegas tanto de la Universidad de Oviedo como de otras universidades espa\u00f1olas. Sin olvidar la perspectiva comparada, a la que contribuir\u00e1 la colaboraci\u00f3n ya iniciada en aquel proyecto previo con distinguidos colegas de Portugal, Italia, Alemania, Reino Unido y Panam\u00e1.<\/p>\n\n\n\n<p>Consulte aqu\u00ed nuestros <a href=\"https:\/\/www.unioviedo.es\/negocia2\/index.php\/objetivos-generales-y-especificos\/\" data-type=\"page\" data-id=\"105\">objetivos generales y espec\u00edficos<\/a>.<\/p>\n<\/div><\/div>\n\n\n\n<p><\/p>\n","protected":false},"excerpt":{"rendered":"<p>Nuestra hip\u00f3tesis de partida es que una regulaci\u00f3n equilibrada y eficaz para asegurar la competitividad de las empresas y, a la vez, garantizar los derechos de las personas trabajadoras, en el actual contexto social y econ\u00f3mico, no puede realizarse sin que se asegure la gobernanza colectiva y la participaci\u00f3n de los propios agentes sociales. Adem\u00e1s, &hellip; <\/p>\n<p class=\"link-more\"><a href=\"https:\/\/www.unioviedo.es\/negocia2\/index.php\/contacto\/\" class=\"more-link\">Continuar leyendo<span class=\"screen-reader-text\"> \u00abLa investigaci\u00f3n\u00bb<\/span><\/a><\/p>\n","protected":false},"author":1,"featured_media":75,"parent":0,"menu_order":0,"comment_status":"closed","ping_status":"closed","template":"","meta":{"footnotes":""},"class_list":["post-36","page","type-page","status-publish","has-post-thumbnail","hentry"],"_links":{"self":[{"href":"https:\/\/www.unioviedo.es\/negocia2\/index.php\/wp-json\/wp\/v2\/pages\/36","targetHints":{"allow":["GET"]}}],"collection":[{"href":"https:\/\/www.unioviedo.es\/negocia2\/index.php\/wp-json\/wp\/v2\/pages"}],"about":[{"href":"https:\/\/www.unioviedo.es\/negocia2\/index.php\/wp-json\/wp\/v2\/types\/page"}],"author":[{"embeddable":true,"href":"https:\/\/www.unioviedo.es\/negocia2\/index.php\/wp-json\/wp\/v2\/users\/1"}],"replies":[{"embeddable":true,"href":"https:\/\/www.unioviedo.es\/negocia2\/index.php\/wp-json\/wp\/v2\/comments?post=36"}],"version-history":[{"count":10,"href":"https:\/\/www.unioviedo.es\/negocia2\/index.php\/wp-json\/wp\/v2\/pages\/36\/revisions"}],"predecessor-version":[{"id":108,"href":"https:\/\/www.unioviedo.es\/negocia2\/index.php\/wp-json\/wp\/v2\/pages\/36\/revisions\/108"}],"wp:featuredmedia":[{"embeddable":true,"href":"https:\/\/www.unioviedo.es\/negocia2\/index.php\/wp-json\/wp\/v2\/media\/75"}],"wp:attachment":[{"href":"https:\/\/www.unioviedo.es\/negocia2\/index.php\/wp-json\/wp\/v2\/media?parent=36"}],"curies":[{"name":"wp","href":"https:\/\/api.w.org\/{rel}","templated":true}]}}