{"id":398,"date":"2024-06-07T10:12:03","date_gmt":"2024-06-07T08:12:03","guid":{"rendered":"https:\/\/www.unioviedo.es\/negocia2\/?page_id=398"},"modified":"2024-06-07T10:14:43","modified_gmt":"2024-06-07T08:14:43","slug":"ignacio-garcia-lopez","status":"publish","type":"page","link":"https:\/\/www.unioviedo.es\/negocia2\/index.php\/ignacio-garcia-lopez\/","title":{"rendered":"Ignacio Garc\u00eda L\u00f3pez"},"content":{"rendered":"\n<p><strong>Director de Apoyo Corporativo de la Federaci\u00f3n Asturiana de Empresarios<\/strong><\/p>\n\n\n\n<figure class=\"wp-block-image size-full\"><img loading=\"lazy\" decoding=\"async\" width=\"213\" height=\"293\" src=\"https:\/\/www.unioviedo.es\/negocia2\/wp-content\/uploads\/2024\/06\/Ignacio-Garcia.png\" alt=\"\" class=\"wp-image-399\"\/><\/figure>\n\n\n\n<p>Licenciado en Derecho por la Universidad de Oviedo, Ignacio Garc\u00eda L\u00f3pez ejerci\u00f3 como abogado independiente, principalmente en el asesoramiento jur\u00eddico de empresas, hasta su incorporaci\u00f3n como responsable de los servicios jur\u00eddicos de la Federaci\u00f3n Asturiana de Empresarios en el a\u00f1o 2001. Desde el a\u00f1o 2016, como director de apoyo corporativo, se hace cargo del \u00e1rea jur\u00eddica y los servicios econ\u00f3micos de la Federaci\u00f3n.&nbsp;<\/p>\n\n\n\n<p>Ha estado, como representante de FADE,&nbsp;&nbsp;vinculado especialmente a las relaciones laborales y la negociaci\u00f3n colectiva, participando en la creaci\u00f3n del Servicio Asturiano de Resoluci\u00f3n Extrajudicial de Conflictos del Principado de Asturias, en el participa actualmente a trav\u00e9s de su comisi\u00f3n delegada, as\u00ed como miembro de la, la Comisi\u00f3n Consultiva de Convenios del Principado de Asturias. Igualmente, forma parte de la Comisi\u00f3n de Trabajo y Seguridad Social de la Confederaci\u00f3n Espa\u00f1ola de Organizaciones Empresariales.<\/p>\n\n\n\n<p>El empleo y la seguridad social es otro de los \u00e1mbitos prioritarios de su actividad, formando parte del consejo rector del Servicio P\u00fablico de Empleo del Principado de Asturias desde su creaci\u00f3n en el a\u00f1o 2006,&nbsp;&nbsp;as\u00ed como miembro de las comisiones ejecutivas territoriales tanto del Servicio P\u00fablico de Empleo Estatal y como del Instituto Nacional de la Seguridad Social.&nbsp;<\/p>\n","protected":false},"excerpt":{"rendered":"<p>Director de Apoyo Corporativo de la Federaci\u00f3n Asturiana de Empresarios Licenciado en Derecho por la Universidad de Oviedo, Ignacio Garc\u00eda L\u00f3pez ejerci\u00f3 como abogado independiente, principalmente en el asesoramiento jur\u00eddico de empresas, hasta su incorporaci\u00f3n como responsable de los servicios jur\u00eddicos de la Federaci\u00f3n Asturiana de Empresarios en el a\u00f1o 2001. Desde el a\u00f1o 2016, &hellip; <\/p>\n<p class=\"link-more\"><a href=\"https:\/\/www.unioviedo.es\/negocia2\/index.php\/ignacio-garcia-lopez\/\" class=\"more-link\">Continuar leyendo<span class=\"screen-reader-text\"> \u00abIgnacio Garc\u00eda L\u00f3pez\u00bb<\/span><\/a><\/p>\n","protected":false},"author":1,"featured_media":0,"parent":0,"menu_order":0,"comment_status":"closed","ping_status":"closed","template":"","meta":{"footnotes":""},"class_list":["post-398","page","type-page","status-publish","hentry"],"_links":{"self":[{"href":"https:\/\/www.unioviedo.es\/negocia2\/index.php\/wp-json\/wp\/v2\/pages\/398","targetHints":{"allow":["GET"]}}],"collection":[{"href":"https:\/\/www.unioviedo.es\/negocia2\/index.php\/wp-json\/wp\/v2\/pages"}],"about":[{"href":"https:\/\/www.unioviedo.es\/negocia2\/index.php\/wp-json\/wp\/v2\/types\/page"}],"author":[{"embeddable":true,"href":"https:\/\/www.unioviedo.es\/negocia2\/index.php\/wp-json\/wp\/v2\/users\/1"}],"replies":[{"embeddable":true,"href":"https:\/\/www.unioviedo.es\/negocia2\/index.php\/wp-json\/wp\/v2\/comments?post=398"}],"version-history":[{"count":3,"href":"https:\/\/www.unioviedo.es\/negocia2\/index.php\/wp-json\/wp\/v2\/pages\/398\/revisions"}],"predecessor-version":[{"id":403,"href":"https:\/\/www.unioviedo.es\/negocia2\/index.php\/wp-json\/wp\/v2\/pages\/398\/revisions\/403"}],"wp:attachment":[{"href":"https:\/\/www.unioviedo.es\/negocia2\/index.php\/wp-json\/wp\/v2\/media?parent=398"}],"curies":[{"name":"wp","href":"https:\/\/api.w.org\/{rel}","templated":true}]}}