{"id":448,"date":"2024-07-02T13:43:30","date_gmt":"2024-07-02T11:43:30","guid":{"rendered":"https:\/\/www.unioviedo.es\/negocia2\/?page_id=448"},"modified":"2024-12-06T18:46:12","modified_gmt":"2024-12-06T17:46:12","slug":"nuria-fernandez-martinez","status":"publish","type":"page","link":"https:\/\/www.unioviedo.es\/negocia2\/index.php\/nuria-fernandez-martinez\/","title":{"rendered":"Nuria Fern\u00e1ndez Mart\u00ednez"},"content":{"rendered":"\n<p>Coordinadora Servicios Jur\u00eddicos CC.OO. Asturias<\/p>\n\n\n\n<figure class=\"wp-block-image size-large is-resized\"><img loading=\"lazy\" decoding=\"async\" width=\"768\" height=\"1024\" src=\"https:\/\/www.unioviedo.es\/negocia2\/wp-content\/uploads\/2024\/12\/IMG_2250-768x1024.jpg\" alt=\"\" class=\"wp-image-614\" style=\"width:270px;height:auto\" srcset=\"https:\/\/www.unioviedo.es\/negocia2\/wp-content\/uploads\/2024\/12\/IMG_2250-768x1024.jpg 768w, https:\/\/www.unioviedo.es\/negocia2\/wp-content\/uploads\/2024\/12\/IMG_2250-225x300.jpg 225w, https:\/\/www.unioviedo.es\/negocia2\/wp-content\/uploads\/2024\/12\/IMG_2250-1152x1536.jpg 1152w, https:\/\/www.unioviedo.es\/negocia2\/wp-content\/uploads\/2024\/12\/IMG_2250-1536x2048.jpg 1536w, https:\/\/www.unioviedo.es\/negocia2\/wp-content\/uploads\/2024\/12\/IMG_2250-scaled.jpg 1920w\" sizes=\"auto, (max-width: 767px) 89vw, (max-width: 1000px) 54vw, (max-width: 1071px) 543px, 580px\" \/><\/figure>\n\n\n\n<p>Nuria Fern\u00e1ndez Mart\u00ednez es una profesional con una s\u00f3lida formaci\u00f3n en Derecho y una amplia experiencia en el \u00e1mbito laboral. Licenciada en Derecho por la Universidad de Oviedo, de 1993 a 2000 trabaj\u00f3 como abogada en la Uni\u00f3n Comarcal de CC.OO Asturias e Avil\u00e9s, brindando asesoramiento legal y representando a los trabajadores en cuestiones laborales. Desde el a\u00f1o 2000 hasta la actualidad  es Coordinadora de los Servicios Jur\u00eddicos de CC.OO. de Asturias.<\/p>\n","protected":false},"excerpt":{"rendered":"<p>Coordinadora Servicios Jur\u00eddicos CC.OO. Asturias Nuria Fern\u00e1ndez Mart\u00ednez es una profesional con una s\u00f3lida formaci\u00f3n en Derecho y una amplia experiencia en el \u00e1mbito laboral. Licenciada en Derecho por la Universidad de Oviedo, de 1993 a 2000 trabaj\u00f3 como abogada en la Uni\u00f3n Comarcal de CC.OO Asturias e Avil\u00e9s, brindando asesoramiento legal y representando a &hellip; <\/p>\n<p class=\"link-more\"><a href=\"https:\/\/www.unioviedo.es\/negocia2\/index.php\/nuria-fernandez-martinez\/\" class=\"more-link\">Continuar leyendo<span class=\"screen-reader-text\"> \u00abNuria Fern\u00e1ndez Mart\u00ednez\u00bb<\/span><\/a><\/p>\n","protected":false},"author":1,"featured_media":0,"parent":0,"menu_order":0,"comment_status":"closed","ping_status":"closed","template":"","meta":{"footnotes":""},"class_list":["post-448","page","type-page","status-publish","hentry"],"_links":{"self":[{"href":"https:\/\/www.unioviedo.es\/negocia2\/index.php\/wp-json\/wp\/v2\/pages\/448","targetHints":{"allow":["GET"]}}],"collection":[{"href":"https:\/\/www.unioviedo.es\/negocia2\/index.php\/wp-json\/wp\/v2\/pages"}],"about":[{"href":"https:\/\/www.unioviedo.es\/negocia2\/index.php\/wp-json\/wp\/v2\/types\/page"}],"author":[{"embeddable":true,"href":"https:\/\/www.unioviedo.es\/negocia2\/index.php\/wp-json\/wp\/v2\/users\/1"}],"replies":[{"embeddable":true,"href":"https:\/\/www.unioviedo.es\/negocia2\/index.php\/wp-json\/wp\/v2\/comments?post=448"}],"version-history":[{"count":3,"href":"https:\/\/www.unioviedo.es\/negocia2\/index.php\/wp-json\/wp\/v2\/pages\/448\/revisions"}],"predecessor-version":[{"id":617,"href":"https:\/\/www.unioviedo.es\/negocia2\/index.php\/wp-json\/wp\/v2\/pages\/448\/revisions\/617"}],"wp:attachment":[{"href":"https:\/\/www.unioviedo.es\/negocia2\/index.php\/wp-json\/wp\/v2\/media?parent=448"}],"curies":[{"name":"wp","href":"https:\/\/api.w.org\/{rel}","templated":true}]}}