{"id":605,"date":"2024-11-28T17:12:58","date_gmt":"2024-11-28T16:12:58","guid":{"rendered":"https:\/\/www.unioviedo.es\/negocia2\/?page_id=605"},"modified":"2024-11-28T17:15:09","modified_gmt":"2024-11-28T16:15:09","slug":"aranzazu-fatima-roldan-martinez","status":"publish","type":"page","link":"https:\/\/www.unioviedo.es\/negocia2\/index.php\/aranzazu-fatima-roldan-martinez\/","title":{"rendered":"Aranzazu F\u00e1tima Rold\u00e1n Mart\u00ednez"},"content":{"rendered":"\n<p>Profesora Ayudante Doctor\/a de Derecho del Trabajo y de la S.S. Universidad de Alcal\u00e1<\/p>\n\n\n\n<figure class=\"wp-block-image size-full is-resized\"><img loading=\"lazy\" decoding=\"async\" width=\"1000\" height=\"1000\" src=\"https:\/\/www.unioviedo.es\/negocia2\/wp-content\/uploads\/2024\/11\/Foto-Aranzazu-Roldan-1.jpg\" alt=\"\" class=\"wp-image-606\" style=\"width:344px;height:auto\" srcset=\"https:\/\/www.unioviedo.es\/negocia2\/wp-content\/uploads\/2024\/11\/Foto-Aranzazu-Roldan-1.jpg 1000w, https:\/\/www.unioviedo.es\/negocia2\/wp-content\/uploads\/2024\/11\/Foto-Aranzazu-Roldan-1-300x300.jpg 300w, https:\/\/www.unioviedo.es\/negocia2\/wp-content\/uploads\/2024\/11\/Foto-Aranzazu-Roldan-1-150x150.jpg 150w, https:\/\/www.unioviedo.es\/negocia2\/wp-content\/uploads\/2024\/11\/Foto-Aranzazu-Roldan-1-768x768.jpg 768w, https:\/\/www.unioviedo.es\/negocia2\/wp-content\/uploads\/2024\/11\/Foto-Aranzazu-Roldan-1-100x100.jpg 100w\" sizes=\"auto, (max-width: 767px) 89vw, (max-width: 1000px) 54vw, (max-width: 1071px) 543px, 580px\" \/><\/figure>\n\n\n\n<p>La doctora Rold\u00e1n Mart\u00ednez es Licenciada y Doctora en Derecho por la Universidad Complutense de Madrid, con 32 a\u00f1os de experiencia docente en Derecho del Trabajo y de la Seguridad Social, habiendo impartido clases en programas de grado, posgrado y doctorado. Ha desarrollado su labor acad\u00e9mica en instituciones como el Centro Universitario Villanueva, la Universidad Europea de Madrid y la Universidad a Distancia de Madrid. Actualmente, es profesora ayudante doctora en la Universidad de Alcal\u00e1. Su trayectoria est\u00e1 avalada por la acreditaci\u00f3n de la ANECA como profesora Titular y el reconocimiento de tres sexenios de investigaci\u00f3n por la CNEAI.<\/p>\n\n\n\n<p>Como investigadora, ha participado en m\u00e1s de once proyectos competitivos, abordando temas como la negociaci\u00f3n colectiva, la igualdad de g\u00e9nero, las reestructuraciones empresariales y las nuevas tecnolog\u00edas. Asimismo, ha colaborado en contratos de investigaci\u00f3n con administraciones p\u00fablicas y ha realizado contribuciones relevantes en debates sobre pol\u00edticas laborales y sociales.<\/p>\n\n\n\n<p>Su producci\u00f3n cient\u00edfica comprende 61 art\u00edculos en revistas de prestigio y 34 cap\u00edtulos en obras colectivas. Entre sus principales aportaciones destacan los estudios sobre la eficacia y estructura de los convenios colectivos, derechos de conciliaci\u00f3n, comisiones ad hoc, relaciones laborales especiales, igualdad en el \u00e1mbito laboral, derechos fundamentales inespec\u00edficos, prestaciones de Seguridad social, as\u00ed como el impacto de las reformas laborales en los derechos de los trabajadores.<\/p>\n","protected":false},"excerpt":{"rendered":"<p>Profesora Ayudante Doctor\/a de Derecho del Trabajo y de la S.S. Universidad de Alcal\u00e1 La doctora Rold\u00e1n Mart\u00ednez es Licenciada y Doctora en Derecho por la Universidad Complutense de Madrid, con 32 a\u00f1os de experiencia docente en Derecho del Trabajo y de la Seguridad Social, habiendo impartido clases en programas de grado, posgrado y doctorado. &hellip; <\/p>\n<p class=\"link-more\"><a href=\"https:\/\/www.unioviedo.es\/negocia2\/index.php\/aranzazu-fatima-roldan-martinez\/\" class=\"more-link\">Continuar leyendo<span class=\"screen-reader-text\"> \u00abAranzazu F\u00e1tima Rold\u00e1n Mart\u00ednez\u00bb<\/span><\/a><\/p>\n","protected":false},"author":1,"featured_media":0,"parent":0,"menu_order":0,"comment_status":"closed","ping_status":"closed","template":"","meta":{"footnotes":""},"class_list":["post-605","page","type-page","status-publish","hentry"],"_links":{"self":[{"href":"https:\/\/www.unioviedo.es\/negocia2\/index.php\/wp-json\/wp\/v2\/pages\/605","targetHints":{"allow":["GET"]}}],"collection":[{"href":"https:\/\/www.unioviedo.es\/negocia2\/index.php\/wp-json\/wp\/v2\/pages"}],"about":[{"href":"https:\/\/www.unioviedo.es\/negocia2\/index.php\/wp-json\/wp\/v2\/types\/page"}],"author":[{"embeddable":true,"href":"https:\/\/www.unioviedo.es\/negocia2\/index.php\/wp-json\/wp\/v2\/users\/1"}],"replies":[{"embeddable":true,"href":"https:\/\/www.unioviedo.es\/negocia2\/index.php\/wp-json\/wp\/v2\/comments?post=605"}],"version-history":[{"count":4,"href":"https:\/\/www.unioviedo.es\/negocia2\/index.php\/wp-json\/wp\/v2\/pages\/605\/revisions"}],"predecessor-version":[{"id":610,"href":"https:\/\/www.unioviedo.es\/negocia2\/index.php\/wp-json\/wp\/v2\/pages\/605\/revisions\/610"}],"wp:attachment":[{"href":"https:\/\/www.unioviedo.es\/negocia2\/index.php\/wp-json\/wp\/v2\/media?parent=605"}],"curies":[{"name":"wp","href":"https:\/\/api.w.org\/{rel}","templated":true}]}}