{"id":155,"date":"2017-03-29T17:59:39","date_gmt":"2017-03-29T17:59:39","guid":{"rendered":"http:\/\/www.unioviedo.es\/percebes\/?page_id=155"},"modified":"2019-07-04T09:05:03","modified_gmt":"2019-07-04T09:05:03","slug":"local","status":"publish","type":"page","link":"https:\/\/www.unioviedo.es\/percebes\/local\/","title":{"rendered":"News"},"content":{"rendered":"<p><a class=\"twitter-timeline\" href=\"https:\/\/twitter.com\/PercebeSproject?ref_src=twsrc%5Etfw\">Tweets by PercebeSproject<\/a> <script async src=\"https:\/\/platform.twitter.com\/widgets.js\" charset=\"utf-8\"><\/script><\/p>\n<p>&nbsp;<\/p>\n<p>Noticias de prensa<\/p>\n<ul>\n<li><a href=\"https:\/\/www.unioviedo.es\/percebes\/category\/portugues\/\"><img loading=\"lazy\" decoding=\"async\" class=\"wp-image-178 alignnone\" src=\"http:\/\/www.unioviedo.es\/percebes\/wp-content\/uploads\/2017\/03\/portugueseflag-150x150.png\" alt=\"\" width=\"34\" height=\"34\" srcset=\"https:\/\/www.unioviedo.es\/percebes\/wp-content\/uploads\/2017\/03\/portugueseflag-150x150.png 150w, https:\/\/www.unioviedo.es\/percebes\/wp-content\/uploads\/2017\/03\/portugueseflag.png 240w\" sizes=\"auto, (max-width: 34px) 100vw, 34px\" \/><\/a><a href=\"https:\/\/www.unioviedo.es\/percebes\/category\/portugues\/\">Not\u00edcias de projeto PERCEBES em <strong>Portugu\u00eas<\/strong><\/a><\/li>\n<li><a href=\"https:\/\/www.unioviedo.es\/percebes\/category\/francais\/\"><img loading=\"lazy\" decoding=\"async\" class=\"wp-image-179 alignnone\" src=\"http:\/\/www.unioviedo.es\/percebes\/wp-content\/uploads\/2017\/03\/frenchflag-150x150.png\" alt=\"\" width=\"33\" height=\"33\" srcset=\"https:\/\/www.unioviedo.es\/percebes\/wp-content\/uploads\/2017\/03\/frenchflag-150x150.png 150w, https:\/\/www.unioviedo.es\/percebes\/wp-content\/uploads\/2017\/03\/frenchflag.png 240w\" sizes=\"auto, (max-width: 33px) 100vw, 33px\" \/><\/a><a href=\"https:\/\/www.unioviedo.es\/percebes\/category\/francais\/\">Nouvelles du projet PERCEBES en <strong>Fran\u00e7ais<\/strong><\/a><\/li>\n<li><strong><a href=\"https:\/\/www.unioviedo.es\/percebes\/category\/espanol\/\"><img loading=\"lazy\" decoding=\"async\" class=\"wp-image-180 alignnone\" src=\"http:\/\/www.unioviedo.es\/percebes\/wp-content\/uploads\/2017\/03\/spanishflag-150x150.png\" alt=\"\" width=\"33\" height=\"33\" srcset=\"https:\/\/www.unioviedo.es\/percebes\/wp-content\/uploads\/2017\/03\/spanishflag-150x150.png 150w, https:\/\/www.unioviedo.es\/percebes\/wp-content\/uploads\/2017\/03\/spanishflag.png 240w\" sizes=\"auto, (max-width: 33px) 100vw, 33px\" \/><\/a><\/strong><a href=\"https:\/\/www.unioviedo.es\/percebes\/category\/espanol\/\">Noticias del proyecto PERCEBES en <strong>Espa\u00f1ol<\/strong><\/a><\/li>\n<li><a href=\"https:\/\/www.unioviedo.es\/percebes\/category\/english\/\"><img loading=\"lazy\" decoding=\"async\" class=\"wp-image-181 alignnone\" src=\"http:\/\/www.unioviedo.es\/percebes\/wp-content\/uploads\/2017\/03\/ukflag-150x150.png\" alt=\"\" width=\"31\" height=\"31\" srcset=\"https:\/\/www.unioviedo.es\/percebes\/wp-content\/uploads\/2017\/03\/ukflag-150x150.png 150w, https:\/\/www.unioviedo.es\/percebes\/wp-content\/uploads\/2017\/03\/ukflag.png 240w\" sizes=\"auto, (max-width: 31px) 100vw, 31px\" \/><\/a><a href=\"https:\/\/www.unioviedo.es\/percebes\/category\/english\/\"><span lang=\"en\">PERCEBES Project News in <strong>English<\/strong><\/span><\/a><\/li>\n<\/ul>\n<pre class=\"tw-data-text tw-ta tw-text-medium\" dir=\"ltr\" data-placeholder=\"Traducci\u00f3n\" data-fulltext=\"\"><\/pre>\n<pre id=\"tw-target-text\" class=\"tw-data-text tw-ta tw-text-medium\" dir=\"ltr\" data-placeholder=\"Traducci\u00f3n\" data-fulltext=\"\"><\/pre>\n","protected":false},"excerpt":{"rendered":"<p>Tweets by PercebeSproject &nbsp; Noticias de prensa Not\u00edcias de projeto PERCEBES em Portugu\u00eas Nouvelles du projet PERCEBES en Fran\u00e7ais Noticias del proyecto PERCEBES en Espa\u00f1ol PERCEBES Project News in English<\/p>\n","protected":false},"author":1,"featured_media":0,"parent":0,"menu_order":0,"comment_status":"closed","ping_status":"closed","template":"","meta":{"footnotes":""},"class_list":["post-155","page","type-page","status-publish","hentry"],"_links":{"self":[{"href":"https:\/\/www.unioviedo.es\/percebes\/wp-json\/wp\/v2\/pages\/155","targetHints":{"allow":["GET"]}}],"collection":[{"href":"https:\/\/www.unioviedo.es\/percebes\/wp-json\/wp\/v2\/pages"}],"about":[{"href":"https:\/\/www.unioviedo.es\/percebes\/wp-json\/wp\/v2\/types\/page"}],"author":[{"embeddable":true,"href":"https:\/\/www.unioviedo.es\/percebes\/wp-json\/wp\/v2\/users\/1"}],"replies":[{"embeddable":true,"href":"https:\/\/www.unioviedo.es\/percebes\/wp-json\/wp\/v2\/comments?post=155"}],"version-history":[{"count":26,"href":"https:\/\/www.unioviedo.es\/percebes\/wp-json\/wp\/v2\/pages\/155\/revisions"}],"predecessor-version":[{"id":166,"href":"https:\/\/www.unioviedo.es\/percebes\/wp-json\/wp\/v2\/pages\/155\/revisions\/166"}],"wp:attachment":[{"href":"https:\/\/www.unioviedo.es\/percebes\/wp-json\/wp\/v2\/media?parent=155"}],"curies":[{"name":"wp","href":"https:\/\/api.w.org\/{rel}","templated":true}]}}