{"id":96,"date":"2017-03-16T10:34:21","date_gmt":"2017-03-16T10:34:21","guid":{"rendered":"http:\/\/www.unioviedo.es\/percebes\/?page_id=96"},"modified":"2017-03-29T21:02:05","modified_gmt":"2017-03-29T21:02:05","slug":"experimental-sites","status":"publish","type":"page","link":"https:\/\/www.unioviedo.es\/percebes\/experimental-sites\/","title":{"rendered":"experimental sites"},"content":{"rendered":"<p><img loading=\"lazy\" decoding=\"async\" class=\"alignnone size-medium wp-image-206 aligncenter\" src=\"http:\/\/www.unioviedo.es\/percebes\/wp-content\/uploads\/2017\/03\/mapa-1-227x300.png\" alt=\"\" width=\"227\" height=\"300\" srcset=\"https:\/\/www.unioviedo.es\/percebes\/wp-content\/uploads\/2017\/03\/mapa-1-227x300.png 227w, https:\/\/www.unioviedo.es\/percebes\/wp-content\/uploads\/2017\/03\/mapa-1.png 506w\" sizes=\"auto, (max-width: 227px) 100vw, 227px\" \/><\/p>\n<ol>\n<li><strong>\u00a0ALE<\/strong>: Alentejo (SW Portugal): Alentejo e Costa Vicentina (SW Portugal): Coastal stripe and coastal islands situated between 37\u00b058\u2019N and 36\u00b059\u2019W. Contains the following Natura 2000 sites: COSTA SUDOESTE SIC (PTCON0012) and COSTA SUDOESTE ZPE (PTZPE0015) (also part of the <em>Parque Natural do Sudoeste Alentejano e Costa Vicentina, PNSACV<\/em>).<\/li>\n<li><strong>AGA:<\/strong> Atlantic Galicia (NW Spain). This coast is situated between 43\u00ba26&#8217;N and 41\u00ba52&#8242; N contains the following Natura 2000 sites: Illas C\u00edes SCI-SPA (ES0000001), Complexo Ons-Grove SCI (ES1140004), Complexo H\u00famido de Corrubedo SCI (ES1110006) (also part of the <em>Parque Nacional Mar\u00edtimo-Terrestre<\/em> de las Islas Atl\u00e1nticas de Galicia), the Illas Estelas SCI (ES1140012) and the Costa da Vela SCI (ES1140010), Espacio marino de las Rias Baixas de Galicia SPA (ES0000499), Monte Lagoa de Louro SCI (ES1110012), Carnota-Monte Pindo SCI (ES1110008), Costa da Morte SCI (ES1110005) and Espacio marino de la Costa da Morte SPA (ES 0000497).<\/li>\n<li><strong>WAS:<\/strong> West Coast of Asturias (N Spain). This stripe of coast is situated situated between 5\u00ba 50&#8242; W and 7\u00ba 0&#8242; W contains or is close to the following Natura 2000 sites: Cabo Busto-Luanco SCI (ES 1200055), the Cabo Busto-Luanco SPA (ES 0000318), Ca\u00f1\u00f3n de Avil\u00e9s SCI (ESZZ12003; recently poposed as SCI by Spain) and\u00a0 Cabo Pe\u00f1as SPA (ES0000494).<\/li>\n<li><strong>SBRI<\/strong>: South Brittany (North of the Bay of Biscay, France). Coastal stripe and coastal islands situated between 2\u00b020\u2019W and 5\u00b020\u2019W. This study area forms probably one cohesive unit in terms of available suitable habitats and connectivity. Contains the following Natura 200 sites: Iroise marine park, the SAC Chauss\u00e9e de Sein (FR53022007), the SAC Archipel des Gl\u00e9nan (FR5300023), the SAC Roches de Penmarch (FR5302008), the SAC Dune et C\u00f4te de Tr\u00e9vignon (FR5300049), the SAC Ile de Groix (FR5300031) and the SAC Belle-Ile (FR5300032).<\/li>\n<\/ol>\n","protected":false},"excerpt":{"rendered":"<p>\u00a0ALE: Alentejo (SW Portugal): Alentejo e Costa Vicentina (SW Portugal): Coastal stripe and coastal islands situated between 37\u00b058\u2019N and 36\u00b059\u2019W. Contains the following Natura 2000 sites: COSTA SUDOESTE SIC (PTCON0012) and COSTA SUDOESTE ZPE (PTZPE0015) (also part of the Parque Natural do Sudoeste Alentejano e Costa Vicentina, PNSACV). AGA: Atlantic Galicia (NW Spain). This coast\u2026 <span class=\"read-more\"><a href=\"https:\/\/www.unioviedo.es\/percebes\/experimental-sites\/\">Read More &raquo;<\/a><\/span><\/p>\n","protected":false},"author":1,"featured_media":0,"parent":0,"menu_order":0,"comment_status":"closed","ping_status":"closed","template":"","meta":{"footnotes":""},"class_list":["post-96","page","type-page","status-publish","hentry"],"_links":{"self":[{"href":"https:\/\/www.unioviedo.es\/percebes\/wp-json\/wp\/v2\/pages\/96","targetHints":{"allow":["GET"]}}],"collection":[{"href":"https:\/\/www.unioviedo.es\/percebes\/wp-json\/wp\/v2\/pages"}],"about":[{"href":"https:\/\/www.unioviedo.es\/percebes\/wp-json\/wp\/v2\/types\/page"}],"author":[{"embeddable":true,"href":"https:\/\/www.unioviedo.es\/percebes\/wp-json\/wp\/v2\/users\/1"}],"replies":[{"embeddable":true,"href":"https:\/\/www.unioviedo.es\/percebes\/wp-json\/wp\/v2\/comments?post=96"}],"version-history":[{"count":6,"href":"https:\/\/www.unioviedo.es\/percebes\/wp-json\/wp\/v2\/pages\/96\/revisions"}],"predecessor-version":[{"id":207,"href":"https:\/\/www.unioviedo.es\/percebes\/wp-json\/wp\/v2\/pages\/96\/revisions\/207"}],"wp:attachment":[{"href":"https:\/\/www.unioviedo.es\/percebes\/wp-json\/wp\/v2\/media?parent=96"}],"curies":[{"name":"wp","href":"https:\/\/api.w.org\/{rel}","templated":true}]}}