{"id":108,"date":"2024-10-03T13:47:52","date_gmt":"2024-10-03T11:47:52","guid":{"rendered":"https:\/\/www.unioviedo.es\/physalia\/?page_id=108"},"modified":"2026-04-15T12:37:14","modified_gmt":"2026-04-15T10:37:14","slug":"miembros","status":"publish","type":"page","link":"https:\/\/www.unioviedo.es\/physalia\/miembros\/","title":{"rendered":"Members"},"content":{"rendered":"\n<div class=\"wp-block-group alignfull\" style=\"margin-top:0;margin-bottom:0;padding-top:var(--wp--preset--spacing--50);padding-right:var(--wp--preset--spacing--50);padding-bottom:var(--wp--preset--spacing--50);padding-left:var(--wp--preset--spacing--50)\"><div class=\"wp-block-group__inner-container is-layout-constrained wp-container-core-group-is-layout-2bafd31c wp-block-group-is-layout-constrained\">\n<div class=\"wp-block-group is-vertical is-content-justification-center is-layout-flex wp-container-core-group-is-layout-4b2eccd6 wp-block-group-is-layout-flex\">\n<h2 class=\"wp-block-heading has-text-align-center has-xx-large-font-size\">Meet our team<\/h2>\n\n\n\n<div class=\"wp-block-group\"><div class=\"wp-block-group__inner-container is-layout-constrained wp-block-group-is-layout-constrained\">\n<p class=\"has-text-align-center\">PHYSALIA is a multidisciplinary project in which oceanographers, engineers, evolutionary ecologists and modellers work together to understand how ocean surface currents and winds shape the ecology and evolution of the dangerous siphonophore <em>Physalia physalis<\/em> (Portuguese Man\u2019O\u2019War, PMW) from local to biogeographical scales.<\/p>\n<\/div><\/div>\n<\/div>\n\n\n\n<div style=\"height:35px\" aria-hidden=\"true\" class=\"wp-block-spacer\"><\/div>\n\n\n\n<div class=\"wp-block-group\"><div class=\"wp-block-group__inner-container is-layout-constrained wp-block-group-is-layout-constrained\">\n<blockquote class=\"wp-block-quote is-layout-flow wp-block-quote-is-layout-flow\">\n<div class=\"wp-block-group\"><div class=\"wp-block-group__inner-container is-layout-constrained wp-block-group-is-layout-constrained\">\n<div class=\"wp-block-group is-nowrap is-layout-flex wp-container-core-group-is-layout-ad2f72ca wp-block-group-is-layout-flex\">\n<figure class=\"wp-block-image size-full is-resized\"><img loading=\"lazy\" decoding=\"async\" width=\"719\" height=\"517\" src=\"https:\/\/www.unioviedo.es\/physalia\/wp-content\/uploads\/2024\/10\/Logo-Universidad-de-Oviedo-bn-izquierda2020-copia2-4.png\" alt=\"\" class=\"wp-image-257\" style=\"aspect-ratio:1.3907210732252655;width:91px;height:auto\" srcset=\"https:\/\/www.unioviedo.es\/physalia\/wp-content\/uploads\/2024\/10\/Logo-Universidad-de-Oviedo-bn-izquierda2020-copia2-4.png 719w, https:\/\/www.unioviedo.es\/physalia\/wp-content\/uploads\/2024\/10\/Logo-Universidad-de-Oviedo-bn-izquierda2020-copia2-4-300x216.png 300w\" sizes=\"auto, (max-width: 719px) 100vw, 719px\" \/><\/figure>\n\n\n\n<h2 class=\"wp-block-heading\">University of Oviedo<\/h2>\n<\/div>\n\n\n\n<div class=\"wp-block-group\"><div class=\"wp-block-group__inner-container is-layout-constrained wp-block-group-is-layout-constrained\">\n<ul class=\"wp-block-list\">\n<li><strong>Jos\u00e9 Luis Acu\u00f1a Fern\u00e1ndez<\/strong>. Coordinator<\/li>\n\n\n\n<li><strong>Jos\u00e9 Manuel Rico Ord\u00e1s<\/strong>. Research Team<\/li>\n\n\n\n<li><strong>Nicol\u00e1s Weidberg L\u00f3pez<\/strong>. Research Team<\/li>\n\n\n\n<li><strong>Jes\u00fas \u00c1ngel Garc\u00eda Maza<\/strong>. Research Team<\/li>\n\n\n\n<li><strong>Deva Men\u00e9ndez Tele\u00f1a<\/strong>. Research Team<\/li>\n\n\n\n<li><strong>Ver\u00f3nica Soto L\u00f3pez<\/strong>. Research Team<\/li>\n\n\n\n<li><strong>Ram\u00f3n Rubio Garc\u00eda<\/strong>. Reserarch Team<\/li>\n\n\n\n<li><strong>Gemma Cape\u00e1ns&nbsp;Garc\u00eda<\/strong>. Research Team. PhD student<\/li>\n\n\n\n<li><strong>Yago Iv\u00e1n Baraga\u00f1o<\/strong>. Research Team. PhD student<\/li>\n\n\n\n<li><strong>Mario Cabrera Lavara<\/strong>. MSc student<\/li>\n\n\n\n<li><strong>Carlos Guardado Fern\u00e1ndez<\/strong>. Work Team<\/li>\n<\/ul>\n<\/div><\/div>\n<\/div><\/div>\n<\/blockquote>\n<\/div><\/div>\n<\/div><\/div>\n\n\n\n<div style=\"height:24px\" aria-hidden=\"true\" class=\"wp-block-spacer\"><\/div>\n\n\n\n<blockquote class=\"wp-block-quote is-layout-flow wp-block-quote-is-layout-flow\">\n<div class=\"wp-block-group\"><div class=\"wp-block-group__inner-container is-layout-constrained wp-block-group-is-layout-constrained\">\n<div class=\"wp-block-group is-nowrap is-layout-flex wp-container-core-group-is-layout-ad2f72ca wp-block-group-is-layout-flex\">\n<figure class=\"wp-block-image size-large is-resized\"><img loading=\"lazy\" decoding=\"async\" width=\"1007\" height=\"1024\" src=\"https:\/\/www.unioviedo.es\/physalia\/wp-content\/uploads\/2024\/10\/logo_ulpgc_vertical_acronimo_2t-2-1007x1024.jpg\" alt=\"\" class=\"wp-image-263\" style=\"aspect-ratio:0.983399209486166;width:114px;height:auto\" srcset=\"https:\/\/www.unioviedo.es\/physalia\/wp-content\/uploads\/2024\/10\/logo_ulpgc_vertical_acronimo_2t-2-1007x1024.jpg 1007w, https:\/\/www.unioviedo.es\/physalia\/wp-content\/uploads\/2024\/10\/logo_ulpgc_vertical_acronimo_2t-2-295x300.jpg 295w, https:\/\/www.unioviedo.es\/physalia\/wp-content\/uploads\/2024\/10\/logo_ulpgc_vertical_acronimo_2t-2-768x781.jpg 768w, https:\/\/www.unioviedo.es\/physalia\/wp-content\/uploads\/2024\/10\/logo_ulpgc_vertical_acronimo_2t-2.jpg 1180w\" sizes=\"auto, (max-width: 1007px) 100vw, 1007px\" \/><\/figure>\n\n\n\n<h2 class=\"wp-block-heading\">University of Las Palmas De Gran Canaria<\/h2>\n<\/div>\n\n\n\n<ul class=\"wp-block-list\">\n<li><strong><strong>May G\u00f3mez Cabrera<\/strong><\/strong>. Coordinator<\/li>\n\n\n\n<li><strong>Jorge Cabrera G\u00e1mez<\/strong>. Principal investigator<\/li>\n\n\n\n<li><strong>Antonio C. Dom\u00ednguez Brito<\/strong>. Research Team<\/li>\n\n\n\n<li><strong>Alicia Herrera Ulibarri<\/strong>. Work Team<\/li>\n\n\n\n<li><strong>Ico Mart\u00ednez S\u00e1nchez<\/strong>. Work Team<\/li>\n\n\n\n<li><strong>\u00c1lvaro Torres G\u00f3mez<\/strong>. Work Team<\/li>\n\n\n\n<li><strong><strong>Anna Cunill S\u00e1ez<\/strong><\/strong>. Work Team<\/li>\n<\/ul>\n<\/div><\/div>\n<\/blockquote>\n\n\n\n<div style=\"height:23px\" aria-hidden=\"true\" class=\"wp-block-spacer\"><\/div>\n\n\n\n<div class=\"wp-block-group\"><div class=\"wp-block-group__inner-container is-layout-constrained wp-block-group-is-layout-constrained\">\n<blockquote class=\"wp-block-quote is-layout-flow wp-block-quote-is-layout-flow\">\n<div class=\"wp-block-group is-nowrap is-layout-flex wp-container-core-group-is-layout-ad2f72ca wp-block-group-is-layout-flex\">\n<figure class=\"wp-block-image size-full\"><img loading=\"lazy\" decoding=\"async\" width=\"180\" height=\"180\" src=\"https:\/\/www.unioviedo.es\/physalia\/wp-content\/uploads\/2024\/10\/ICMANLOGO2.png\" alt=\"\" class=\"wp-image-266\" srcset=\"https:\/\/www.unioviedo.es\/physalia\/wp-content\/uploads\/2024\/10\/ICMANLOGO2.png 180w, https:\/\/www.unioviedo.es\/physalia\/wp-content\/uploads\/2024\/10\/ICMANLOGO2-150x150.png 150w\" sizes=\"auto, (max-width: 180px) 100vw, 180px\" \/><\/figure>\n\n\n\n<h2 class=\"wp-block-heading\">Institute of Marine Sciences in Andalucia (ICMAN &#8211; CSIC)<\/h2>\n<\/div>\n\n\n\n<ul class=\"wp-block-list\">\n<li><strong><strong>Laura Prieto Galvez<\/strong><\/strong>. Coordinator<\/li>\n\n\n\n<li><strong>Javier Ruiz<\/strong>. Research Team<\/li>\n\n\n\n<li><strong>Susana Rodr\u00edguez<\/strong>. Research Team<\/li>\n\n\n\n<li><strong>Ra\u00fal Garc\u00eda<\/strong>. Research Team<\/li>\n\n\n\n<li><strong>Mar\u00eda Ferrer<\/strong>. Research Team<\/li>\n\n\n\n<li><strong>Itziar \u00c1lvarez Trasobares<\/strong>. Work Team<\/li>\n\n\n\n<li><strong>Manuel Le\u00f3n<\/strong>. Work Team<\/li>\n\n\n\n<li><strong>Antonio Moreno<\/strong>. Work Team<\/li>\n<\/ul>\n<\/blockquote>\n<\/div><\/div>\n\n\n\n<div style=\"height:23px\" aria-hidden=\"true\" class=\"wp-block-spacer\"><\/div>\n\n\n\n<div class=\"wp-block-group\"><div class=\"wp-block-group__inner-container is-layout-constrained wp-block-group-is-layout-constrained\">\n<blockquote class=\"wp-block-quote is-layout-flow wp-block-quote-is-layout-flow\">\n<div class=\"wp-block-group is-nowrap is-layout-flex wp-container-core-group-is-layout-ad2f72ca wp-block-group-is-layout-flex\">\n<figure class=\"wp-block-image size-full is-resized is-style-rounded\"><img loading=\"lazy\" decoding=\"async\" width=\"350\" height=\"213\" src=\"https:\/\/www.unioviedo.es\/physalia\/wp-content\/uploads\/2024\/10\/IEO-logo.jpg\" alt=\"\" class=\"wp-image-275\" style=\"aspect-ratio:1;object-fit:cover;width:98px;height:auto\" srcset=\"https:\/\/www.unioviedo.es\/physalia\/wp-content\/uploads\/2024\/10\/IEO-logo.jpg 350w, https:\/\/www.unioviedo.es\/physalia\/wp-content\/uploads\/2024\/10\/IEO-logo-300x183.jpg 300w\" sizes=\"auto, (max-width: 350px) 100vw, 350px\" \/><\/figure>\n\n\n\n<h2 class=\"wp-block-heading\">Spanish Institute of Oceanography (IEO &#8211; CSIC)<\/h2>\n<\/div>\n\n\n\n<ul class=\"wp-block-list\">\n<li><strong>Fernando Gonzalez Taboada<\/strong>. Coordinator<\/li>\n\n\n\n<li><strong><strong>\u00c1ngel L\u00f3pez-Urrutia<\/strong><\/strong>. Research Team<\/li>\n\n\n\n<li><strong>I\u00f1aki&nbsp;Huskin<\/strong>. Work Team<\/li>\n\n\n\n<li><strong>Itziar Munuera<\/strong>. Work Team<\/li>\n\n\n\n<li><strong>Alejandro Isla<\/strong>. Work Team<\/li>\n\n\n\n<li><strong>Pili Fern\u00e1ndez Mart\u00edn<\/strong>. Work Team<\/li>\n<\/ul>\n<\/blockquote>\n<\/div><\/div>\n\n\n\n<div style=\"height:23px\" aria-hidden=\"true\" class=\"wp-block-spacer\"><\/div>\n\n\n\n<div class=\"wp-block-group\"><div class=\"wp-block-group__inner-container is-layout-constrained wp-block-group-is-layout-constrained\">\n<blockquote class=\"wp-block-quote is-layout-flow wp-block-quote-is-layout-flow\">\n<div class=\"wp-block-group is-nowrap is-layout-flex wp-container-core-group-is-layout-ad2f72ca wp-block-group-is-layout-flex\">\n<figure class=\"wp-block-image size-full is-resized\"><img loading=\"lazy\" decoding=\"async\" width=\"303\" height=\"234\" src=\"https:\/\/www.unioviedo.es\/physalia\/wp-content\/uploads\/2024\/10\/arizona-state-university-logo-vertical.png\" alt=\"\" class=\"wp-image-291\" style=\"aspect-ratio:1.2947282217306706;width:98px;height:auto\" srcset=\"https:\/\/www.unioviedo.es\/physalia\/wp-content\/uploads\/2024\/10\/arizona-state-university-logo-vertical.png 303w, https:\/\/www.unioviedo.es\/physalia\/wp-content\/uploads\/2024\/10\/arizona-state-university-logo-vertical-300x232.png 300w\" sizes=\"auto, (max-width: 303px) 100vw, 303px\" \/><\/figure>\n\n\n\n<h2 class=\"wp-block-heading\">Arizona State University<\/h2>\n<\/div>\n\n\n\n<ul class=\"wp-block-list\">\n<li><strong><strong>Leocadio Blanco Bercial<\/strong><\/strong>. Work Team<\/li>\n<\/ul>\n<\/blockquote>\n<\/div><\/div>\n\n\n\n<div style=\"height:23px\" aria-hidden=\"true\" class=\"wp-block-spacer\"><\/div>\n\n\n\n<div class=\"wp-block-group\"><div class=\"wp-block-group__inner-container is-layout-constrained wp-block-group-is-layout-constrained\">\n<blockquote class=\"wp-block-quote is-layout-flow wp-block-quote-is-layout-flow\">\n<div class=\"wp-block-group is-nowrap is-layout-flex wp-container-core-group-is-layout-ad2f72ca wp-block-group-is-layout-flex\">\n<figure class=\"wp-block-image size-full is-resized is-style-rounded\"><img loading=\"lazy\" decoding=\"async\" width=\"1648\" height=\"1638\" src=\"https:\/\/www.unioviedo.es\/physalia\/wp-content\/uploads\/2024\/10\/Escudo_PUCV-2016__Perfil-Redes-TW_FB.png\" alt=\"\" class=\"wp-image-295\" style=\"aspect-ratio:1;object-fit:cover;width:120px;height:auto\" srcset=\"https:\/\/www.unioviedo.es\/physalia\/wp-content\/uploads\/2024\/10\/Escudo_PUCV-2016__Perfil-Redes-TW_FB.png 1648w, https:\/\/www.unioviedo.es\/physalia\/wp-content\/uploads\/2024\/10\/Escudo_PUCV-2016__Perfil-Redes-TW_FB-300x298.png 300w, https:\/\/www.unioviedo.es\/physalia\/wp-content\/uploads\/2024\/10\/Escudo_PUCV-2016__Perfil-Redes-TW_FB-1024x1018.png 1024w, https:\/\/www.unioviedo.es\/physalia\/wp-content\/uploads\/2024\/10\/Escudo_PUCV-2016__Perfil-Redes-TW_FB-150x150.png 150w, https:\/\/www.unioviedo.es\/physalia\/wp-content\/uploads\/2024\/10\/Escudo_PUCV-2016__Perfil-Redes-TW_FB-768x763.png 768w, https:\/\/www.unioviedo.es\/physalia\/wp-content\/uploads\/2024\/10\/Escudo_PUCV-2016__Perfil-Redes-TW_FB-1536x1527.png 1536w\" sizes=\"auto, (max-width: 1648px) 100vw, 1648px\" \/><\/figure>\n\n\n\n<h2 class=\"wp-block-heading\">Pontifical Catholic University of Valpara\u00edso<\/h2>\n<\/div>\n\n\n\n<ul class=\"wp-block-list\">\n<li><strong><strong>Juan H\u00f6fer<\/strong><\/strong>. Work Team<\/li>\n<\/ul>\n<\/blockquote>\n<\/div><\/div>\n\n\n\n<div style=\"height:23px\" aria-hidden=\"true\" class=\"wp-block-spacer\"><\/div>\n\n\n\n<div class=\"wp-block-group\"><div class=\"wp-block-group__inner-container is-layout-constrained wp-block-group-is-layout-constrained\">\n<blockquote class=\"wp-block-quote is-layout-flow wp-block-quote-is-layout-flow\">\n<div class=\"wp-block-group is-nowrap is-layout-flex wp-container-core-group-is-layout-ad2f72ca wp-block-group-is-layout-flex\">\n<figure class=\"wp-block-image size-full is-resized is-style-rounded\"><img loading=\"lazy\" decoding=\"async\" width=\"400\" height=\"400\" src=\"https:\/\/www.unioviedo.es\/physalia\/wp-content\/uploads\/2024\/10\/socib-logo.png\" alt=\"\" class=\"wp-image-298\" style=\"object-fit:cover;width:90px;height:auto\" srcset=\"https:\/\/www.unioviedo.es\/physalia\/wp-content\/uploads\/2024\/10\/socib-logo.png 400w, https:\/\/www.unioviedo.es\/physalia\/wp-content\/uploads\/2024\/10\/socib-logo-300x300.png 300w, https:\/\/www.unioviedo.es\/physalia\/wp-content\/uploads\/2024\/10\/socib-logo-150x150.png 150w\" sizes=\"auto, (max-width: 400px) 100vw, 400px\" \/><\/figure>\n\n\n\n<h2 class=\"wp-block-heading\">Balearic Islands Coastal Observing and Forecasting System (SOCIB)<\/h2>\n<\/div>\n\n\n\n<ul class=\"wp-block-list\">\n<li><strong><strong>Melanie Juza<\/strong><\/strong>. Research Team<\/li>\n<\/ul>\n<\/blockquote>\n<\/div><\/div>\n\n\n\n<div style=\"height:23px\" aria-hidden=\"true\" class=\"wp-block-spacer\"><\/div>\n\n\n\n<div class=\"wp-block-group\"><div class=\"wp-block-group__inner-container is-layout-constrained wp-block-group-is-layout-constrained\">\n<blockquote class=\"wp-block-quote is-layout-flow wp-block-quote-is-layout-flow\">\n<div class=\"wp-block-group is-nowrap is-layout-flex wp-container-core-group-is-layout-ad2f72ca wp-block-group-is-layout-flex\">\n<figure class=\"wp-block-image size-full is-resized is-style-rounded\"><img loading=\"lazy\" decoding=\"async\" width=\"367\" height=\"137\" src=\"https:\/\/www.unioviedo.es\/physalia\/wp-content\/uploads\/2024\/10\/jrc_logo.png\" alt=\"\" class=\"wp-image-300\" style=\"aspect-ratio:1;object-fit:cover;width:99px;height:auto\" srcset=\"https:\/\/www.unioviedo.es\/physalia\/wp-content\/uploads\/2024\/10\/jrc_logo.png 367w, https:\/\/www.unioviedo.es\/physalia\/wp-content\/uploads\/2024\/10\/jrc_logo-300x112.png 300w\" sizes=\"auto, (max-width: 367px) 100vw, 367px\" \/><\/figure>\n\n\n\n<h2 class=\"wp-block-heading\">Joint Research Centre (JRC)<\/h2>\n<\/div>\n\n\n\n<ul class=\"wp-block-list\">\n<li><strong><strong>Diego Macias<\/strong><\/strong> <strong>Moy<\/strong>. Work Team<\/li>\n\n\n\n<li><strong><strong>Elisa Garc\u00eda<\/strong><\/strong>. Work Team<\/li>\n<\/ul>\n<\/blockquote>\n<\/div><\/div>\n\n\n\n<div style=\"height:23px\" aria-hidden=\"true\" class=\"wp-block-spacer\"><\/div>\n\n\n\n<div class=\"wp-block-group\"><div class=\"wp-block-group__inner-container is-layout-constrained wp-block-group-is-layout-constrained\">\n<blockquote class=\"wp-block-quote is-layout-flow wp-block-quote-is-layout-flow\">\n<div class=\"wp-block-group is-nowrap is-layout-flex wp-container-core-group-is-layout-ad2f72ca wp-block-group-is-layout-flex\">\n<figure class=\"wp-block-image size-full is-resized\"><img loading=\"lazy\" decoding=\"async\" width=\"249\" height=\"202\" src=\"https:\/\/www.unioviedo.es\/physalia\/wp-content\/uploads\/2026\/02\/Logo_acuario.png\" alt=\"\" class=\"wp-image-556\" style=\"width:103px;height:auto\"\/><\/figure>\n\n\n\n<h2 class=\"wp-block-heading\">BIOPARC Aquarium of Gij\u00f3n<\/h2>\n<\/div>\n\n\n\n<ul class=\"wp-block-list\">\n<li><strong>Susana Acle Olivo<\/strong>. Work Team<\/li>\n<\/ul>\n<\/blockquote>\n<\/div><\/div>\n\n\n\n<div style=\"height:23px\" aria-hidden=\"true\" class=\"wp-block-spacer\"><\/div>\n\n\n\n<p><\/p>\n","protected":false},"excerpt":{"rendered":"<p>Meet our team PHYSALIA is a multidisciplinary project in which oceanographers, engineers, evolutionary ecologists and modellers work together to understand how ocean surface currents and winds shape the ecology and evolution of the dangerous siphonophore Physalia physalis (Portuguese Man\u2019O\u2019War, PMW) &hellip; <a href=\"https:\/\/www.unioviedo.es\/physalia\/miembros\/\">Continue reading <span class=\"meta-nav\">&rarr;<\/span><\/a><\/p>\n","protected":false},"author":1,"featured_media":0,"parent":0,"menu_order":1,"comment_status":"closed","ping_status":"closed","template":"","meta":{"footnotes":""},"class_list":["post-108","page","type-page","status-publish","hentry"],"_links":{"self":[{"href":"https:\/\/www.unioviedo.es\/physalia\/wp-json\/wp\/v2\/pages\/108","targetHints":{"allow":["GET"]}}],"collection":[{"href":"https:\/\/www.unioviedo.es\/physalia\/wp-json\/wp\/v2\/pages"}],"about":[{"href":"https:\/\/www.unioviedo.es\/physalia\/wp-json\/wp\/v2\/types\/page"}],"author":[{"embeddable":true,"href":"https:\/\/www.unioviedo.es\/physalia\/wp-json\/wp\/v2\/users\/1"}],"replies":[{"embeddable":true,"href":"https:\/\/www.unioviedo.es\/physalia\/wp-json\/wp\/v2\/comments?post=108"}],"version-history":[{"count":67,"href":"https:\/\/www.unioviedo.es\/physalia\/wp-json\/wp\/v2\/pages\/108\/revisions"}],"predecessor-version":[{"id":737,"href":"https:\/\/www.unioviedo.es\/physalia\/wp-json\/wp\/v2\/pages\/108\/revisions\/737"}],"wp:attachment":[{"href":"https:\/\/www.unioviedo.es\/physalia\/wp-json\/wp\/v2\/media?parent=108"}],"curies":[{"name":"wp","href":"https:\/\/api.w.org\/{rel}","templated":true}]}}