{"id":123,"date":"2024-10-03T14:01:21","date_gmt":"2024-10-03T12:01:21","guid":{"rendered":"https:\/\/www.unioviedo.es\/physalia\/?page_id=123"},"modified":"2026-02-24T12:26:07","modified_gmt":"2026-02-24T11:26:07","slug":"contacto","status":"publish","type":"page","link":"https:\/\/www.unioviedo.es\/physalia\/contacto\/","title":{"rendered":"Contact"},"content":{"rendered":"\n<h2 class=\"wp-block-heading\"><strong>Project Coordinators<\/strong><\/h2>\n\n\n\n<h3 class=\"wp-block-heading\"><strong>Universidad de Oviedo<\/strong><\/h3>\n\n\n\n<p><strong>Jos\u00e9 Luis Acu\u00f1a Fern\u00e1ndez<\/strong><br>\u2709\ufe0f acuna@uniovi.es<br>\ud83d\udcde +34 985 10 4792<\/p>\n\n\n\n<h3 class=\"wp-block-heading\"><strong>Universidad de Las Palmas de Gran Canaria<\/strong><\/h3>\n\n\n\n<p><strong>May G\u00f3mez Cabrera<\/strong><br>\u2709\ufe0f may.gomez@ulpgc.es<br>\ud83d\udcde +34 928 45 98 28<\/p>\n\n\n\n<h3 class=\"wp-block-heading\"><strong>Instituto de Ciencias Marinas de Andaluc\u00eda (ICMAN\u2011CSIC)<\/strong><\/h3>\n\n\n\n<p><strong>Laura Prieto G\u00e1lvez<\/strong><br>\u2709\ufe0f laura.prieto@csic.es<\/p>\n\n\n\n<h3 class=\"wp-block-heading\"><strong>Instituto Espa\u00f1ol de Oceanograf\u00eda (IEO\u2011CSIC)<\/strong><\/h3>\n\n\n\n<p><strong>Fernando Gonz\u00e1lez Taboada<\/strong><br>\u2709\ufe0f fernando.taboada@ieo.csic.es<br>\ud83d\udcde +34 985 30 86 72<\/p>\n","protected":false},"excerpt":{"rendered":"<p>Project Coordinators Universidad de Oviedo Jos\u00e9 Luis Acu\u00f1a Fern\u00e1ndez\u2709\ufe0f acuna@uniovi.es\ud83d\udcde +34 985 10 4792 Universidad de Las Palmas de Gran Canaria May G\u00f3mez Cabrera\u2709\ufe0f may.gomez@ulpgc.es\ud83d\udcde +34 928 45 98 28 Instituto de Ciencias Marinas de Andaluc\u00eda (ICMAN\u2011CSIC) Laura Prieto G\u00e1lvez\u2709\ufe0f &hellip; <a href=\"https:\/\/www.unioviedo.es\/physalia\/contacto\/\">Continue reading <span class=\"meta-nav\">&rarr;<\/span><\/a><\/p>\n","protected":false},"author":1,"featured_media":0,"parent":0,"menu_order":4,"comment_status":"closed","ping_status":"closed","template":"","meta":{"footnotes":""},"class_list":["post-123","page","type-page","status-publish","hentry"],"_links":{"self":[{"href":"https:\/\/www.unioviedo.es\/physalia\/wp-json\/wp\/v2\/pages\/123","targetHints":{"allow":["GET"]}}],"collection":[{"href":"https:\/\/www.unioviedo.es\/physalia\/wp-json\/wp\/v2\/pages"}],"about":[{"href":"https:\/\/www.unioviedo.es\/physalia\/wp-json\/wp\/v2\/types\/page"}],"author":[{"embeddable":true,"href":"https:\/\/www.unioviedo.es\/physalia\/wp-json\/wp\/v2\/users\/1"}],"replies":[{"embeddable":true,"href":"https:\/\/www.unioviedo.es\/physalia\/wp-json\/wp\/v2\/comments?post=123"}],"version-history":[{"count":5,"href":"https:\/\/www.unioviedo.es\/physalia\/wp-json\/wp\/v2\/pages\/123\/revisions"}],"predecessor-version":[{"id":555,"href":"https:\/\/www.unioviedo.es\/physalia\/wp-json\/wp\/v2\/pages\/123\/revisions\/555"}],"wp:attachment":[{"href":"https:\/\/www.unioviedo.es\/physalia\/wp-json\/wp\/v2\/media?parent=123"}],"curies":[{"name":"wp","href":"https:\/\/api.w.org\/{rel}","templated":true}]}}