{"id":106,"date":"2018-02-20T18:37:56","date_gmt":"2018-02-20T18:37:56","guid":{"rendered":"https:\/\/www.unioviedo.es\/poloalimentario\/pawp\/?page_id=106"},"modified":"2018-03-20T15:32:41","modified_gmt":"2018-03-20T15:32:41","slug":"contacto","status":"publish","type":"page","link":"https:\/\/www.unioviedo.es\/poloalimentario\/contacto\/","title":{"rendered":"Contacto"},"content":{"rendered":"<p class=\"western\" style=\"text-align: left;\" align=\"justify\"><span style=\"font-family: Arial, serif;\"><img loading=\"lazy\" decoding=\"async\" class=\"wp-image-216 alignright\" src=\"https:\/\/www.unioviedo.es\/poloalimentario\/pawp\/wp-content\/uploads\/2018\/02\/PoloAlimentario_contacto_foto_02.jpg\" alt=\"\" width=\"287\" height=\"245\" srcset=\"https:\/\/www.unioviedo.es\/poloalimentario\/wp-content\/uploads\/2018\/02\/PoloAlimentario_contacto_foto_02.jpg 460w, https:\/\/www.unioviedo.es\/poloalimentario\/wp-content\/uploads\/2018\/02\/PoloAlimentario_contacto_foto_02-300x256.jpg 300w\" sizes=\"auto, (max-width: 287px) 100vw, 287px\" \/>Edificio Severo Ochoa &#8211; Campus de \u00abEl Cristo\u00bb.<\/span><\/p>\n<p class=\"western\" style=\"text-align: left;\" align=\"justify\"><span style=\"font-family: Arial, serif;\">C\/Fernando Bonguera s\/n. 33006 OVIEDO<\/span><\/p>\n<p class=\"western\" align=\"justify\"><img align=\"left\" hspace=\"13\" vspace=\"6\" \/><\/p>\n<p>&nbsp;<\/p>\n<p class=\"western\" style=\"text-align: left;\" align=\"justify\"><span style=\"font-family: Arial, serif;\">T\u00e9cnico: <strong>Amanda Laca P\u00e9rez<\/strong><\/span><\/p>\n<p class=\"western\" style=\"text-align: left;\" align=\"justify\"><span style=\"font-family: Arial, serif;\"> Investigadora de la Universidad de Oviedo<\/span><\/p>\n<p class=\"western\" style=\"text-align: left;\" align=\"justify\"><span style=\"font-family: Arial, serif;\"> Tel\u00e9fono: <a href=\"tel:985109605\">985 10 53 64<\/a><\/span><\/p>\n<p class=\"western\" style=\"text-align: left;\" align=\"justify\"><span style=\"font-family: Arial, serif;\">Email: <a href=\"mailto:tecnoalimentaria@uniovi.es\">tecnoalimentaria@uniovi.es<\/a><\/span><\/p>\n<p class=\"western\" style=\"text-align: left;\" align=\"justify\"><span style=\"font-family: Arial, serif;\">Responsable: <strong>Manuel Rendueles de la Vega<\/strong><\/span><\/p>\n<p class=\"western\" style=\"text-align: left;\" align=\"justify\"><span style=\"font-family: Arial, serif;\"> Catedr\u00e1tico de Ingenier\u00eda Qu\u00edmica de la Universidad de Oviedo<\/span><\/p>\n<p class=\"western\" style=\"text-align: left;\" align=\"justify\"><span style=\"font-family: Arial, serif;\"> Email: <a href=\"mailto:mrenduel@uniovi.es\">mrenduel@uniovi.es<\/a><\/span><\/p>\n<p><iframe loading=\"lazy\" style=\"border: 0;\" src=\"https:\/\/www.google.com\/maps\/embed?pb=!1m16!1m12!1m3!1d6334.513158089855!2d-5.874456535703805!3d43.35478158086041!2m3!1f0!2f0!3f0!3m2!1i1024!2i768!4f13.1!2m1!1sEdificio+Severo+Ochoa+-+Campus+del+Cristo%22+oviedo!5e0!3m2!1ses!2ses!4v1519835547805\" width=\"600\" height=\"450\" frameborder=\"0\" allowfullscreen=\"allowfullscreen\"><span data-mce-type=\"bookmark\" style=\"display: inline-block; width: 0px; overflow: hidden; line-height: 0;\" class=\"mce_SELRES_start\">\ufeff<\/span><span data-mce-type=\"bookmark\" style=\"display: inline-block; width: 0px; overflow: hidden; line-height: 0;\" class=\"mce_SELRES_start\">\ufeff<\/span><\/iframe><\/p>\n","protected":false},"excerpt":{"rendered":"<p>Edificio Severo Ochoa &#8211; Campus de \u00abEl Cristo\u00bb. C\/Fernando Bonguera s\/n. 33006 OVIEDO &nbsp; T\u00e9cnico: Amanda Laca P\u00e9rez Investigadora de la Universidad de Oviedo Tel\u00e9fono: 985 10 53 64 Email: tecnoalimentaria@uniovi.es Responsable: Manuel Rendueles de la Vega Catedr\u00e1tico de Ingenier\u00eda Qu\u00edmica de la Universidad de Oviedo Email: mrenduel@uniovi.es \ufeff\ufeff<\/p>\n","protected":false},"author":1,"featured_media":213,"parent":0,"menu_order":0,"comment_status":"closed","ping_status":"closed","template":"","meta":{"footnotes":""},"class_list":["post-106","page","type-page","status-publish","has-post-thumbnail"],"_links":{"self":[{"href":"https:\/\/www.unioviedo.es\/poloalimentario\/wp-json\/wp\/v2\/pages\/106","targetHints":{"allow":["GET"]}}],"collection":[{"href":"https:\/\/www.unioviedo.es\/poloalimentario\/wp-json\/wp\/v2\/pages"}],"about":[{"href":"https:\/\/www.unioviedo.es\/poloalimentario\/wp-json\/wp\/v2\/types\/page"}],"author":[{"embeddable":true,"href":"https:\/\/www.unioviedo.es\/poloalimentario\/wp-json\/wp\/v2\/users\/1"}],"replies":[{"embeddable":true,"href":"https:\/\/www.unioviedo.es\/poloalimentario\/wp-json\/wp\/v2\/comments?post=106"}],"version-history":[{"count":5,"href":"https:\/\/www.unioviedo.es\/poloalimentario\/wp-json\/wp\/v2\/pages\/106\/revisions"}],"predecessor-version":[{"id":322,"href":"https:\/\/www.unioviedo.es\/poloalimentario\/wp-json\/wp\/v2\/pages\/106\/revisions\/322"}],"wp:featuredmedia":[{"embeddable":true,"href":"https:\/\/www.unioviedo.es\/poloalimentario\/wp-json\/wp\/v2\/media\/213"}],"wp:attachment":[{"href":"https:\/\/www.unioviedo.es\/poloalimentario\/wp-json\/wp\/v2\/media?parent=106"}],"curies":[{"name":"wp","href":"https:\/\/api.w.org\/{rel}","templated":true}]}}