{"id":127,"date":"2018-02-21T15:26:39","date_gmt":"2018-02-21T15:26:39","guid":{"rendered":"https:\/\/www.unioviedo.es\/poloalimentario\/pawp\/?page_id=127"},"modified":"2018-03-15T15:43:09","modified_gmt":"2018-03-15T15:43:09","slug":"master-en-gestion-y-desarrollo-de-la-industria-alimentaria","status":"publish","type":"page","link":"https:\/\/www.unioviedo.es\/poloalimentario\/formacion\/master-en-gestion-y-desarrollo-de-la-industria-alimentaria\/","title":{"rendered":"M\u00e1ster en Gesti\u00f3n y Desarrollo de la Industria Alimentaria (MGyDIA)"},"content":{"rendered":"<h2 class=\"western\"><img loading=\"lazy\" decoding=\"async\" class=\"size-full wp-image-128 alignleft\" src=\"https:\/\/www.unioviedo.es\/poloalimentario\/pawp\/wp-content\/uploads\/2018\/02\/logo_mgydia.jpg\" alt=\"\" width=\"347\" height=\"100\" srcset=\"https:\/\/www.unioviedo.es\/poloalimentario\/wp-content\/uploads\/2018\/02\/logo_mgydia.jpg 347w, https:\/\/www.unioviedo.es\/poloalimentario\/wp-content\/uploads\/2018\/02\/logo_mgydia-300x86.jpg 300w\" sizes=\"auto, (max-width: 347px) 100vw, 347px\" \/><\/h2>\n<p class=\"western\" align=\"justify\">El sector alimentario es uno de los sectores m\u00e1s importantes econ\u00f3micamente y en el que se est\u00e1n produciendo cambios muy importantes en la concepci\u00f3n y aplicaci\u00f3n de nuevos desarrollos cient\u00edficos y tecnol\u00f3gicos procedentes de diversos campos. Los retos de este desarrollo cient\u00edfico y tecnol\u00f3gico, en el sector alimentario, son algunos de los m\u00e1s importantes de todos los sectores industriales. Se precisa, por ello, la incentivaci\u00f3n de la investigaci\u00f3n en campos tan diversos como la ingenier\u00eda, la nutrici\u00f3n y bioqu\u00edmica, la econom\u00eda o aspectos de tipo legal.<\/p>\n<p class=\"western\" style=\"text-align: right;\" align=\"justify\"><em><a href=\"https:\/\/www.unioviedo.es\/MGYDIA\/\">Ver web<\/a><\/em><\/p>\n","protected":false},"excerpt":{"rendered":"<p>El sector alimentario es uno de los sectores m\u00e1s importantes econ\u00f3micamente y en el que se est\u00e1n produciendo cambios muy importantes en la concepci\u00f3n y aplicaci\u00f3n de nuevos desarrollos cient\u00edficos y tecnol\u00f3gicos procedentes de diversos campos. Los retos de este desarrollo cient\u00edfico y tecnol\u00f3gico, en el sector alimentario, son algunos de los m\u00e1s importantes de [&hellip;]<\/p>\n","protected":false},"author":1,"featured_media":159,"parent":13,"menu_order":0,"comment_status":"closed","ping_status":"closed","template":"","meta":{"footnotes":""},"class_list":["post-127","page","type-page","status-publish","has-post-thumbnail"],"_links":{"self":[{"href":"https:\/\/www.unioviedo.es\/poloalimentario\/wp-json\/wp\/v2\/pages\/127","targetHints":{"allow":["GET"]}}],"collection":[{"href":"https:\/\/www.unioviedo.es\/poloalimentario\/wp-json\/wp\/v2\/pages"}],"about":[{"href":"https:\/\/www.unioviedo.es\/poloalimentario\/wp-json\/wp\/v2\/types\/page"}],"author":[{"embeddable":true,"href":"https:\/\/www.unioviedo.es\/poloalimentario\/wp-json\/wp\/v2\/users\/1"}],"replies":[{"embeddable":true,"href":"https:\/\/www.unioviedo.es\/poloalimentario\/wp-json\/wp\/v2\/comments?post=127"}],"version-history":[{"count":8,"href":"https:\/\/www.unioviedo.es\/poloalimentario\/wp-json\/wp\/v2\/pages\/127\/revisions"}],"predecessor-version":[{"id":301,"href":"https:\/\/www.unioviedo.es\/poloalimentario\/wp-json\/wp\/v2\/pages\/127\/revisions\/301"}],"up":[{"embeddable":true,"href":"https:\/\/www.unioviedo.es\/poloalimentario\/wp-json\/wp\/v2\/pages\/13"}],"wp:featuredmedia":[{"embeddable":true,"href":"https:\/\/www.unioviedo.es\/poloalimentario\/wp-json\/wp\/v2\/media\/159"}],"wp:attachment":[{"href":"https:\/\/www.unioviedo.es\/poloalimentario\/wp-json\/wp\/v2\/media?parent=127"}],"curies":[{"name":"wp","href":"https:\/\/api.w.org\/{rel}","templated":true}]}}