{"id":13,"date":"2018-02-16T19:21:30","date_gmt":"2018-02-16T19:21:30","guid":{"rendered":"https:\/\/www.unioviedo.es\/poloalimentario\/pawp\/?page_id=13"},"modified":"2018-03-15T15:51:11","modified_gmt":"2018-03-15T15:51:11","slug":"formacion","status":"publish","type":"page","link":"https:\/\/www.unioviedo.es\/poloalimentario\/formacion\/","title":{"rendered":"Formaci\u00f3n"},"content":{"rendered":"<ul>\n<li>\n<h3><a href=\"https:\/\/www.unioviedo.es\/poloalimentario\/pawp\/formacion\/master-en-biotecnologia-alimentaria\/\">M\u00e1ster en Biotecnolog\u00eda Alimentaria (MBtA)<\/a><\/h3>\n<\/li>\n<li>\n<h3><a href=\"https:\/\/www.unioviedo.es\/poloalimentario\/pawp\/formacion\/master-en-gestion-y-desarrollo-de-la-industria-alimentaria\/\">M\u00e1ster en Gesti\u00f3n y Desarrollo de la Industria Alimentaria (MGyDIA)<\/a><\/h3>\n<\/li>\n<li>\n<h3><a href=\"https:\/\/www.unioviedo.es\/poloalimentario\/pawp\/formacion-de-grado\/\">Formaci\u00f3n de Grado<\/a><\/h3>\n<\/li>\n<\/ul>\n","protected":false},"excerpt":{"rendered":"<p>M\u00e1ster en Biotecnolog\u00eda Alimentaria (MBtA) M\u00e1ster en Gesti\u00f3n y Desarrollo de la Industria Alimentaria (MGyDIA) Formaci\u00f3n de Grado<\/p>\n","protected":false},"author":1,"featured_media":145,"parent":0,"menu_order":0,"comment_status":"closed","ping_status":"closed","template":"custom-page.php","meta":{"footnotes":""},"class_list":["post-13","page","type-page","status-publish","has-post-thumbnail"],"_links":{"self":[{"href":"https:\/\/www.unioviedo.es\/poloalimentario\/wp-json\/wp\/v2\/pages\/13","targetHints":{"allow":["GET"]}}],"collection":[{"href":"https:\/\/www.unioviedo.es\/poloalimentario\/wp-json\/wp\/v2\/pages"}],"about":[{"href":"https:\/\/www.unioviedo.es\/poloalimentario\/wp-json\/wp\/v2\/types\/page"}],"author":[{"embeddable":true,"href":"https:\/\/www.unioviedo.es\/poloalimentario\/wp-json\/wp\/v2\/users\/1"}],"replies":[{"embeddable":true,"href":"https:\/\/www.unioviedo.es\/poloalimentario\/wp-json\/wp\/v2\/comments?post=13"}],"version-history":[{"count":3,"href":"https:\/\/www.unioviedo.es\/poloalimentario\/wp-json\/wp\/v2\/pages\/13\/revisions"}],"predecessor-version":[{"id":304,"href":"https:\/\/www.unioviedo.es\/poloalimentario\/wp-json\/wp\/v2\/pages\/13\/revisions\/304"}],"wp:featuredmedia":[{"embeddable":true,"href":"https:\/\/www.unioviedo.es\/poloalimentario\/wp-json\/wp\/v2\/media\/145"}],"wp:attachment":[{"href":"https:\/\/www.unioviedo.es\/poloalimentario\/wp-json\/wp\/v2\/media?parent=13"}],"curies":[{"name":"wp","href":"https:\/\/api.w.org\/{rel}","templated":true}]}}