{"id":207,"date":"2018-02-28T16:15:16","date_gmt":"2018-02-28T16:15:16","guid":{"rendered":"https:\/\/www.unioviedo.es\/poloalimentario\/pawp\/?page_id=207"},"modified":"2020-09-01T09:39:43","modified_gmt":"2020-09-01T09:39:43","slug":"red-estrategica","status":"publish","type":"page","link":"https:\/\/www.unioviedo.es\/poloalimentario\/investigacion\/red-estrategica\/","title":{"rendered":"Red Estrat\u00e9gica de Sostenibilidad Alimentaria"},"content":{"rendered":"\n<p><\/p>\n\n\n\n<p>La Red Estrat\u00e9gica de Sostenibilidad Alimentaria (SOSTALIMEN) se conforma como una red virtual de grupos de investigaci\u00f3n del campo de la sostenibilidad e innovaci\u00f3n en el sector de la alimentaci\u00f3n en Asturias.<\/p>\n\n\n\n<p style=\"background-color:#89929a;text-align:center\" class=\"has-text-color has-background has-medium-font-size has-very-light-gray-color\"><strong><a href=\"https:\/\/www.unioviedo.es\/poloalimentario\/?cat=5\">Ver art\u00edculos de prensa<\/a><\/strong><\/p>\n\n\n\n<p style=\"font-size:25px\"><strong>1. Caracter\u00edsticas\ngenerales<\/strong><\/p>\n\n\n\n<p>Los grupos\nque forman parte de la red, que indican su oferta tecnol\u00f3gica, presentan en\nconjunto las siguientes caracter\u00edsticas globales:<\/p>\n\n\n\n<p class=\"has-medium-font-size\"><strong>Personal Investigador<\/strong><\/p>\n\n\n\n<p>Un total de 186 miembros conforman los grupos de investigaci\u00f3n de la Red, de los cuales el 48% son investigadores pre-doctorales, 45% est\u00e1n en plantilla y el 7% son investigadores post-doctorales.<\/p>\n\n\n\n<div class=\"wp-block-image\"><figure class=\"aligncenter is-resized\"><img loading=\"lazy\" decoding=\"async\" src=\"https:\/\/www.unioviedo.es\/poloalimentario\/wp-content\/uploads\/2020\/07\/Personal-16-07-20.jpg\" alt=\"\" class=\"wp-image-554\" width=\"319\" height=\"307\" srcset=\"https:\/\/www.unioviedo.es\/poloalimentario\/wp-content\/uploads\/2020\/07\/Personal-16-07-20.jpg 539w, https:\/\/www.unioviedo.es\/poloalimentario\/wp-content\/uploads\/2020\/07\/Personal-16-07-20-250x241.jpg 250w\" sizes=\"auto, (max-width: 319px) 100vw, 319px\" \/><\/figure><\/div>\n\n\n\n<p><\/p>\n\n\n\n<p class=\"has-medium-font-size\"><strong>Actividad de los \u00faltimos 5 a\u00f1os<\/strong><\/p>\n\n\n\n<ul class=\"wp-block-list\"><li><strong>Publicaciones<\/strong>: 661 publicaciones de las cuales el 74% son publicaciones indexadas JCR, el 11% libros y documentos t\u00e9cnicos y el 15% publicaciones no indexadas.<\/li><\/ul>\n\n\n\n<div class=\"wp-block-image\"><figure class=\"aligncenter is-resized\"><img loading=\"lazy\" decoding=\"async\" src=\"https:\/\/www.unioviedo.es\/poloalimentario\/wp-content\/uploads\/2020\/07\/Publicaciones-16-07-20.jpg\" alt=\"\" class=\"wp-image-555\" width=\"322\" height=\"326\" srcset=\"https:\/\/www.unioviedo.es\/poloalimentario\/wp-content\/uploads\/2020\/07\/Publicaciones-16-07-20.jpg 514w, https:\/\/www.unioviedo.es\/poloalimentario\/wp-content\/uploads\/2020\/07\/Publicaciones-16-07-20-247x250.jpg 247w\" sizes=\"auto, (max-width: 322px) 100vw, 322px\" \/><\/figure><\/div>\n\n\n\n<ul class=\"wp-block-list\"><li><strong>Tesis doctorales<\/strong>: se presentaron un total de 46.<\/li><li><strong>Proyectos<\/strong>: 239 proyectos de los cuales el 46% es mediante contratos con empresas, el 35% son proyectos del Principado de Asturias, el 13% nacionales y el 6% europeos.<\/li><\/ul>\n\n\n\n<div class=\"wp-block-image\"><figure class=\"aligncenter is-resized\"><img loading=\"lazy\" decoding=\"async\" src=\"https:\/\/www.unioviedo.es\/poloalimentario\/wp-content\/uploads\/2020\/07\/Proyectos-16-07-20.jpg\" alt=\"\" class=\"wp-image-556\" width=\"362\" height=\"329\" srcset=\"https:\/\/www.unioviedo.es\/poloalimentario\/wp-content\/uploads\/2020\/07\/Proyectos-16-07-20.jpg 571w, https:\/\/www.unioviedo.es\/poloalimentario\/wp-content\/uploads\/2020\/07\/Proyectos-16-07-20-250x227.jpg 250w, https:\/\/www.unioviedo.es\/poloalimentario\/wp-content\/uploads\/2020\/07\/Proyectos-16-07-20-570x519.jpg 570w\" sizes=\"auto, (max-width: 362px) 100vw, 362px\" \/><\/figure><\/div>\n\n\n\n<p style=\"font-size:25px\"><strong>2. Informaci\u00f3n de los\nGrupos de Investigaci\u00f3n que forman parte de la Red<\/strong><\/p>\n\n\n\n<p>Se expone a continuaci\u00f3n informaci\u00f3n referente a los grupos\nde investigaci\u00f3n pertenecientes a la RESA. <\/p>\n\n\n\n<table class=\"wp-block-table is-style-regular\"><tbody><tr><td>\n  <strong>GRUPO<\/strong>\n  <\/td><td>\n  <strong>COORDINADOR\/AREA<\/strong>\n  <\/td><td>\n  <strong>EMAIL\n  (web)<\/strong>\n  <\/td><td>\n  <strong>INTER\u00c9S<\/strong>\n  <\/td><td>\n  <strong>OFERTA\n  TECNOL\u00d3GICA<\/strong>\n  <\/td><\/tr><tr><td>  <strong> Aula de   Investigaci\u00f3n sobre recursos naturales   <\/strong><\/td><td>   Eva   Garc\u00eda V\u00e1zquez <br>   Gen\u00e9tica   (UO)   &nbsp;   <\/td><td>   <a href=\"mailto:egv@uniovi.es\">egv@uniovi.es<\/a>   <br><br><a href=\"http:\/\/arena.grupos.uniovi.es\/\">arena.grupos.uniovi.es\/<\/a>   &nbsp;   <\/td><td>\n  Sostenibilidad\n  de recursos acu\u00e1ticos, desde la red a la mesa. Producci\u00f3n sostenible y limpia\n  y trazabilidad de productos pesqueros.\n  <\/td><td>   Desarrollo y aplicaci\u00f3n de herramientas de ADN para la evaluaci\u00f3n,   gesti\u00f3n y trazabilidad en pesca y acuicultura. Bioseguridad alimentaria en   productos pesqueros. An\u00e1lisis de metabarcoding para inventarios de comunidades acu\u00e1ticas. An\u00e1lisis de contaminantes emergentes y micropl\u00e1sticos en productos pesqueros <\/td><\/tr><tr><td>   <strong>Biotecnolog\u00eda   de Nutrac\u00e9uticos y Compuestos Bioactivos  <\/strong> <\/td><td>\n  Felipe\n  Lomb\u00f3 Microbiolog\u00eda (UO)\n  &nbsp;\n  <\/td><td>   <a href=\"mailto:lombofelipe@uniovi.es\">lombofelipe@uniovi.es<\/a> <br> <a href=\"https:\/\/bionuc.grupos.uniovi.es\/\">bionuc.grupos.uniovi.es\/<\/a>   &nbsp;   <\/td><td>\n  Biotecnolog\u00eda\n  de compuestos bioactivos de alimentos (antitumorales, antibi\u00f3ticos,\n  nutrac\u00e9uticos).\n  <\/td><td>   Procesos   biotecnol\u00f3gicos para la producci\u00f3n de nutrac\u00e9uticos y el dise\u00f1o\/fabricaci\u00f3n   de alimentos funcionales. Ensayos precl\u00ednicos y de microbiota intestinal en animales y humanos para alimentos   funcionales de inter\u00e9s en la prevenci\u00f3n de colitis ulcerosa y carcinoma de   colon.   <\/td><\/tr><tr><td><strong>   Derecho   Financiero y Tributario<\/strong>   <\/td><td>Isabel Garc\u00eda-Ovies; Eva Cordero<br> Derecho (UO)<\/td><td>   <a href=\"mailto:igovies@uniovi.es\">igovies@uniovi.es<\/a>  ;  <br>  <a href=\"mailto:ecordero@uniovi.es\">ecordero@uniovi.es<\/a> <br> <a href=\"http:\/\/dft.grupos.uniovi.es\/\">dft.grupos.uniovi.es\/<\/a>   &nbsp;   &nbsp;   <\/td><td>\n  Estudio de la utilizaci\u00f3n del sistema\n  tributario, no con fines primordialmente recaudatorios, sino con\n  fines&nbsp;extrafiscales, en este caso para mejorar los h\u00e1bitos de\n  alimentaci\u00f3n.\n  <\/td><td>\n  &#8211;\n  <\/td><\/tr><tr><td>  <strong> Dieta,   microbiota y salud   <\/strong><\/td><td>\n  Sonia\n  Gonz\u00e1lez \n  Nutrici\u00f3n\n  (UO)\n  <\/td><td>   <a href=\"mailto:soniagsolares@uniovi.es\">soniagsolares@uniovi.es<\/a>  <br><a href=\"https:\/\/www.ispasturias.es\/investigacion\/metabolismo\/dieta-microbiota-humana-y-salud\/ \">www.ispasturias.es\/investigacion\/<\/a>   <\/td><td>\n  Estudio del impacto de la dieta sobre la composici\u00f3n de la\n  microbiota intestinal y el estado de salud.\n  <\/td><td>\n  Valoraci\u00f3n del estado nutricional, determinaci\u00f3n de par\u00e1metros\n  relacionados con el estr\u00e9s oxidativo, determinaci\u00f3n de la composici\u00f3n de la\n  microbiota intestinal.\n  <\/td><\/tr><tr><td><strong> Espectrometr\u00eda  Anal\u00edtica y Bioanal\u00edtica (GEAB)<\/strong><\/td><td>\n  Marisa\n  Fern\u00e1ndez \n  Q\u00edmica\n  Anal\u00edtica (UO)\n  <\/td><td>   <a href=\"mailto:marisafs@uniovi.es\">marisafs@uniovi.es<\/a>    <br><a href=\"https:\/\/geab.grupos.uniovi.es\/\">geab.grupos.uniovi.es\/<\/a><br>   <\/td><td>\n  Desarrollo de metodolog\u00edas (bio)anal\u00edticas y de sensores para la\n  detecci\u00f3n y monitorizaci\u00f3n de especies qu\u00edmicas y bioqu\u00edmicas de\n  inter\u00e9s&nbsp;en seguridad alimentaria.&nbsp;An\u00e1lisis de especiaci\u00f3n\n  elemental. Empleo de is\u00f3topos estables en estudios nutricionales\n  &nbsp;\n  <\/td><td>\n  T\u00e9cnicas\n  cromatogr\u00e1ficas. T\u00e9cnicas anal\u00edticas espectrosc\u00f3picas y de espectrometr\u00eda de\n  masas. An\u00e1lisis directos de alimentos por espectrometr\u00eda de Infrarrojo\n  cercano.\n  <\/td><\/tr><tr><td> <strong>  Sociolog\u00eda   de la Alimentaci\u00f3n <\/strong>  <\/td><td>\n  Cecilia\n  D\u00edaz M\u00e9ndez Sociolog\u00eda (UO)\n  <\/td><td>   <a href=\"mailto:cecilia@uniovi.es\">cecilia@uniovi.es<\/a>   <a href=\"http:\/\/www.unioviedo.es\/socialimen\">www.unioviedo.es\/socialimen<\/a>  <\/td><td>    <br>Estudio de los aspectos sociales de la alimentaci\u00f3n, prestando particular atenci\u00f3n a los efectos que se producen en el consumo como consecuencia de los cambios en un sistema alimentario globalizado.    <\/td><td>\n  El GI\n  SOCIALIMEN cuenta con el servicio de encuestaci\u00f3n telef\u00f3nica (CATI) del\n  Departamento de Sociolog\u00eda de la Universidad de Oviedo\n  <\/td><\/tr><tr><td> <strong>  Tecnolog\u00eda   de Bioprocesos y Reactores (TBR)<\/strong>   <\/td><td>\n  Mario\n  D\u00edaz\n  Ingenier\u00eda\n  Qu\u00edmica (UO)\n  <\/td><td>   <a href=\"mailto:mariodiaz@uniovi.es\">mariodiaz@uniovi.es<\/a>   <a href=\"http:\/\/www.unioviedo.es\/TBR\">www.unioviedo.es\/TBR   <\/a><\/td><td>\n  Nuevos\n  alimentos, seguridad alimentaria, aprovechamiento de residuos, impacto\n  ambiental\n  <\/td><td>\n  Procesos\n  de fermentaci\u00f3n, an\u00e1lisis de alimentos y residuos, evaluaciones ambientales\n  seguridad y dise\u00f1o y evaluaci\u00f3n de procesos\n  <\/td><\/tr><tr><td><strong>   Centro   Tecnol\u00f3gico Agroalimentario  <\/strong> <\/td><td>\n  Juan\n  D\u00edaz \n  (Asociaci\u00f3n\n  de Industrias C\u00e1rnicas)\n  <\/td><td>   <a href=\"mailto:juan.diaz@asincar.com\">juan.diaz@asincar.com<\/a> <br><a href=\"http:\/\/www.asincar.com\">www.asincar.com<\/a>   <\/td><td>\n  Aportar\n  al tejido empresarial asturiano, alternativas tecnol\u00f3gicas, adaptaci\u00f3n a las\n  ya existentes y prospecci\u00f3n de nuevas tecnolog\u00edas que garanticen su\n  sostenibilidad en el futuro.\n  <\/td><td>\n  ASINCAR posee una planta piloto y un laboratorio de seguridad\n  alimentaria y an\u00e1lisis nutricional, para ensayar en escala piloto, nuevas\n  formulaciones de productos, o alternativas de procesos para las f\u00e1bricas de\n  alimentos del futuro.\n  <\/td><\/tr><tr><td> <strong>  Tecnolog\u00eda   de alimentos <\/strong>  <\/td><td>\n  M\u00aa Bel\u00e9n\n  Su\u00e1rez \n  Tecnolog\u00eda\n  de alimentos (Serida)\n  <\/td><td>\n  <a href=\"mailto:mbsuarez@serida.org\">mbsuarez@serida.org<\/a> \n  <\/td><td>  Estrategias integrales   de revalorizaci\u00f3n de residuos y subproductos de la Industria Agroalimentaria.   Biorrefiner\u00edas y bio-productos. Gesti\u00f3n sostenible del vi\u00f1edo. Adaptaci\u00f3n al   Cambio clim\u00e1tico y mitigaci\u00f3n en vi\u00f1edo y bodega.   <\/td><td>\n  Dise\u00f1o\n  de procesos y desarrollo\/caracterizaci\u00f3n de nuevos productos. Colecci\u00f3n de\n  cultivos de microorganismos aut\u00f3ctonos aislados de sidra. \n  An\u00e1lisis\n  sensorial de alimentos. Respuesta del consumidor\n  <\/td><\/tr><tr><td>  <strong> Nutrici\u00f3n   y Salud Animal (NYSA) <\/strong>  <\/td><td>\n  Fernando\n  Vicente\n  Nutrici\u00f3n,\n  Pastos y Forrajes (Serida)\n  <\/td><td>   <a href=\"mailto:fvicente@serida.org\">fvicente@serida.org<\/a>  <br><a href=\"http:\/\/www.serida.org\/\">www.serida.org\/<\/a>   <\/td><td>\n  Producci\u00f3n sostenible de leche de vaca de\n  calidad mediante el aprovechamiento de los recursos propios. Estrategias de\n  alimentaci\u00f3n para incrementar en origen el contenido de nutrientes\n  funcionales de la leche. Certificaci\u00f3n, trazabilidad y funcionalidad de la\n  leche de vaca y derivados.\n  <\/td><td>\n  Reba\u00f1o\n  experimental lechero con control individual de ingesti\u00f3n y nave metab\u00f3lica.\n  Laboratorio\n  de nutrici\u00f3n animal (Acreditaci\u00f3n ENAC N\u00ba 430\/LE930) para an\u00e1lisis Wende y\n  Van Soest por v\u00eda h\u00fameda y espectrometr\u00eda en el infrarrojo cercano. Equipos\n  N-Dumas, N-Kjeldahl, NIRS-6500, NIRS-5000, NIRS port\u00e1tiles, FT-NIR con\n  microscop\u00eda, GC-MS, HPLC, ICP-MS, UV-VIS, bomba calorim\u00e9trica, y PCR\n  cuantititativa\n  <\/td><\/tr><tr><td>  <strong> Nutrici\u00f3n   y Salud Animal (NYSA) <\/strong>  <\/td><td>   Luis   Royo <br>  Nutrici\u00f3n,   Pastos y Forrajes (Serida)   <\/td><td>\n  <a href=\"mailto:ljroyo@serida.org\">ljroyo@serida.org<\/a> \n  <\/td><td>\n  &#8211;\n  <\/td><td>\n  &#8211;\n  <\/td><\/tr><tr><td><strong>Sistemas de Producci\u00f3n Animal<\/strong><\/td><td>M\u00aa Carmen Oliv\u00e1n y Ver\u00f3nica Sierra<\/td><td> <br> <br> <br> <a href=\"mailto:mcolivan@serida.org\">mcolivan@serida.org<\/a><br><br> <a href=\"veroniss@serida.org\">veroniss@serida.org <\/a><\/td><td><br>Optimizaci\u00f3n de la producci\u00f3n ganadera para la obtenci\u00f3n de productos c\u00e1rnicos saludables y de calidad diferenciable teniendo presente el bienestar animal, la conservaci\u00f3n del medio ambiente y la sostenibilidad del medio rural. Identificaci\u00f3n de biomarcadores de calidad en la carne. <\/td><td>Fincas y reba\u00f1o experimental ganadero, an\u00e1lisis f\u00edsico-qu\u00edmico y sensorial de la carne, an\u00e1lisis de procesos de conversi\u00f3n del m\u00fasculo en carne y su influencia en la calidad producto, an\u00e1lisis prote\u00f3micos y moleculares para la identificaci\u00f3n de biomarcadores, desarrollo de aplicaciones de espectroscop\u00eda de infrarrojo cercano (NIRS) para la optimizaci\u00f3n y la trazabilidad de la cadena de producci\u00f3n. <\/td><\/tr><tr><td><strong>Gen\u00e9tica Vegetal<\/strong><\/td><td>Juan Jos\u00e9 Ferreira<\/td><td><a href=\"jjferreira@serida.org\">jjferreira@serida.org <\/a><\/td><td>Conservaci\u00f3n, caracterizaci\u00f3n, evaluaci\u00f3n y mejora gen\u00e9tica de variedades vegetales cultivadas basada en caracteres morfol\u00f3gicos, agron\u00f3micos y moleculares.<\/td><td>Disponibilidad de colecciones de germoplasma: jud\u00eda com\u00fan, avellano y ar\u00e1ndano, realizaci\u00f3n de evaluaciones en campo y de tests de resistencia\/tolerancia a estr\u00e9s bi\u00f3tico y abi\u00f3tico, desarrollo de nuevas variedades vegetales por mejora gen\u00e9tica para una producci\u00f3n sostenible.<\/td><\/tr><tr><td><strong>   Cultivos   l\u00e1cteos funcionales   <\/strong><\/td><td>\n  Baltasar\n  Mayo \n  (IPLA-CSIC)\n  <\/td><td>   <a href=\"mailto:baltasar.mayo@ipla.csic.es\">baltasar.mayo@ipla.csic.es<\/a>  <a href=\"http:\/\/www.ipla.csic.es\/cultivos-lacteos\"> http:\/\/www.ipla.csic.es\/cultivos-lacteos<\/a>   <\/td><td>\n  Identificaci\u00f3n\n  y selecci\u00f3n de microorganismos beneficiosos (fermentos y probi\u00f3ticos) para su\n  empleo en productos l\u00e1cteos. Estos microorganismos beneficiosos proceden de\n  la caracterizaci\u00f3n microbiol\u00f3gica de productos l\u00e1cteos tradicionales\n  (mayoritariamente quesos), los que se van a utilizar como fermentos o\n  cultivos adjuntos, o de diversas secciones del tracto gastrointestinal\n  humano, los que se emplear\u00e1n como probi\u00f3ticos.\n  <\/td><td>\n  Los\n  objetivos que se tratan de alcanzar a trav\u00e9s de la utilizaci\u00f3n de t\u00e9cnicas\n  independientes de cultivo (DGGE, qPCR, metagen\u00f3mica), novedosas t\u00e9cnicas de\n  cultivo selectivo adaptadas a cada tipo microbiano\/tax\u00f3n, y el empleo\n  combinado de diversas tecnolog\u00edas \u201comicas\u201d (gen\u00f3mica, metabol\u00f3mica, transcript\u00f3mica)\n  para la caracterizaci\u00f3n de los microorganismos de inter\u00e9s.\n  <\/td><\/tr><tr><td><strong>   Seguridad   Alimentaria<\/strong>   <\/td><td>\n  Ana\n  Rodr\u00edguez (IPLA-CSIC)\n  <\/td><td>\n  <a href=\"mailto:anarguez@ipla.csic.es\">anarguez@ipla.csic.es<\/a> \n  <\/td><td>\n  &#8211;\n  &nbsp;\n  <\/td><td>\n  &#8211;\n  <\/td><\/tr><tr><td>  <strong> Microbiolog\u00eda   molecular  <\/strong> <\/td><td>\n  Miguel\n  A. \u00c1lvarez \n  (IPLA-CSIC)\n  <\/td><td>   <a href=\"mailto:maag@ipla.csic.es\">maag@ipla.csic.es<\/a>  <a href=\"http:\/\/www.ipla.csic.es\/tecnologia-y-biotecnologia\"> http:\/\/www.ipla.csic.es\/web\/ipla-instituto-de-productos-lacteos-de-asturias\/microbiologia-molecular   <\/a><\/td><td>\n  &#8211;\n  <\/td><td>\n  &#8211;\n  <\/td><\/tr><\/tbody><\/table>\n\n\n\n<p><\/p>\n","protected":false},"excerpt":{"rendered":"<p>La Red Estrat\u00e9gica de Sostenibilidad Alimentaria (SOSTALIMEN) se conforma como una red virtual de grupos de investigaci\u00f3n del campo de la sostenibilidad e innovaci\u00f3n en el sector de la alimentaci\u00f3n en Asturias. Ver art\u00edculos de prensa 1. Caracter\u00edsticas generales Los grupos que forman parte de la red, que indican su oferta tecnol\u00f3gica, presentan en conjunto [&hellip;]<\/p>\n","protected":false},"author":1,"featured_media":507,"parent":34,"menu_order":0,"comment_status":"closed","ping_status":"closed","template":"","meta":{"footnotes":""},"class_list":["post-207","page","type-page","status-publish","has-post-thumbnail"],"_links":{"self":[{"href":"https:\/\/www.unioviedo.es\/poloalimentario\/wp-json\/wp\/v2\/pages\/207","targetHints":{"allow":["GET"]}}],"collection":[{"href":"https:\/\/www.unioviedo.es\/poloalimentario\/wp-json\/wp\/v2\/pages"}],"about":[{"href":"https:\/\/www.unioviedo.es\/poloalimentario\/wp-json\/wp\/v2\/types\/page"}],"author":[{"embeddable":true,"href":"https:\/\/www.unioviedo.es\/poloalimentario\/wp-json\/wp\/v2\/users\/1"}],"replies":[{"embeddable":true,"href":"https:\/\/www.unioviedo.es\/poloalimentario\/wp-json\/wp\/v2\/comments?post=207"}],"version-history":[{"count":36,"href":"https:\/\/www.unioviedo.es\/poloalimentario\/wp-json\/wp\/v2\/pages\/207\/revisions"}],"predecessor-version":[{"id":649,"href":"https:\/\/www.unioviedo.es\/poloalimentario\/wp-json\/wp\/v2\/pages\/207\/revisions\/649"}],"up":[{"embeddable":true,"href":"https:\/\/www.unioviedo.es\/poloalimentario\/wp-json\/wp\/v2\/pages\/34"}],"wp:featuredmedia":[{"embeddable":true,"href":"https:\/\/www.unioviedo.es\/poloalimentario\/wp-json\/wp\/v2\/media\/507"}],"wp:attachment":[{"href":"https:\/\/www.unioviedo.es\/poloalimentario\/wp-json\/wp\/v2\/media?parent=207"}],"curies":[{"name":"wp","href":"https:\/\/api.w.org\/{rel}","templated":true}]}}