{"id":209,"date":"2018-02-28T16:15:53","date_gmt":"2018-02-28T16:15:53","guid":{"rendered":"https:\/\/www.unioviedo.es\/poloalimentario\/pawp\/?page_id=209"},"modified":"2020-01-10T10:35:02","modified_gmt":"2020-01-10T10:35:02","slug":"grupos-de-investigacion","status":"publish","type":"page","link":"https:\/\/www.unioviedo.es\/poloalimentario\/investigacion\/grupos-de-investigacion\/","title":{"rendered":"P\u00e1ginas antiguas"},"content":{"rendered":"<ul>\n<li>\n<h3><a href=\"http:\/\/www.unioviedo.es\/TBR\">Tecnolog\u00eda de Bioprocesos y Reactores (TBR)<\/a><\/h3>\n<\/li>\n<\/ul>\n<p align=\"justify\"><span style=\"font-family: 'Times New Roman', serif;\">El grupo <strong>TBR<\/strong> trabaja desde hace 25 a\u00f1os en el Departamento de Ingenier\u00eda Qu\u00edmica y Tecnolog\u00eda del Medio Ambiente en el desarrollo de la tecnolog\u00eda en procesos relacionados con productos de base qu\u00edmica y biol\u00f3gica y el tratamiento de efluentes industriales utilizando distintas t\u00e9cnicas.<\/span><\/p>\n<p align=\"justify\"><span style=\"font-family: 'Times New Roman', serif;\">L\u00edneas de Investigaci\u00f3n<\/span><\/p>\n<ul>\n<li style=\"list-style-type: none;\">\n<ul>\n<li>\n<p align=\"justify\"><span style=\"font-family: 'Times New Roman', serif;\">Tratamiento de aguas residuales por oxidaci\u00f3n biol\u00f3gica y h\u00fameda.<\/span><\/p>\n<\/li>\n<li>\n<p align=\"justify\"><span style=\"font-family: 'Times New Roman', serif;\">Modelizaci\u00f3n de procesos industriales y transformaciones con microorganismos.<\/span><\/p>\n<\/li>\n<li>\n<p align=\"justify\"><span style=\"font-family: 'Times New Roman', serif;\">Recuperaci\u00f3n de residuos de la industria, en particular prote\u00ednas de la industria alimentaria, y sostenibilidad con desarrollo de nuevos productos.<\/span><\/p>\n<\/li>\n<li>\n<p align=\"justify\"><span style=\"font-family: 'Times New Roman', serif;\">Interacciones de contaminantes en suelos.<\/span><\/p>\n<\/li>\n<li>\n<p align=\"justify\"><span style=\"font-family: 'Times New Roman', serif;\">Procesos de separaci\u00f3n en columna.<\/span><\/p>\n<\/li>\n<li>\n<p align=\"justify\"><span style=\"font-family: 'Times New Roman', serif;\">Tendencias, innovaci\u00f3n y an\u00e1lisis de ciclo de vida en la industria de procesos.<\/span><\/p>\n<\/li>\n<\/ul>\n<\/li>\n<li>\n<h3><a href=\"https:\/\/bionuc.grupos.uniovi.es\/\">Biotecnolog\u00eda de Nutrac\u00e9uticos y Compuestos Bioactivos (BIONUC)<\/a><\/h3>\n<\/li>\n<li>\n<h3><a href=\"http:\/\/smart.grupos.uniovi.es\">Smart Marketing Advances in Research and Theory (SMART)<\/a><\/h3>\n<\/li>\n<li>\n<h3><span style=\"color: #000000;\"><span style=\"font-family: Calibri, serif;\">Dieta, microbiota humana y salud<\/span><\/span><\/h3>\n<\/li>\n<li>\n<h3><a href=\"http:\/\/www.unioviedo\/socialimen\">Grupo de investigaci\u00f3n en sociolog\u00eda de la alimentaci\u00f3n<\/a><\/h3>\n<\/li>\n<\/ul>\n<p>&nbsp;<\/p>\n","protected":false},"excerpt":{"rendered":"<p>Tecnolog\u00eda de Bioprocesos y Reactores (TBR) El grupo TBR trabaja desde hace 25 a\u00f1os en el Departamento de Ingenier\u00eda Qu\u00edmica y Tecnolog\u00eda del Medio Ambiente en el desarrollo de la tecnolog\u00eda en procesos relacionados con productos de base qu\u00edmica y biol\u00f3gica y el tratamiento de efluentes industriales utilizando distintas t\u00e9cnicas. L\u00edneas de Investigaci\u00f3n Tratamiento de [&hellip;]<\/p>\n","protected":false},"author":1,"featured_media":43,"parent":34,"menu_order":0,"comment_status":"closed","ping_status":"closed","template":"","meta":{"footnotes":""},"class_list":["post-209","page","type-page","status-publish","has-post-thumbnail"],"_links":{"self":[{"href":"https:\/\/www.unioviedo.es\/poloalimentario\/wp-json\/wp\/v2\/pages\/209","targetHints":{"allow":["GET"]}}],"collection":[{"href":"https:\/\/www.unioviedo.es\/poloalimentario\/wp-json\/wp\/v2\/pages"}],"about":[{"href":"https:\/\/www.unioviedo.es\/poloalimentario\/wp-json\/wp\/v2\/types\/page"}],"author":[{"embeddable":true,"href":"https:\/\/www.unioviedo.es\/poloalimentario\/wp-json\/wp\/v2\/users\/1"}],"replies":[{"embeddable":true,"href":"https:\/\/www.unioviedo.es\/poloalimentario\/wp-json\/wp\/v2\/comments?post=209"}],"version-history":[{"count":7,"href":"https:\/\/www.unioviedo.es\/poloalimentario\/wp-json\/wp\/v2\/pages\/209\/revisions"}],"predecessor-version":[{"id":449,"href":"https:\/\/www.unioviedo.es\/poloalimentario\/wp-json\/wp\/v2\/pages\/209\/revisions\/449"}],"up":[{"embeddable":true,"href":"https:\/\/www.unioviedo.es\/poloalimentario\/wp-json\/wp\/v2\/pages\/34"}],"wp:featuredmedia":[{"embeddable":true,"href":"https:\/\/www.unioviedo.es\/poloalimentario\/wp-json\/wp\/v2\/media\/43"}],"wp:attachment":[{"href":"https:\/\/www.unioviedo.es\/poloalimentario\/wp-json\/wp\/v2\/media?parent=209"}],"curies":[{"name":"wp","href":"https:\/\/api.w.org\/{rel}","templated":true}]}}