{"id":313,"date":"2018-03-15T16:47:01","date_gmt":"2018-03-15T16:47:01","guid":{"rendered":"https:\/\/www.unioviedo.es\/poloalimentario\/pawp\/?page_id=313"},"modified":"2018-03-15T16:49:34","modified_gmt":"2018-03-15T16:49:34","slug":"analisis-de-aguas-residuales","status":"publish","type":"page","link":"https:\/\/www.unioviedo.es\/poloalimentario\/analisis-de-aguas-residuales\/","title":{"rendered":"An\u00e1lisis de Aguas Residuales"},"content":{"rendered":"<h2>Laboratorio:<\/h2>\n<p>Tecnolog\u00eda Alimentaria<\/p>\n<h2>Descripci\u00f3n:<\/h2>\n<ul>\n<li>Determinaci\u00f3n de contenido proteico (m\u00e9todo Kjeldahl).<\/li>\n<li>Determinaci\u00f3n de grasa total (m\u00e9todo Soxhlet).<\/li>\n<li>Determinaci\u00f3n de extracto seco (m\u00e9todo gravim\u00e9trico).<\/li>\n<li>Determinaci\u00f3n de az\u00facares totales (m\u00e9todo de la Antrona).<\/li>\n<li>Determinaci\u00f3n de f\u00f3sforo total (m\u00e9todo del molibdato de amonio).<\/li>\n<li>Determinaci\u00f3n de nitr\u00f3geno amoniacal (m\u00e9todo Nessler).<\/li>\n<li>Determinaci\u00f3n de cenizas (m\u00e9todo gravim\u00e9trico).<\/li>\n<li>Determinaci\u00f3n de s\u00f3lidos en suspensi\u00f3n (m\u00e9todo gravim\u00e9trico).<\/li>\n<li>Materia Sedimentable (m\u00e9todo de Imhoff).<\/li>\n<li>Determinaci\u00f3n de pH.<\/li>\n<li>Determinaci\u00f3n de densidad (picn\u00f3metro).<\/li>\n<li>DBO5.<\/li>\n<li>DQO.<\/li>\n<li>Cuantificaci\u00f3n de diversos analitos de inter\u00e9s en aguas residuales: metanol, etanol, aniones (fluor, cloro, nitrito, nitrato, sulfato, etc.), cationes (sodio, amonio, magnesio, calcio, etc.)\u2026 (Cromatograf\u00eda de Gases, Cromatograf\u00eda de Intercambio I\u00f3nico, HPLC, Cromatograf\u00eda de GasesMasas).<\/li>\n<li>An\u00e1lisis microbiol\u00f3gicos: S. aureus, E. coli, Aerobios totales, Enterobacterias, Coliformes, Mohos y Levaduras\u2026<\/li>\n<\/ul>\n<h2>Proceso de solicitud:<\/h2>\n<p>Se realizar\u00e1 un primer contacto v\u00eda telef\u00f3nica, correo electr\u00f3nico o personalmente indicando las caracter\u00edsticas de la muestra que se desea analizar. Estimado por el t\u00e9cnico que es posible realizar el an\u00e1lisis se cumplimentar\u00e1 la solicitud de ensayo que deber\u00e1 ser firmada por el solicitante. Realizado el ensayo se emitir\u00e1 un informe en formato pdf con los resultados obtenidos, junto con la nota de cargo correspondiente que deber\u00e1 de conformar el cliente. El Servicio de Investigaci\u00f3n emitir\u00e1 la correspondiente factura de cargo.<\/p>\n<h2>Precio estimado:<\/h2>\n<p>Dependiendo del tipo de an\u00e1lisis se proceder\u00e1 a cargar la tarifa correspondiente.<\/p>\n<h2>Informaci\u00f3n adicional:<\/h2>\n<p>Las muestras suministradas no se devolver\u00e1n ya que los ensayos son destructivos. En caso de que una muestra requiera un proceso de preparaci\u00f3n espec\u00edfico previo al an\u00e1lisis, las tarifas pueden modificarse con respecto a las publicadas en la web. Si el n\u00famero de muestras enviado para un determinado ensayo es igual o superior a 10, las tarifas ser\u00e1n menores dependiendo la reducci\u00f3n de dicha tarifa del n\u00famero de muestras y del tipo de ensayo solicitado.<\/p>\n<p style=\"text-align: right;\"><em><a href=\"https:\/\/www.unioviedo.es\/poloalimentario\/pawp\/wp-content\/uploads\/2018\/03\/Analisis_AguasResiduales.pdf\">Ver PDF<\/a><\/em><\/p>\n","protected":false},"excerpt":{"rendered":"<p>Laboratorio: Tecnolog\u00eda Alimentaria Descripci\u00f3n: Determinaci\u00f3n de contenido proteico (m\u00e9todo Kjeldahl). Determinaci\u00f3n de grasa total (m\u00e9todo Soxhlet). Determinaci\u00f3n de extracto seco (m\u00e9todo gravim\u00e9trico). Determinaci\u00f3n de az\u00facares totales (m\u00e9todo de la Antrona). Determinaci\u00f3n de f\u00f3sforo total (m\u00e9todo del molibdato de amonio). Determinaci\u00f3n de nitr\u00f3geno amoniacal (m\u00e9todo Nessler). Determinaci\u00f3n de cenizas (m\u00e9todo gravim\u00e9trico). Determinaci\u00f3n de s\u00f3lidos en suspensi\u00f3n [&hellip;]<\/p>\n","protected":false},"author":1,"featured_media":149,"parent":0,"menu_order":0,"comment_status":"closed","ping_status":"closed","template":"","meta":{"footnotes":""},"class_list":["post-313","page","type-page","status-publish","has-post-thumbnail"],"_links":{"self":[{"href":"https:\/\/www.unioviedo.es\/poloalimentario\/wp-json\/wp\/v2\/pages\/313","targetHints":{"allow":["GET"]}}],"collection":[{"href":"https:\/\/www.unioviedo.es\/poloalimentario\/wp-json\/wp\/v2\/pages"}],"about":[{"href":"https:\/\/www.unioviedo.es\/poloalimentario\/wp-json\/wp\/v2\/types\/page"}],"author":[{"embeddable":true,"href":"https:\/\/www.unioviedo.es\/poloalimentario\/wp-json\/wp\/v2\/users\/1"}],"replies":[{"embeddable":true,"href":"https:\/\/www.unioviedo.es\/poloalimentario\/wp-json\/wp\/v2\/comments?post=313"}],"version-history":[{"count":2,"href":"https:\/\/www.unioviedo.es\/poloalimentario\/wp-json\/wp\/v2\/pages\/313\/revisions"}],"predecessor-version":[{"id":315,"href":"https:\/\/www.unioviedo.es\/poloalimentario\/wp-json\/wp\/v2\/pages\/313\/revisions\/315"}],"wp:featuredmedia":[{"embeddable":true,"href":"https:\/\/www.unioviedo.es\/poloalimentario\/wp-json\/wp\/v2\/media\/149"}],"wp:attachment":[{"href":"https:\/\/www.unioviedo.es\/poloalimentario\/wp-json\/wp\/v2\/media?parent=313"}],"curies":[{"name":"wp","href":"https:\/\/api.w.org\/{rel}","templated":true}]}}