{"id":50,"date":"2018-02-19T16:48:27","date_gmt":"2018-02-19T16:48:27","guid":{"rendered":"https:\/\/www.unioviedo.es\/poloalimentario\/pawp\/?page_id=50"},"modified":"2018-02-28T17:00:10","modified_gmt":"2018-02-28T17:00:10","slug":"objetivos","status":"publish","type":"page","link":"https:\/\/www.unioviedo.es\/poloalimentario\/quienes-somos\/objetivos\/","title":{"rendered":"Objetivos"},"content":{"rendered":"<p class=\"western\" align=\"justify\"><span style=\"font-family: Arial, serif;\">El objetivo fundamental del Polo Alimentario es contribuir a la interacci\u00f3n y colaboraci\u00f3n entre las empresas, los docentes, as\u00ed como los investigadores con el fin \u00faltimo de fortalecer el sector de la Industria Alimentaria en nuestra regi\u00f3n, conformando un tejido s\u00f3lido donde se sienta apoyado y competitivo el sector.<\/span><\/p>\n","protected":false},"excerpt":{"rendered":"<p>El objetivo fundamental del Polo Alimentario es contribuir a la interacci\u00f3n y colaboraci\u00f3n entre las empresas, los docentes, as\u00ed como los investigadores con el fin \u00faltimo de fortalecer el sector de la Industria Alimentaria en nuestra regi\u00f3n, conformando un tejido s\u00f3lido donde se sienta apoyado y competitivo el sector.<\/p>\n","protected":false},"author":1,"featured_media":20,"parent":200,"menu_order":0,"comment_status":"closed","ping_status":"closed","template":"","meta":{"footnotes":""},"class_list":["post-50","page","type-page","status-publish","has-post-thumbnail"],"_links":{"self":[{"href":"https:\/\/www.unioviedo.es\/poloalimentario\/wp-json\/wp\/v2\/pages\/50","targetHints":{"allow":["GET"]}}],"collection":[{"href":"https:\/\/www.unioviedo.es\/poloalimentario\/wp-json\/wp\/v2\/pages"}],"about":[{"href":"https:\/\/www.unioviedo.es\/poloalimentario\/wp-json\/wp\/v2\/types\/page"}],"author":[{"embeddable":true,"href":"https:\/\/www.unioviedo.es\/poloalimentario\/wp-json\/wp\/v2\/users\/1"}],"replies":[{"embeddable":true,"href":"https:\/\/www.unioviedo.es\/poloalimentario\/wp-json\/wp\/v2\/comments?post=50"}],"version-history":[{"count":1,"href":"https:\/\/www.unioviedo.es\/poloalimentario\/wp-json\/wp\/v2\/pages\/50\/revisions"}],"predecessor-version":[{"id":51,"href":"https:\/\/www.unioviedo.es\/poloalimentario\/wp-json\/wp\/v2\/pages\/50\/revisions\/51"}],"up":[{"embeddable":true,"href":"https:\/\/www.unioviedo.es\/poloalimentario\/wp-json\/wp\/v2\/pages\/200"}],"wp:featuredmedia":[{"embeddable":true,"href":"https:\/\/www.unioviedo.es\/poloalimentario\/wp-json\/wp\/v2\/media\/20"}],"wp:attachment":[{"href":"https:\/\/www.unioviedo.es\/poloalimentario\/wp-json\/wp\/v2\/media?parent=50"}],"curies":[{"name":"wp","href":"https:\/\/api.w.org\/{rel}","templated":true}]}}