{"id":85,"date":"2018-02-20T18:03:47","date_gmt":"2018-02-20T18:03:47","guid":{"rendered":"https:\/\/www.unioviedo.es\/poloalimentario\/pawp\/?page_id=85"},"modified":"2018-03-15T17:07:57","modified_gmt":"2018-03-15T17:07:57","slug":"caracterizacion_materiales","status":"publish","type":"page","link":"https:\/\/www.unioviedo.es\/poloalimentario\/servicios\/caracterizacion_materiales\/","title":{"rendered":"Caracterizaci\u00f3n de Materiales"},"content":{"rendered":"<h2>Laboratorio:<\/h2>\n<p>Tecnolog\u00eda Alimentaria<\/p>\n<h2>Descripci\u00f3n:<\/h2>\n<ul>\n<li>Porosimetr\u00eda de Mercurio (Autopore IV): determinaci\u00f3n de la distribuci\u00f3n de tama\u00f1o de poro de diversos tipos de materiales (resinas, suelos, carb\u00f3n activo\u2026). Indicado para materiales macro y mesoporosos.<\/li>\n<li>Analizador de Superficie y Porosidad (ASAP 2020): determinaci\u00f3n de la distribuci\u00f3n del tama\u00f1o de poro de diversos tipos de materiales (resinas, suelos, carb\u00f3n activo\u2026), as\u00ed como de las caracter\u00edsticas de adsorci\u00f3n\/desorci\u00f3n de dichos materiales (isotermas). Indicado para materiales meso y microporosos.<\/li>\n<li>Re\u00f3metro Rotacional (MARS II): caracterizaci\u00f3n del comportamiento reol\u00f3gico de diversos materiales: determinaci\u00f3n del punto de coagulaci\u00f3n, propiedades viscoel\u00e1sticas, viscosidad\u2026<br \/>\nAnalizador de Textura: determinaci\u00f3n de diversos par\u00e1metros texturales (dureza, fracturabilidad, extensibilidad\u2026).<\/li>\n<li>Caracterizaci\u00f3n colorim\u00e9trica de un material: escala CIELAB\u2026 (Color\u00edmetro).<\/li>\n<\/ul>\n<h2>Proceso de solicitud:<\/h2>\n<p>Se realizar\u00e1 un primer contacto v\u00eda telef\u00f3nica, correo electr\u00f3nico o personalmente indicando las caracter\u00edsticas de la muestra que se desea analizar.<\/p>\n<p>Estimado por el t\u00e9cnico que es posible realizar el an\u00e1lisis se cumplimentar\u00e1 la solicitud de ensayo que deber\u00e1 ser firmada por el solicitante.<\/p>\n<p>Realizado el ensayo se emitir\u00e1 un informe en formato pdf con los resultados obtenidos, junto con la nota de cargo correspondiente que deber\u00e1 de conformar el cliente.<\/p>\n<p>El Servicio de Investigaci\u00f3n emitir\u00e1 la correspondiente factura de cargo.<\/p>\n<h2>Precio estimado:<\/h2>\n<p>Dependiendo del tipo de an\u00e1lisis se proceder\u00e1 a cargar la tarifa correspondiente.<\/p>\n<h2>Informaci\u00f3n adicional:<\/h2>\n<p>Las muestras suministradas no se devolver\u00e1n ya que, exceptuando las muestras analizadas en el ASAP (que se devolver\u00e1n siempre que el interesado pase a recogerlas), los ensayos son destructivos.<\/p>\n<p>En el caso de los ensayos reol\u00f3gicos, texturom\u00e9tricos y de colorimetr\u00eda, si el n\u00famero de muestras enviado es igual o superior a 10, las tarifas ser\u00e1n menores dependiendo la reducci\u00f3n de dicha tarifa del n\u00famero de muestras y del tipo de ensayo solicitado.<i><\/i><\/p>\n<p style=\"text-align: right;\"><em><a href=\"https:\/\/www.unioviedo.es\/poloalimentario\/pawp\/wp-content\/uploads\/2018\/03\/Analisis_Materiales.pdf\">Ver PDF<\/a><\/em><\/p>\n<p lang=\"en-US\">\n","protected":false},"excerpt":{"rendered":"<p>Laboratorio: Tecnolog\u00eda Alimentaria Descripci\u00f3n: Porosimetr\u00eda de Mercurio (Autopore IV): determinaci\u00f3n de la distribuci\u00f3n de tama\u00f1o de poro de diversos tipos de materiales (resinas, suelos, carb\u00f3n activo\u2026). Indicado para materiales macro y mesoporosos. Analizador de Superficie y Porosidad (ASAP 2020): determinaci\u00f3n de la distribuci\u00f3n del tama\u00f1o de poro de diversos tipos de materiales (resinas, suelos, carb\u00f3n [&hellip;]<\/p>\n","protected":false},"author":1,"featured_media":55,"parent":90,"menu_order":0,"comment_status":"closed","ping_status":"closed","template":"","meta":{"footnotes":""},"class_list":["post-85","page","type-page","status-publish","has-post-thumbnail"],"_links":{"self":[{"href":"https:\/\/www.unioviedo.es\/poloalimentario\/wp-json\/wp\/v2\/pages\/85","targetHints":{"allow":["GET"]}}],"collection":[{"href":"https:\/\/www.unioviedo.es\/poloalimentario\/wp-json\/wp\/v2\/pages"}],"about":[{"href":"https:\/\/www.unioviedo.es\/poloalimentario\/wp-json\/wp\/v2\/types\/page"}],"author":[{"embeddable":true,"href":"https:\/\/www.unioviedo.es\/poloalimentario\/wp-json\/wp\/v2\/users\/1"}],"replies":[{"embeddable":true,"href":"https:\/\/www.unioviedo.es\/poloalimentario\/wp-json\/wp\/v2\/comments?post=85"}],"version-history":[{"count":6,"href":"https:\/\/www.unioviedo.es\/poloalimentario\/wp-json\/wp\/v2\/pages\/85\/revisions"}],"predecessor-version":[{"id":318,"href":"https:\/\/www.unioviedo.es\/poloalimentario\/wp-json\/wp\/v2\/pages\/85\/revisions\/318"}],"up":[{"embeddable":true,"href":"https:\/\/www.unioviedo.es\/poloalimentario\/wp-json\/wp\/v2\/pages\/90"}],"wp:featuredmedia":[{"embeddable":true,"href":"https:\/\/www.unioviedo.es\/poloalimentario\/wp-json\/wp\/v2\/media\/55"}],"wp:attachment":[{"href":"https:\/\/www.unioviedo.es\/poloalimentario\/wp-json\/wp\/v2\/media?parent=85"}],"curies":[{"name":"wp","href":"https:\/\/api.w.org\/{rel}","templated":true}]}}