{"id":90,"date":"2018-02-20T18:26:37","date_gmt":"2018-02-20T18:26:37","guid":{"rendered":"https:\/\/www.unioviedo.es\/poloalimentario\/pawp\/?page_id=90"},"modified":"2018-03-15T16:15:27","modified_gmt":"2018-03-15T16:15:27","slug":"servicios","status":"publish","type":"page","link":"https:\/\/www.unioviedo.es\/poloalimentario\/servicios\/","title":{"rendered":"Servicios"},"content":{"rendered":"<ul>\n<li>\n<p align=\"justify\"><span style=\"font-family: Arial, serif;\">M\u00f3dulo 1: <a href=\"https:\/\/www.unioviedo.es\/poloalimentario\/pawp\/wp-content\/uploads\/2018\/03\/Analisis_AguasResiduales.pdf\">An\u00e1lisis Aguas Residuales<\/a><\/span><\/p>\n<\/li>\n<li>\n<p align=\"justify\"><span style=\"font-family: Arial, serif;\">M\u00f3dulo 2: <a href=\"https:\/\/www.unioviedo.es\/poloalimentario\/pawp\/wp-content\/uploads\/2018\/03\/Analisis_Alimentos.pdf\">Analisis de Alimentos y Bebidas<\/a><\/span><\/p>\n<\/li>\n<\/ul>\n<ul>\n<li>\n<p align=\"justify\"><span style=\"font-family: Arial, serif;\">M\u00f3dulo 3: <a href=\"https:\/\/www.unioviedo.es\/poloalimentario\/pawp\/wp-content\/uploads\/2018\/03\/Analisis_Materiales.pdf\">Caractizaci\u00f3n de Materiales<\/a><\/span><\/p>\n<\/li>\n<\/ul>\n<p>&nbsp;<\/p>\n","protected":false},"excerpt":{"rendered":"<p>M\u00f3dulo 1: An\u00e1lisis Aguas Residuales M\u00f3dulo 2: Analisis de Alimentos y Bebidas M\u00f3dulo 3: Caractizaci\u00f3n de Materiales &nbsp;<\/p>\n","protected":false},"author":1,"featured_media":56,"parent":0,"menu_order":0,"comment_status":"closed","ping_status":"closed","template":"","meta":{"footnotes":""},"class_list":["post-90","page","type-page","status-publish","has-post-thumbnail"],"_links":{"self":[{"href":"https:\/\/www.unioviedo.es\/poloalimentario\/wp-json\/wp\/v2\/pages\/90","targetHints":{"allow":["GET"]}}],"collection":[{"href":"https:\/\/www.unioviedo.es\/poloalimentario\/wp-json\/wp\/v2\/pages"}],"about":[{"href":"https:\/\/www.unioviedo.es\/poloalimentario\/wp-json\/wp\/v2\/types\/page"}],"author":[{"embeddable":true,"href":"https:\/\/www.unioviedo.es\/poloalimentario\/wp-json\/wp\/v2\/users\/1"}],"replies":[{"embeddable":true,"href":"https:\/\/www.unioviedo.es\/poloalimentario\/wp-json\/wp\/v2\/comments?post=90"}],"version-history":[{"count":8,"href":"https:\/\/www.unioviedo.es\/poloalimentario\/wp-json\/wp\/v2\/pages\/90\/revisions"}],"predecessor-version":[{"id":308,"href":"https:\/\/www.unioviedo.es\/poloalimentario\/wp-json\/wp\/v2\/pages\/90\/revisions\/308"}],"wp:featuredmedia":[{"embeddable":true,"href":"https:\/\/www.unioviedo.es\/poloalimentario\/wp-json\/wp\/v2\/media\/56"}],"wp:attachment":[{"href":"https:\/\/www.unioviedo.es\/poloalimentario\/wp-json\/wp\/v2\/media?parent=90"}],"curies":[{"name":"wp","href":"https:\/\/api.w.org\/{rel}","templated":true}]}}