{"id":1044,"date":"2018-01-09T12:01:00","date_gmt":"2018-01-09T11:01:00","guid":{"rendered":"http:\/\/www.unioviedo.es\/promebi\/?page_id=1044"},"modified":"2024-10-15T13:30:23","modified_gmt":"2024-10-15T11:30:23","slug":"lopez-rodriguez-fermin","status":"publish","type":"page","link":"https:\/\/www.unioviedo.es\/promebi\/equipo\/investigadores\/lopez-rodriguez-fermin\/","title":{"rendered":"Ferm\u00edn L\u00f3pez Rodr\u00edguez"},"content":{"rendered":"<p><img loading=\"lazy\" decoding=\"async\" class=\"alignleft wp-image-1621 \" src=\"http:\/\/www.unioviedo.es\/promebi\/wp-content\/uploads\/2016\/01\/estrasburgo-e1478167841196-300x269.jpg\" width=\"340\" height=\"305\" srcset=\"https:\/\/www.unioviedo.es\/promebi\/wp-content\/uploads\/2016\/01\/estrasburgo-e1478167841196-300x269.jpg 300w, https:\/\/www.unioviedo.es\/promebi\/wp-content\/uploads\/2016\/01\/estrasburgo-e1478167841196.jpg 540w\" sizes=\"auto, (max-width: 340px) 100vw, 340px\" \/><\/p>\n<p><strong>Categor\u00eda:<\/strong> Profesor Ayudante Doctor &#8211; Universidad de M\u00e1laga<span class=\"org\"><br \/>\n<\/span><span class=\"org\"><strong>Departamento:<\/strong> Derecho del Estado y Sociolog\u00eda<br \/>\n<\/span><strong>Correo<\/strong>: <a href=\"mailto:lopezfermin@uniovi.es\">lopezfermin@uma.es\u00a0\u00a0<\/a><\/p>\n<p><strong>Research profiles:\u00a0<\/strong><a href=\"https:\/\/orcid.org\/0000-0003-4120-5566\">ORCID<\/a>, <a href=\"https:\/\/www.researchgate.net\/profile\/Fermin-Lopez-Rodriguez\">Research Gate<\/a>, <a href=\"https:\/\/dialnet.unirioja.es\/servlet\/autor?codigo=4325775\">Dialnet<\/a><\/p>\n<p><strong>Research interests:<\/strong><\/p>\n<ul>\n<li>Economic sociology<\/li>\n<li>Labour market analysis<\/li>\n<li>Public policy evaluation and family change.<\/li>\n<\/ul>\n<h3><strong>Short bio\u00a0<\/strong><\/h3>\n<p>Ferm\u00edn L\u00f3pez holds a Ph.D. in Sociology from the University of Oviedo and Master\u2019s in Economic Analysis from the Universities of Cantabria, Oviedo, and the Basque Country. In his thesis, he analysed the changes in the educational composition and labour participation of couples in Spain during the first two decades of the 20th century. \u00a0He has participated in European projects (7th EU Framework Programme) and is currently collaborating in the Spanish National Plan project \u00ab<em>PROVILA: Prolongation of Working Life<\/em>\u00ab.<\/p>\n<h3><strong>Publications:<\/strong><\/h3>\n<p><strong>Thesis: <\/strong><a href=\"https:\/\/digibuo.uniovi.es\/dspace\/handle\/10651\/61591\">https:\/\/digibuo.uniovi.es\/dspace\/handle\/10651\/61591<\/a><\/p>\n<p><strong>Articles:<\/strong><\/p>\n<ul>\n<li>L\u00f3pez-Rodr\u00edguez, F. y Guti\u00e9rrez, R. (2023). \u201cVuelco educativo y reducci\u00f3n de la homogamia: un an\u00e1lisis por cohortes de la formaci\u00f3n de parejas en Espa\u00f1a\u201d. <em>Revista Internacional de Sociolog\u00eda, <\/em>81(2), e230. <u>DOI: 10.8939\/ris.2023.81.2.21.01740<\/u><\/li>\n<li>L\u00f3pez-Rodr\u00edguez, F. y Guti\u00e9rrez, R. (2023). \u201cCambios en la composici\u00f3n educativa y estrategias de ocupaci\u00f3n de las parejas en Espa\u00f1a\u201d. <em>Revista Espa\u00f1ola de Sociolog\u00eda<\/em>, 32(3): a180. <u>DOI: 10.22325\/fes\/res.2023.180<\/u><\/li>\n<li>Guti\u00e9rrez, R., L\u00f3pez-Rodr\u00edguez, F. y Tejero, A. (2022). \u201cIntereses, valores y pasiones. El cambio en la satisfacci\u00f3n con la sanidad y las pensiones en Espa\u00f1a\u201d. <em>Revista Espa\u00f1ola de Investigaciones Sociol\u00f3gicas, <\/em>181, 41-60. <u>DOI: 10.5477\/cis\/reis.181.41<\/u><\/li>\n<li>Guti\u00e9rrez, R., L\u00f3pez-Rodr\u00edguez, F., Rodr\u00edguez, V. y Tejero, A. (2020): \u00abLa protecci\u00f3n ocupacional de viejos riesgos sociales en Espa\u00f1a: pensiones y atenci\u00f3n sanitaria\u00bb, <em>Revista Espa\u00f1ola de Sociolog\u00eda (RES),<\/em> 29 (2), 347-366. <u>DOI: 10.22325\/fes\/res.2020.19<\/u><\/li>\n<li>Cueto, B. y L\u00f3pez-Rodr\u00edguez, F. (2019): \u00abThe apprenticeship contract in Spain: an evaluation\u00bb, <em>Hacienda P\u00fablica Espa\u00f1ola\/Review of Public Economics<\/em>, 231, 15-39. <u>DOI: 10.7866\/HPE-RPE.19.4.2<\/u><\/li>\n<\/ul>\n<p><strong>Book chapters:<\/strong><\/p>\n<ul>\n<li>L\u00f3pez-Rodr\u00edguez, F. (2018). \u201cComposici\u00f3n educativa y participaci\u00f3n laboral de las parejas en Espa\u00f1a (2000-2016)\u201d. En: \u00c1lvarez Arregui, E. (Dir). <em>Universidad, Investigaci\u00f3n y Conocimiento. Comprensi\u00f3n e intervenci\u00f3n en una sociedad compleja (<\/em>199-208). Servicio de Publicaciones de la Universidad de Oviedo. (ISBN: 978-84-17445-07-2).<\/li>\n<li>L\u00f3pez-Rodr\u00edguez, F. (2017): \u00abWorking with the STYLE SQUAD: A Spanish perspective\u00bb. En: O\u00b4Reilly, J., Moyart, C., Nazio, T. y Smith, M., <em>Youth unemployment.<\/em> STYLE Handbook (pp.40-44). Policty press (ISBN 978-1-910172-17-9).<\/li>\n<\/ul>\n<p><strong>Research reports: <\/strong><\/p>\n<ul>\n<li>Tejero, A., L\u00f3pez-Rodr\u00edguez, F., and Guti\u00e9rrez, R. (2022). Risks of poverty of people of working age in Spain. <em>Research Report 13, Collection on Inequality and Social Pact.<\/em> \u201cLa Caixa\u201d Foundation. (ISBN 978-84-9900-312-2, available at: <a href=\"https:\/\/elobservatoriosocial.fundacionlacaixa.org\/\">https:\/\/elobservatoriosocial.fundacionlacaixa.org\/<\/a> ).<\/li>\n<\/ul>\n","protected":false},"excerpt":{"rendered":"<p>Categor\u00eda: Profesor Ayudante Doctor &#8211; Universidad de M\u00e1laga Departamento: Derecho del Estado y Sociolog\u00eda Correo: lopezfermin@uma.es\u00a0\u00a0 Research profiles:\u00a0ORCID, Research Gate, Dialnet Research interests: Economic sociology Labour market analysis Public policy evaluation and family change. Short bio\u00a0 Ferm\u00edn L\u00f3pez holds a Ph.D. in Sociology from the University of Oviedo and Master\u2019s in Economic Analysis from the [&hellip;]<\/p>\n","protected":false},"author":4,"featured_media":1287,"parent":88,"menu_order":4,"comment_status":"closed","ping_status":"closed","template":"","meta":{"_genesis_hide_title":false,"_genesis_hide_breadcrumbs":false,"_genesis_hide_singular_image":false,"_genesis_hide_footer_widgets":false,"_genesis_custom_body_class":"","_genesis_custom_post_class":"","_genesis_layout":"","footnotes":""},"class_list":{"0":"post-1044","1":"page","2":"type-page","3":"status-publish","4":"has-post-thumbnail","6":"entry","7":"gs-1","8":"gs-odd","9":"gs-even","10":"gs-featured-content-entry"},"_links":{"self":[{"href":"https:\/\/www.unioviedo.es\/promebi\/wp-json\/wp\/v2\/pages\/1044","targetHints":{"allow":["GET"]}}],"collection":[{"href":"https:\/\/www.unioviedo.es\/promebi\/wp-json\/wp\/v2\/pages"}],"about":[{"href":"https:\/\/www.unioviedo.es\/promebi\/wp-json\/wp\/v2\/types\/page"}],"author":[{"embeddable":true,"href":"https:\/\/www.unioviedo.es\/promebi\/wp-json\/wp\/v2\/users\/4"}],"replies":[{"embeddable":true,"href":"https:\/\/www.unioviedo.es\/promebi\/wp-json\/wp\/v2\/comments?post=1044"}],"version-history":[{"count":23,"href":"https:\/\/www.unioviedo.es\/promebi\/wp-json\/wp\/v2\/pages\/1044\/revisions"}],"predecessor-version":[{"id":2464,"href":"https:\/\/www.unioviedo.es\/promebi\/wp-json\/wp\/v2\/pages\/1044\/revisions\/2464"}],"up":[{"embeddable":true,"href":"https:\/\/www.unioviedo.es\/promebi\/wp-json\/wp\/v2\/pages\/88"}],"wp:featuredmedia":[{"embeddable":true,"href":"https:\/\/www.unioviedo.es\/promebi\/wp-json\/wp\/v2\/media\/1287"}],"wp:attachment":[{"href":"https:\/\/www.unioviedo.es\/promebi\/wp-json\/wp\/v2\/media?parent=1044"}],"curies":[{"name":"wp","href":"https:\/\/api.w.org\/{rel}","templated":true}]}}