{"id":1454,"date":"2016-10-27T20:06:18","date_gmt":"2016-10-27T18:06:18","guid":{"rendered":"http:\/\/www.unioviedo.es\/promebi\/?page_id=1454"},"modified":"2016-10-27T20:07:52","modified_gmt":"2016-10-27T18:07:52","slug":"grados","status":"publish","type":"page","link":"https:\/\/www.unioviedo.es\/promebi\/docencia\/grados\/","title":{"rendered":"Grados"},"content":{"rendered":"<p><img loading=\"lazy\" decoding=\"async\" class=\"alignnone wp-image-980\" src=\"http:\/\/www.unioviedo.es\/promebi\/wp-content\/uploads\/2016\/01\/promebi_Grados-300x168.jpg\" alt=\"promebi_Grados\" width=\"827\" height=\"463\" srcset=\"https:\/\/www.unioviedo.es\/promebi\/wp-content\/uploads\/2016\/01\/promebi_Grados-300x168.jpg 300w, https:\/\/www.unioviedo.es\/promebi\/wp-content\/uploads\/2016\/01\/promebi_Grados-768x430.jpg 768w, https:\/\/www.unioviedo.es\/promebi\/wp-content\/uploads\/2016\/01\/promebi_Grados-750x420.jpg 750w, https:\/\/www.unioviedo.es\/promebi\/wp-content\/uploads\/2016\/01\/promebi_Grados.jpg 1000w\" sizes=\"auto, (max-width: 827px) 100vw, 827px\" \/><\/p>\n<p><u><a href=\"http:\/\/www.uniovi.es\/estudios\/grados\/-\/asset_publisher\/X5CYKURHdF1e\/content\/grado-en-relaciones-laborales-y-recursos-humanos-2013?redirect=%2Festudios%2Fgrados\">Grado en Relaciones Laborales y Recursos Humanos<\/a><\/u><\/p>\n<ul>\n<li>Sociolog\u00eda<\/li>\n<li>Sociolog\u00eda del trabajo<\/li>\n<li>Pol\u00edticas sociolaborales<\/li>\n<li>Desarrollo local<\/li>\n<\/ul>\n<p><u><a href=\"http:\/\/www.uniovi.es\/estudios\/grados\/-\/asset_publisher\/X5CYKURHdF1e\/content\/grado-en-administracion-y-direccion-de-empresas-2014?redirect=%2Festudios%2Fgrados\">Grado en Administraci\u00f3n y Direcci\u00f3n de Empresas<\/a><\/u><\/p>\n<ul>\n<li>Sociolog\u00eda<\/li>\n<li>Sociolog\u00eda del trabajo y de las RRLL<\/li>\n<\/ul>\n<p><u><a href=\"http:\/\/www.uniovi.es\/estudios\/grados\/-\/asset_publisher\/X5CYKURHdF1e\/content\/grado-en-economia-2014;jsessionid=A5BB054D430B11FFCFDD3AD5539B5B6F?redirect=%2Festudios%2Fgrados\">Grado en Econom\u00eda<\/a><\/u><\/p>\n<ul>\n<li>Sociolog\u00eda<\/li>\n<li>Sociolog\u00eda del trabajo y de las RRLL<\/li>\n<\/ul>\n","protected":false},"excerpt":{"rendered":"<p>Grado en Relaciones Laborales y Recursos Humanos Sociolog\u00eda Sociolog\u00eda del trabajo Pol\u00edticas sociolaborales Desarrollo local Grado en Administraci\u00f3n y Direcci\u00f3n de Empresas Sociolog\u00eda Sociolog\u00eda del trabajo y de las RRLL Grado en Econom\u00eda Sociolog\u00eda Sociolog\u00eda del trabajo y de las RRLL<\/p>\n","protected":false},"author":5,"featured_media":0,"parent":1452,"menu_order":0,"comment_status":"closed","ping_status":"closed","template":"","meta":{"_genesis_hide_title":false,"_genesis_hide_breadcrumbs":false,"_genesis_hide_singular_image":false,"_genesis_hide_footer_widgets":false,"_genesis_custom_body_class":"","_genesis_custom_post_class":"","_genesis_layout":"","footnotes":""},"class_list":{"0":"post-1454","1":"page","2":"type-page","3":"status-publish","5":"entry","6":"has-post-thumbnail","7":"gs-1","8":"gs-odd","9":"gs-even","10":"gs-featured-content-entry"},"_links":{"self":[{"href":"https:\/\/www.unioviedo.es\/promebi\/wp-json\/wp\/v2\/pages\/1454","targetHints":{"allow":["GET"]}}],"collection":[{"href":"https:\/\/www.unioviedo.es\/promebi\/wp-json\/wp\/v2\/pages"}],"about":[{"href":"https:\/\/www.unioviedo.es\/promebi\/wp-json\/wp\/v2\/types\/page"}],"author":[{"embeddable":true,"href":"https:\/\/www.unioviedo.es\/promebi\/wp-json\/wp\/v2\/users\/5"}],"replies":[{"embeddable":true,"href":"https:\/\/www.unioviedo.es\/promebi\/wp-json\/wp\/v2\/comments?post=1454"}],"version-history":[{"count":2,"href":"https:\/\/www.unioviedo.es\/promebi\/wp-json\/wp\/v2\/pages\/1454\/revisions"}],"predecessor-version":[{"id":1456,"href":"https:\/\/www.unioviedo.es\/promebi\/wp-json\/wp\/v2\/pages\/1454\/revisions\/1456"}],"up":[{"embeddable":true,"href":"https:\/\/www.unioviedo.es\/promebi\/wp-json\/wp\/v2\/pages\/1452"}],"wp:attachment":[{"href":"https:\/\/www.unioviedo.es\/promebi\/wp-json\/wp\/v2\/media?parent=1454"}],"curies":[{"name":"wp","href":"https:\/\/api.w.org\/{rel}","templated":true}]}}