{"id":1963,"date":"2018-04-18T18:35:11","date_gmt":"2018-04-18T16:35:11","guid":{"rendered":"http:\/\/www.unioviedo.es\/promebi\/?page_id=1963"},"modified":"2018-04-18T18:41:41","modified_gmt":"2018-04-18T16:41:41","slug":"2016-2","status":"publish","type":"page","link":"https:\/\/www.unioviedo.es\/promebi\/publicaciones_\/articulos\/2016-2\/","title":{"rendered":"2016"},"content":{"rendered":"<ul>\n<li>ALONSO-DOM\u00cdNGUEZ, A., EGUREN, N., y GONZ\u00c1LEZ FERN\u00c1NDEZ, J.A. (2016) \u201cLa Sociolog\u00eda como profesi\u00f3n: Estrategias de potenciaci\u00f3n de la profesi\u00f3n sociol\u00f3gica en el Principado de Asturias\u201d.\u00a0<em>Revista Espa\u00f1ola de Sociolog\u00eda<\/em>\u00a0(RES), Vol. 25 (3 Supl): 171-188. http:\/\/dx.doi.org\/10.22325\/fes\/res.2016.13<\/li>\n<li>ALONSO-DOM\u00cdNGUEZ, A., GARCIA-ESPEJO, I. y GUTI\u00c9RREZ-PALACIOS, R. (2016)\u00a0\u00a0 \u201cAprendizaje interactivo en un contexto low-tech: formaci\u00f3n profesional e innovaci\u00f3n en el caso de Asturias\u201d. Revista Espa\u00f1ola de Sociolog\u00eda (RES), Vol. 25 (3), pp. 37-59. ISSN: 1578-2824. Doi:\u00a0<a href=\"http:\/\/dx.doi.org\/10.22325\/fes\/res.25.3.2016.343\">http:\/\/dx.doi.org\/10.22325\/fes\/res.25.3.2016.343<\/a><\/li>\n<li>CUETO, B. y PRUNEDA, G. (2016): \u201cJob satisfaction of wage and self-employed workers. Do job preferences make a difference?\u201d, <em>Applied Research in Quality of Life<\/em>. DOI: 10.1007\/s11482-016-9456-9.<\/li>\n<li>CUETO, B. y RODR\u00cdGUEZ, V. (2016): \u201cIs sheltered employment more stable than ordinary employment?\u201d, <em>WORK: A Journal of Prevention, Assessment &amp; Rehabilitation.<\/em>Pr\u00f3xima publicaci\u00f3n.<\/li>\n<li>GARRIDO, L. y GUTI\u00c9RREZ, R. (2016): \u201cRecuperar para el empleo a los trabajadores menos cualificados\u201d, Documento 16, C\u00edrculo C\u00edvico de Opini\u00f3n, Madrid, 2016, 48 pp.<\/li>\n<li>GONZ\u00c1LEZ BEGEGA, S.; K\u00d6HLER, H.-D. y ARANEA, M. (2016): \u201cLa informaci\u00f3n y consulta de trabajadores de empresas transnacionales. Dimensiones y Despliegue pr\u00e1ctico de los comit\u00e9s de empresa europeos\u201d, <em>Revista de Derecho Social<\/em>72, 185-196.<\/li>\n<li>GONZ\u00c1LEZ BEGEGA, S.; K\u00d6HLER, H.-D. y ARANEA, M. (2016): \u201cLos comit\u00e9s de empresa europeos dos d\u00e9cadas despu\u00e9s. Una evaluaci\u00f3n cr\u00edtica\u201d, <em>Revista del Ministerio de Trabajo y Seguridad Social<\/em>, 127. ISSN 2174-7504<\/li>\n<li>GONZ\u00c1LEZ-MEN\u00c9NDEZ, M., CUETO, B. &amp; TEJERO, A. (2016): \u201cVET system, reforms and challenges in Spain: the renewed two-pronged approach\u201d,\u00a0<em>Zarz\u0105dzanie Zasobami Ludzkimi \u2013 Human Resource Management<\/em>, 6(113)\/16: 11-25.<\/li>\n<li>GUILL\u00c9N RODR\u00cdGUEZ, A.M.; GONZ\u00c1LEZ BEGEGA, S. y LUQUE BALBONA, D. (2016): \u201cAusteridad y ajustes sociales en el Sur de Europa. La fragmentaci\u00f3n del Modelo de Bienestar mediterr\u00e1neo\u201d. <em>Revista Espa\u00f1ola de Sociolog\u00eda<\/em>, 25 (2): 261-272. ISSN 1578-2824.<\/li>\n<li>GUTIERREZ, R y RODR\u00cdGUEZ, V. (2016): \u201cJ\u00f3venes y emprendendores. Las preferencias por el autoempleo de los j\u00f3venes en Espa\u00f1a\u201d.<em>Revista del Ministerio de Empleo y Seguridad Social,<\/em>\u00a0N\u00famero 121, serie Econom\u00eda y Sociolog\u00eda. Pr\u00f3xima publicaci\u00f3n<\/li>\n<li>GUTI\u00c9RREZ, R. y RODR\u00cdGUEZ, V. (2016): \u201cJ\u00f3venes y emprendedores. Las preferencias por el autoempleo de los j\u00f3venes en Espa\u00f1a\u201d,\u00a0<em>Revista del Ministerio de Empleo y Seguridad Social<\/em>, 121, 2016, 37-64.<\/li>\n<li>K\u00d6HLER, H.-D. (2016): \u201cReconstruction and restoration: the legacies of post-war German Industrial Sociology\u201d. <em>Work, Employment and Society<\/em>, 1\/2016. DOI: 10.1177\/0950017016638988<\/li>\n<li>K\u00d6HLER, H.-D.; GONZ\u00c1LEZ BEGEGA, S. y ARANEA, M. (2016): \u201cThree Decades of European Works Councils: a quantitative evaluation\u201f, <em>Warsaw Forum of Economic Sociology<\/em>, Volume 6 Number 1 (11): 49-74. ISSN: 2081-9633.<\/li>\n<li>LUQUE BALBONA, D. y\u00a0GONZ\u00c1LEZ BEGEGA, S. (2016): \u201cCrisis econ\u00f3mica y coaliciones anti-austeridad en Espa\u00f1a. Viejos y nuevos repertorios de protesta (2010-2014)\u201d,<em>Sociolog\u00eda del Trabajo<\/em>, 87, 45-67. ISSN 0210-8364<\/li>\n<li>PETMESIDOU, M. Y GONZ\u00c1LEZ-MEN\u00c9NDEZ, M. C. (2016) \u201cPolicy learning and innovative processes drawing on EU and national policy frameworks on youth \u2013 Synthesis Report\u201d,\u00a0<em>STYLE Working Papers<\/em>, WP4.2. Brighton (Reino Unido): CROME.\u00a0<a href=\"http:\/\/www.style-research.eu\/wordpress\/wp-content\/uploads\/2015\/03\/D_4_2_Policy_learning_and_innovation_processes_Synthesis_Report_FINAL.pdf\">Ver publicaci\u00f3n<\/a><\/li>\n<li>RODR\u00cdGUEZ \u00c1LVAREZ, V y RUBIERA MOROLL\u00d3N, F. (2016): \u201cPanorama de las buenas pr\u00e1cticas y pol\u00edticas adoptadas en la Uni\u00f3n Europea frente al envejecimiento\u201d,<em>Investigaciones Regionales<\/em>, 34.<\/li>\n<\/ul>\n","protected":false},"excerpt":{"rendered":"<p>ALONSO-DOM\u00cdNGUEZ, A., EGUREN, N., y GONZ\u00c1LEZ FERN\u00c1NDEZ, J.A. (2016) \u201cLa Sociolog\u00eda como profesi\u00f3n: Estrategias de potenciaci\u00f3n de la profesi\u00f3n sociol\u00f3gica en el Principado de Asturias\u201d.\u00a0Revista Espa\u00f1ola de Sociolog\u00eda\u00a0(RES), Vol. 25 (3 Supl): 171-188. http:\/\/dx.doi.org\/10.22325\/fes\/res.2016.13 ALONSO-DOM\u00cdNGUEZ, A., GARCIA-ESPEJO, I. y GUTI\u00c9RREZ-PALACIOS, R. (2016)\u00a0\u00a0 \u201cAprendizaje interactivo en un contexto low-tech: formaci\u00f3n profesional e innovaci\u00f3n en el caso [&hellip;]<\/p>\n","protected":false},"author":5,"featured_media":0,"parent":1419,"menu_order":0,"comment_status":"closed","ping_status":"closed","template":"","meta":{"_genesis_hide_title":false,"_genesis_hide_breadcrumbs":false,"_genesis_hide_singular_image":false,"_genesis_hide_footer_widgets":false,"_genesis_custom_body_class":"","_genesis_custom_post_class":"","_genesis_layout":"","footnotes":""},"class_list":{"0":"post-1963","1":"page","2":"type-page","3":"status-publish","5":"entry","6":"gs-1","7":"gs-odd","8":"gs-even","9":"gs-featured-content-entry"},"_links":{"self":[{"href":"https:\/\/www.unioviedo.es\/promebi\/wp-json\/wp\/v2\/pages\/1963","targetHints":{"allow":["GET"]}}],"collection":[{"href":"https:\/\/www.unioviedo.es\/promebi\/wp-json\/wp\/v2\/pages"}],"about":[{"href":"https:\/\/www.unioviedo.es\/promebi\/wp-json\/wp\/v2\/types\/page"}],"author":[{"embeddable":true,"href":"https:\/\/www.unioviedo.es\/promebi\/wp-json\/wp\/v2\/users\/5"}],"replies":[{"embeddable":true,"href":"https:\/\/www.unioviedo.es\/promebi\/wp-json\/wp\/v2\/comments?post=1963"}],"version-history":[{"count":2,"href":"https:\/\/www.unioviedo.es\/promebi\/wp-json\/wp\/v2\/pages\/1963\/revisions"}],"predecessor-version":[{"id":1969,"href":"https:\/\/www.unioviedo.es\/promebi\/wp-json\/wp\/v2\/pages\/1963\/revisions\/1969"}],"up":[{"embeddable":true,"href":"https:\/\/www.unioviedo.es\/promebi\/wp-json\/wp\/v2\/pages\/1419"}],"wp:attachment":[{"href":"https:\/\/www.unioviedo.es\/promebi\/wp-json\/wp\/v2\/media?parent=1963"}],"curies":[{"name":"wp","href":"https:\/\/api.w.org\/{rel}","templated":true}]}}