{"id":1979,"date":"2018-04-18T18:50:47","date_gmt":"2018-04-18T16:50:47","guid":{"rendered":"http:\/\/www.unioviedo.es\/promebi\/?page_id=1979"},"modified":"2018-04-18T18:50:47","modified_gmt":"2018-04-18T16:50:47","slug":"2013-2","status":"publish","type":"page","link":"https:\/\/www.unioviedo.es\/promebi\/publicaciones_\/capitulos-de-libros\/2013-2\/","title":{"rendered":"2013"},"content":{"rendered":"<ul>\n<li>ALONSO DOM\u00cdNGUEZ, A. (2013) \u201cAstilleros varados. La construcci\u00f3n naval en Gij\u00f3n: el ocaso de un gigante\u201d, en\u00a0<em>Astilleros en el Arco Atl\u00e1ntico. Trabajo, historia y patrimonio<\/em>, pags. 103-128, Gij\u00f3n: Ediciones Trea.\u00a0<a href=\"http:\/\/www.trea.es\/ficha.php?idLibro=00001278\">http:\/\/www.trea.es\/ficha.php?idLibro=00001278<\/a><\/li>\n<li>ARANEA, M. (2013): \u201cThe Buen Vivir (good life) in Latin America: an alternative developmental concept challenging extractivism in Ecuador\u201d. En: FAKIER, K. y EHMKE, E. (eds.):\u00a0<em>Socio-economic insecurity in emerging economies. Building new spaces<\/em>.<\/li>\n<li>GUTI\u00c9RREZ, R. (2013):\u201dCambios alimentarios y h\u00e1bitos saludables\u201d. En: DIAZ, C. (coord..):\u00a0<em>H\u00e1bitos alimentarios de los espa\u00f1oles<\/em>, Madrid: Ministerio de Agricultura, Alimentaci\u00f3n y Medio Ambiente, 89-116.<\/li>\n<li>K\u00d6HLER, H.D.; GONZ\u00c1LEZ BEGEGA, S. y LUQUE BALBONA, D. (2013): \u201cSindicatos, crisis econ\u00f3mica y repertorios de protesta en el Sur de Europa\u201d, en AGULAR. S. (coord.):\u00a0<em>Anuario del Conflicto Social 2012<\/em>, Barcelona: Universidad de Barcelona, pp. 1013-1052. :<a href=\"http:\/\/www.observatoridelconflictesocial.org\/es\">ver publicaci\u00f3n<\/a><\/li>\n<li>MART\u00cdNEZ LUCIO, M. and GONZ\u00c1LEZ MEN\u00c9NDEZ, M. (2013): \u201cWorker voice under pressure: Collective workplace representation and the challenge of multiplying spaces and actors\u201d. En: ARROWSMITH, J. and PULIGNANO, V. (eds.):\u00a0<em>The Transformation of Employment Relations in Europe. Institutions and Outcomes in the Age of Globalization<\/em>. Routlege Research in Employment Relations Series. London: Routledge. June. Ch. 3, pp. 33-50.\u00a0<a href=\"http:\/\/www.taylorandfrancis.com\/catalogs\/business_research\/2\/2\/\">http:\/\/www.taylorandfrancis.com\/catalogs\/business_research\/2\/2\/<\/a><\/li>\n<\/ul>\n","protected":false},"excerpt":{"rendered":"<p>ALONSO DOM\u00cdNGUEZ, A. (2013) \u201cAstilleros varados. La construcci\u00f3n naval en Gij\u00f3n: el ocaso de un gigante\u201d, en\u00a0Astilleros en el Arco Atl\u00e1ntico. Trabajo, historia y patrimonio, pags. 103-128, Gij\u00f3n: Ediciones Trea.\u00a0http:\/\/www.trea.es\/ficha.php?idLibro=00001278 ARANEA, M. (2013): \u201cThe Buen Vivir (good life) in Latin America: an alternative developmental concept challenging extractivism in Ecuador\u201d. En: FAKIER, K. y EHMKE, E. [&hellip;]<\/p>\n","protected":false},"author":5,"featured_media":0,"parent":1426,"menu_order":0,"comment_status":"closed","ping_status":"closed","template":"","meta":{"_genesis_hide_title":false,"_genesis_hide_breadcrumbs":false,"_genesis_hide_singular_image":false,"_genesis_hide_footer_widgets":false,"_genesis_custom_body_class":"","_genesis_custom_post_class":"","_genesis_layout":"","footnotes":""},"class_list":{"0":"post-1979","1":"page","2":"type-page","3":"status-publish","5":"entry","6":"gs-1","7":"gs-odd","8":"gs-even","9":"gs-featured-content-entry"},"_links":{"self":[{"href":"https:\/\/www.unioviedo.es\/promebi\/wp-json\/wp\/v2\/pages\/1979","targetHints":{"allow":["GET"]}}],"collection":[{"href":"https:\/\/www.unioviedo.es\/promebi\/wp-json\/wp\/v2\/pages"}],"about":[{"href":"https:\/\/www.unioviedo.es\/promebi\/wp-json\/wp\/v2\/types\/page"}],"author":[{"embeddable":true,"href":"https:\/\/www.unioviedo.es\/promebi\/wp-json\/wp\/v2\/users\/5"}],"replies":[{"embeddable":true,"href":"https:\/\/www.unioviedo.es\/promebi\/wp-json\/wp\/v2\/comments?post=1979"}],"version-history":[{"count":1,"href":"https:\/\/www.unioviedo.es\/promebi\/wp-json\/wp\/v2\/pages\/1979\/revisions"}],"predecessor-version":[{"id":1980,"href":"https:\/\/www.unioviedo.es\/promebi\/wp-json\/wp\/v2\/pages\/1979\/revisions\/1980"}],"up":[{"embeddable":true,"href":"https:\/\/www.unioviedo.es\/promebi\/wp-json\/wp\/v2\/pages\/1426"}],"wp:attachment":[{"href":"https:\/\/www.unioviedo.es\/promebi\/wp-json\/wp\/v2\/media?parent=1979"}],"curies":[{"name":"wp","href":"https:\/\/api.w.org\/{rel}","templated":true}]}}