{"id":2200,"date":"2018-01-03T12:30:00","date_gmt":"2018-01-03T11:30:00","guid":{"rendered":"https:\/\/www.unioviedo.es\/promebi\/?page_id=2200"},"modified":"2025-06-05T17:48:38","modified_gmt":"2025-06-05T15:48:38","slug":"roberto-giosa","status":"publish","type":"page","link":"https:\/\/www.unioviedo.es\/promebi\/equipo\/investigadores\/roberto-giosa\/","title":{"rendered":"Roberto Giosa"},"content":{"rendered":"<p><strong><a href=\"http:\/\/www.unioviedo.es\/promebi\/wp-content\/uploads\/2021\/08\/Roberto-PROMEBI.jpeg\"><img loading=\"lazy\" decoding=\"async\" class=\"alignleft wp-image-2201 size-medium\" src=\"http:\/\/www.unioviedo.es\/promebi\/wp-content\/uploads\/2021\/08\/Roberto-PROMEBI-234x300.jpeg\" alt=\"\" width=\"234\" height=\"300\" srcset=\"https:\/\/www.unioviedo.es\/promebi\/wp-content\/uploads\/2021\/08\/Roberto-PROMEBI-234x300.jpeg 234w, https:\/\/www.unioviedo.es\/promebi\/wp-content\/uploads\/2021\/08\/Roberto-PROMEBI-799x1024.jpeg 799w, https:\/\/www.unioviedo.es\/promebi\/wp-content\/uploads\/2021\/08\/Roberto-PROMEBI-768x984.jpeg 768w, https:\/\/www.unioviedo.es\/promebi\/wp-content\/uploads\/2021\/08\/Roberto-PROMEBI-1199x1536.jpeg 1199w, https:\/\/www.unioviedo.es\/promebi\/wp-content\/uploads\/2021\/08\/Roberto-PROMEBI.jpeg 1598w\" sizes=\"auto, (max-width: 234px) 100vw, 234px\" \/><\/a>Categor\u00eda:<\/strong> Doctor<span class=\"org\"><br \/>\n<\/span><strong>Departamento:<\/strong> <span class=\"org\">Sociolog\u00eda<br \/>\n<\/span><strong>\u00c1rea:<\/strong> Sociolog\u00eda<span class=\"org\"><br \/>\n<strong>Despacho:<\/strong> Sala Adolfo G. Posada<br \/>\n<\/span><strong>Correo: <\/strong><a href=\"mailto:giosaroberto@uniovi.es\">giosaroberto@uniovi.es<\/a><\/p>\n<p><strong>M\u00e1s informaci\u00f3n en el siguiente enlace:\u00a0<\/strong> <a href=\"https:\/\/orcid.org\/0000-0001-7619-4532\">ORCID<\/a>, <a href=\"https:\/\/scholar.google.es\/citations?view_op=list_works&amp;hl=es&amp;hl=es&amp;user=-Gk5NwUAAAAJ\">Scholar<\/a>, <a href=\"https:\/\/www.researchgate.net\/profile\/Roberto-Giosa\">Researchgate<\/a><\/p>\n<p><span style=\"color: #ffffff;\"><strong>Project:<\/strong> Access to mental health and the primary care: management and handling strategies in Spain and Italy<\/span><br \/>\n<span style=\"color: #ffffff;\"><strong>Supervisors:\u00a0<\/strong>Prof. Ana M. Guill\u00e9n Rodr\u00edguez y Prof. David Luque Balbona<\/span><\/p>\n<h3><span style=\"color: #ffffff;\">.<\/span><\/h3>\n<h3>Short Bio<\/h3>\n<p>Roberto Giosa holds a Ph.D. in sociology from the University of Oviedo and his work focuses on studying the general practitioners\u2019 management of patients with mental disorders using Street-level Bureaucracy theory as an analytical framework. In his doctoral dissertation, titled \u00abAccess to mental health and the primary care: management and handling strategies in Spain and Italy\u00bb, he highlights the significant discretionary power that GPs exercise in their daily practice, directly impacting the implementation of the healthcare systems\u2019 universality at the street-level.<\/p>\n<p>Before working in the field of sociology, he obtained a qualification as a clinical psychologist from the Italian Ministry of Health and another as a general health psychologist from its Spanish equivalent.\u00a0 Roberto also worked as a research support technician on the project Multisite Smartphone-based Ecological Momentary Intervention for Suicide Prevention (HR23-00421). Actually he is working as a researcher on the project SEK-25-GRU-GIC-24-046 (line of research: The challenges of the ageing process of the working population).<\/p>\n<p><span style=\"color: inherit; font-size: 1.56em; font-weight: 600;\">Publicaciones<\/span><\/p>\n<ul>\n<li>Doblyte, S. and Giosa, R. (2024). Why people work past retirement age: The continuity of routines, future imaginaries, and practical evaluation. <em>Journal of Occupational Science<\/em> 31(4): 672-686. (con traducci\u00f3n al espa\u00f1ol). <a href=\"http:\/\/dx.doi.org\/10.1080\/14427591.2024.2344476\">http:\/\/dx.doi.org\/10.1080\/14427591.2024.2344476<\/a><\/li>\n<li>\n<section class=\"Citation mb-2\">Giosa, R.\u00a0(2024), \u00abInstitutional and organisational influence on mental health management in Spanish and Italian primary care\u00bb,\u00a0<i>International Journal of Sociology and Social Policy<\/i>, Vol. 44 No. 3\/4, pp. 341-356. <a class=\"intent_doi_link Citation__identifier__link\" title=\"DOI: https:\/\/doi.org\/10.1108\/IJSSP-03-2023-0081\" href=\"https:\/\/doi.org\/10.1108\/IJSSP-03-2023-0081\">https:\/\/doi.org\/10.1108\/IJSSP-03-2023-0081<\/a><\/section>\n<\/li>\n<li>Giosa, R. (2022). Un approccio sociologico per lo studio della gestione della salute mentale in medicina generale: la teoria della Street-level Bureaucracy. <em>Nuova rassegna di studi psichiatrici<\/em>, 25.<\/li>\n<li>\n<section class=\"Citation mb-2\">Giosa R. (2022). Peter Hupe (editado por), 2019: Research Handbook on Street-level Bureaucracy: The Ground Floor of Government in Context, Cheltenham, UK and Northampton, USA, Edward Elgar Publishing. 544 pp.\u00a0<i>Pol\u00edtica y Sociedad<\/i>,\u00a0<i>59<\/i>(2), e80453. https:\/\/doi.org\/10.5209\/poso.80453<\/section>\n<\/li>\n<li>Giosa, R. (2021). Lipsky, M. (edici\u00f3n original, 1980; edici\u00f3n ampliada 30\u00ba aniversario, 2010): Street level bureaucracy: dilemmas of the individual in public services, New York, Russell Sage Foundation, 300 pp. <em>Pol\u00edtica Y Sociedad<\/em>, <em>58<\/em>(2), e73628. <a href=\"https:\/\/doi.org\/10.5209\/poso.73628\">https:\/\/doi.org\/10.5209\/poso.73628<\/a><\/li>\n<li>Giosa, R. (2019). Psicooncolog\u00eda pedi\u00e1trica: el m\u00e9todo fenomenol\u00f3gico hermen\u00e9utico en el estudio de las vivencias del personal sanitario implicado en las curas. <em>Revista de psicolog\u00eda de la salud<\/em>, <em>7<\/em>(1), 533-555. <a href=\"https:\/\/revistas.innovacionumh.es\/index.php\/psicologiasalud\/article\/view\/872\">https:\/\/revistas.innovacionumh.es\/index.php\/psicologiasalud\/article\/view\/872<\/a><\/li>\n<li>Giosa, R. (2019). Psicooncolog\u00eda pedi\u00e1trica: un estudio fenomenol\u00f3gico hermen\u00e9utico con personal sanitario. <em>Revista de psicolog\u00eda de la salud<\/em>, <em>7<\/em>(1), 105-133. <a href=\"https:\/\/revistas.innovacionumh.es\/index.php\/psicologiasalud\/article\/view\/866\">https:\/\/revistas.innovacionumh.es\/index.php\/psicologiasalud\/article\/view\/866<\/a><\/li>\n<\/ul>\n<div class=\"areasInteres\"><\/div>\n<div class=\"areasInteres\"><\/div>\n<div class=\"areasInteres\"><\/div>\n<div class=\"areasInteres\"><\/div>\n<div class=\"areasInteres\"><\/div>\n","protected":false},"excerpt":{"rendered":"<p>Categor\u00eda: Doctor Departamento: Sociolog\u00eda \u00c1rea: Sociolog\u00eda Despacho: Sala Adolfo G. Posada Correo: giosaroberto@uniovi.es M\u00e1s informaci\u00f3n en el siguiente enlace:\u00a0 ORCID, Scholar, Researchgate Project: Access to mental health and the primary care: management and handling strategies in Spain and Italy Supervisors:\u00a0Prof. Ana M. Guill\u00e9n Rodr\u00edguez y Prof. David Luque Balbona . Short Bio Roberto Giosa holds [&hellip;]<\/p>\n","protected":false},"author":5,"featured_media":2201,"parent":88,"menu_order":500,"comment_status":"closed","ping_status":"closed","template":"","meta":{"_genesis_hide_title":false,"_genesis_hide_breadcrumbs":false,"_genesis_hide_singular_image":false,"_genesis_hide_footer_widgets":false,"_genesis_custom_body_class":"","_genesis_custom_post_class":"","_genesis_layout":"","footnotes":""},"class_list":{"0":"post-2200","1":"page","2":"type-page","3":"status-publish","4":"has-post-thumbnail","6":"entry","7":"gs-1","8":"gs-odd","9":"gs-even","10":"gs-featured-content-entry"},"_links":{"self":[{"href":"https:\/\/www.unioviedo.es\/promebi\/wp-json\/wp\/v2\/pages\/2200","targetHints":{"allow":["GET"]}}],"collection":[{"href":"https:\/\/www.unioviedo.es\/promebi\/wp-json\/wp\/v2\/pages"}],"about":[{"href":"https:\/\/www.unioviedo.es\/promebi\/wp-json\/wp\/v2\/types\/page"}],"author":[{"embeddable":true,"href":"https:\/\/www.unioviedo.es\/promebi\/wp-json\/wp\/v2\/users\/5"}],"replies":[{"embeddable":true,"href":"https:\/\/www.unioviedo.es\/promebi\/wp-json\/wp\/v2\/comments?post=2200"}],"version-history":[{"count":29,"href":"https:\/\/www.unioviedo.es\/promebi\/wp-json\/wp\/v2\/pages\/2200\/revisions"}],"predecessor-version":[{"id":2590,"href":"https:\/\/www.unioviedo.es\/promebi\/wp-json\/wp\/v2\/pages\/2200\/revisions\/2590"}],"up":[{"embeddable":true,"href":"https:\/\/www.unioviedo.es\/promebi\/wp-json\/wp\/v2\/pages\/88"}],"wp:featuredmedia":[{"embeddable":true,"href":"https:\/\/www.unioviedo.es\/promebi\/wp-json\/wp\/v2\/media\/2201"}],"wp:attachment":[{"href":"https:\/\/www.unioviedo.es\/promebi\/wp-json\/wp\/v2\/media?parent=2200"}],"curies":[{"name":"wp","href":"https:\/\/api.w.org\/{rel}","templated":true}]}}