{"id":2388,"date":"2023-09-12T15:24:47","date_gmt":"2023-09-12T13:24:47","guid":{"rendered":"https:\/\/www.unioviedo.es\/promebi\/?page_id=2388"},"modified":"2024-02-28T15:28:36","modified_gmt":"2024-02-28T14:28:36","slug":"andrea-moreno-gonzalez","status":"publish","type":"page","link":"https:\/\/www.unioviedo.es\/promebi\/equipo\/personal-en-formacion\/andrea-moreno-gonzalez\/","title":{"rendered":"Andrea Moreno Gonz\u00e1lez"},"content":{"rendered":"<p><strong><a href=\"http:\/\/www.unioviedo.es\/promebi\/wp-content\/uploads\/2023\/09\/andrea_fotopromebi.jpeg\"><img loading=\"lazy\" decoding=\"async\" class=\"alignleft size-medium wp-image-2389\" src=\"http:\/\/www.unioviedo.es\/promebi\/wp-content\/uploads\/2023\/09\/andrea_fotopromebi-265x300.jpeg\" alt=\"\" width=\"265\" height=\"300\" srcset=\"https:\/\/www.unioviedo.es\/promebi\/wp-content\/uploads\/2023\/09\/andrea_fotopromebi-265x300.jpeg 265w, https:\/\/www.unioviedo.es\/promebi\/wp-content\/uploads\/2023\/09\/andrea_fotopromebi-906x1024.jpeg 906w, https:\/\/www.unioviedo.es\/promebi\/wp-content\/uploads\/2023\/09\/andrea_fotopromebi-768x868.jpeg 768w, https:\/\/www.unioviedo.es\/promebi\/wp-content\/uploads\/2023\/09\/andrea_fotopromebi.jpeg 1080w\" sizes=\"auto, (max-width: 265px) 100vw, 265px\" \/><\/a>Categor\u00eda: \u00a0<\/strong>Estudiante de doctorado, Programa \u00abSevero Ochoa\u00bb<\/p>\n<p><strong>Departamento: <\/strong>Sociolog\u00eda<\/p>\n<p><strong>\u00c1rea:<\/strong> Sociolog\u00eda<\/p>\n<p><strong>Despacho:<\/strong>\u00a0Sala Adolfo G. Posada<\/p>\n<p><strong>Correo electr\u00f3nico:<\/strong> morenogandrea@uniovi.es<\/p>\n<p><strong>M\u00e1s informaci\u00f3n en el siguiente enlace:<\/strong> <a href=\"https:\/\/orcid.org\/0000-0003-1375-4058\">Orcid<\/a>, <a href=\"https:\/\/www.researchgate.net\/profile\/Andrea-Moreno-Gonzalez\">ResearchGate<\/a>, <a href=\"https:\/\/scholar.google.com\/citations?hl=es&amp;view_op=list_works&amp;gmla=AP6z3OatqmLBZkKSNyUm4xOPdDmHHSMwE8ZnlyLo4-2oLqtyXSYGVYgM_IWxWnktTNjHxQG05PGhykkozaeBfruhQ_gYRxETaQ&amp;user=CKOf3MUAAAAJ\">Google Scholar<\/a><\/p>\n<h3>Short bio<\/h3>\n<p>Andrea Moreno Gonz\u00e1lez is a PhD student at the Sociology Department of the University of Oviedo. She holds a BA in Sociology from the University of Salamanca (USAL) and a master\u2019s degree in Social Policy, Employment and Welfare from the Autonomous University of Barcelona (UAB). She completed her master\u2019s thesis with a project on Industrial Relations with the title \u00ab<a href=\"https:\/\/ddd.uab.cat\/record\/214669\">El sindicato de las kellys en el marco post-fordista de relaciones industriales<\/a>\u201d supervised by Prof. Antonio Mart\u00edn Artiles. She currently holds a Severo Ochoa grant from the Principality of Asturias, and she is a member of the PROMEBI Research Group (Promoting Employment and Welfare in Europe). Her doctoral thesis deals with the institutional transformation of Public Employment Services in Southern European Countries.<\/p>\n<p>Before her incorporation into the department, in 2016 she worked as a research assistant in El Colegio de M\u00e9xico (M\u00e9xico) with the Prof. Fernanda Somuano Ventura. Also, she worked for 3 years as a labuor counsellor in the third sector. Her academic and research interests include labour market transformations, Industrial Relations, Welfare States and Public policies, and Social and Gender inequalities.<\/p>\n<p>Andrea Moreno Gonz\u00e1lez es estudiante de doctorado en el Departamento de Sociolog\u00eda de la Universidad de Oviedo. Es graduada en Sociolog\u00eda por la Universidad de Salamanca (USAL) y cuenta con un m\u00e1ster en Pol\u00edtica Social, Empleo y Bienestar por la Universidad Aut\u00f3noma de Barcelona (UAB). Realiz\u00f3 su trabajo fin de m\u00e1ster en el \u00e1rea de relaciones industriales con un trabajo dirigido por el Profesor Antonio Mart\u00edn Artiles que tuvo por t\u00edtulo \u00ab<a href=\"https:\/\/ddd.uab.cat\/record\/214669\">El sindicato de las kellys en el marco post-fordista de relaciones industriales<\/a>\u00ab. Cuenta con un contrato Severo Ochoa del Principado de Asturias y es miembro del Grupo de Investigaci\u00f3n PROMEBI (Promoci\u00f3n del empleo y el bienestar en Europa). Su tesis doctoral versa sobre la transformaci\u00f3n institucional de los Servicios P\u00fablicos de Empleo en el Sur de Europa.<\/p>\n<p>Antes de su incorporaci\u00f3n al departamento, en 2016 trabaj\u00f3 como asistente de investigaci\u00f3n en El Colegio de M\u00e9xico (M\u00e9xico) con la Profesora Fernanda Somuano. Adem\u00e1s, trabaj\u00f3 durante 3 a\u00f1os como orientadora laboral en el tercer sector. Sus intereses acad\u00e9micos y de investigaci\u00f3n incluyen el mercado laboral y sus transformaciones, las relaciones industriales, los estados de bienestar y las pol\u00edticas p\u00fablicas y las desigualdades sociales y de g\u00e9nero.<\/p>\n","protected":false},"excerpt":{"rendered":"<p>Categor\u00eda: \u00a0Estudiante de doctorado, Programa \u00abSevero Ochoa\u00bb Departamento: Sociolog\u00eda \u00c1rea: Sociolog\u00eda Despacho:\u00a0Sala Adolfo G. Posada Correo electr\u00f3nico: morenogandrea@uniovi.es M\u00e1s informaci\u00f3n en el siguiente enlace: Orcid, ResearchGate, Google Scholar Short bio Andrea Moreno Gonz\u00e1lez is a PhD student at the Sociology Department of the University of Oviedo. She holds a BA in Sociology from the University [&hellip;]<\/p>\n","protected":false},"author":5,"featured_media":2389,"parent":560,"menu_order":0,"comment_status":"closed","ping_status":"closed","template":"","meta":{"_genesis_hide_title":false,"_genesis_hide_breadcrumbs":false,"_genesis_hide_singular_image":false,"_genesis_hide_footer_widgets":false,"_genesis_custom_body_class":"","_genesis_custom_post_class":"","_genesis_layout":"","footnotes":""},"class_list":{"0":"post-2388","1":"page","2":"type-page","3":"status-publish","4":"has-post-thumbnail","6":"entry","7":"gs-1","8":"gs-odd","9":"gs-even","10":"gs-featured-content-entry"},"_links":{"self":[{"href":"https:\/\/www.unioviedo.es\/promebi\/wp-json\/wp\/v2\/pages\/2388","targetHints":{"allow":["GET"]}}],"collection":[{"href":"https:\/\/www.unioviedo.es\/promebi\/wp-json\/wp\/v2\/pages"}],"about":[{"href":"https:\/\/www.unioviedo.es\/promebi\/wp-json\/wp\/v2\/types\/page"}],"author":[{"embeddable":true,"href":"https:\/\/www.unioviedo.es\/promebi\/wp-json\/wp\/v2\/users\/5"}],"replies":[{"embeddable":true,"href":"https:\/\/www.unioviedo.es\/promebi\/wp-json\/wp\/v2\/comments?post=2388"}],"version-history":[{"count":4,"href":"https:\/\/www.unioviedo.es\/promebi\/wp-json\/wp\/v2\/pages\/2388\/revisions"}],"predecessor-version":[{"id":2396,"href":"https:\/\/www.unioviedo.es\/promebi\/wp-json\/wp\/v2\/pages\/2388\/revisions\/2396"}],"up":[{"embeddable":true,"href":"https:\/\/www.unioviedo.es\/promebi\/wp-json\/wp\/v2\/pages\/560"}],"wp:featuredmedia":[{"embeddable":true,"href":"https:\/\/www.unioviedo.es\/promebi\/wp-json\/wp\/v2\/media\/2389"}],"wp:attachment":[{"href":"https:\/\/www.unioviedo.es\/promebi\/wp-json\/wp\/v2\/media?parent=2388"}],"curies":[{"name":"wp","href":"https:\/\/api.w.org\/{rel}","templated":true}]}}