{"id":2441,"date":"2018-01-12T11:30:00","date_gmt":"2018-01-12T10:30:00","guid":{"rendered":"https:\/\/www.unioviedo.es\/promebi\/?page_id=2441"},"modified":"2024-07-16T21:43:56","modified_gmt":"2024-07-16T19:43:56","slug":"raul-paya-castiblanque","status":"publish","type":"page","link":"https:\/\/www.unioviedo.es\/promebi\/equipo\/investigadores\/raul-paya-castiblanque\/","title":{"rendered":"Ra\u00fal Pay\u00e1 Castiblanque"},"content":{"rendered":"<p><strong>Categor\u00eda:\u00a0<\/strong>P<a href=\"http:\/\/www.unioviedo.es\/promebi\/wp-content\/uploads\/2024\/07\/RPC.png\"><img loading=\"lazy\" decoding=\"async\" class=\"alignleft  wp-image-2442\" src=\"http:\/\/www.unioviedo.es\/promebi\/wp-content\/uploads\/2024\/07\/RPC.png\" alt=\"\" width=\"212\" height=\"218\" \/><\/a>rofesor Ayudante Doctor \u2013 Universidad de Valencia<\/p>\n<p><strong>Departamento:\u00a0<\/strong>Sociolog\u00eda y Antropolog\u00eda Social<\/p>\n<p><strong>\u00c1rea: <\/strong>Sociolog\u00eda<\/p>\n<p><strong>Despacho:\u00a0<\/strong>4P08 Facultad de Ciencias Sociales (Valencia)<\/p>\n<p><strong>Correo: <\/strong><a href=\"mailto:raul.paya@uv.es\">raul.paya@uv.es<\/a><\/p>\n<h4><strong>\u00c1reas de inter\u00e9s:<\/strong><\/h4>\n<ul>\n<li>Sociolog\u00eda del Trabajo<\/li>\n<li>Relaciones Laborales<\/li>\n<li>Seguridad y Salud Laboral<\/li>\n<li>Riesgos Psicosociales<\/li>\n<li>Organizaci\u00f3n del Trabajo y Salud<\/li>\n<\/ul>\n<h4><strong>\u00a0<\/strong><strong>Short Bio<\/strong><\/h4>\n<p>Ra\u00fal Pay\u00e1 Castiblanque es Profesor Ayudante Doctor del Departamento de Sociolog\u00eda de la Universidad de Valencia. Anteriormente, fue investigador postdoctoral Margarita Salas en el Institut d\u2019Estudis del Treball de la Universidad Aut\u00f3noma de Barcelona e investigador predocotoral FPU en la Universidad de Valencia. Su principal l\u00ednea de investigaci\u00f3n se centra en el estudio comparado de los modelos de relaciones laborales europeos y sus efectos sobre la mejora de la sostenibilidad y la seguridad y salud ocupacional. Su etapa formativa se combin\u00f3 con el ejerci\u00f3 de la profesi\u00f3n de T\u00e9cnico de prevenci\u00f3n de riesgos laborales desde el a\u00f1o 2007 hasta 2016. Esta experiencia laboral le permiti\u00f3 iniciar una l\u00ednea de investigaci\u00f3n novedosa, orientada hacia el estudio del impacto de representaci\u00f3n sindical sobre los determinantes de la sostenibilidad y la seguridad y salud laboral, presentando como resultado m\u00e1s de veinte art\u00edculos cient\u00edficos en revistas internacionales (American Journal of Industrial Medicine; International Journal of Comparative Sociology; International Journal of Environmental Research and Public Health; Ex Aequo) y nacionales de prestigio (Cuadernos de Relaciones Laborales; Prisma Social; Cuadernos Geogr\u00e1ficos; Archivos de Prevenci\u00f3n De Riesgos Laborales), as\u00ed como diversos cap\u00edtulos de libro en editoriales de excelencia (Tirant lo Blanch, Aranzadi, Icaria, Laborum, etc.). Ha participado en diversos proyectos nacionales de I+D competitivos y contratos de transferencia.<\/p>\n","protected":false},"excerpt":{"rendered":"<p>Categor\u00eda:\u00a0Profesor Ayudante Doctor \u2013 Universidad de Valencia Departamento:\u00a0Sociolog\u00eda y Antropolog\u00eda Social \u00c1rea: Sociolog\u00eda Despacho:\u00a04P08 Facultad de Ciencias Sociales (Valencia) Correo: raul.paya@uv.es \u00c1reas de inter\u00e9s: Sociolog\u00eda del Trabajo Relaciones Laborales Seguridad y Salud Laboral Riesgos Psicosociales Organizaci\u00f3n del Trabajo y Salud \u00a0Short Bio Ra\u00fal Pay\u00e1 Castiblanque es Profesor Ayudante Doctor del Departamento de Sociolog\u00eda de la [&hellip;]<\/p>\n","protected":false},"author":5,"featured_media":2442,"parent":88,"menu_order":0,"comment_status":"closed","ping_status":"closed","template":"","meta":{"_genesis_hide_title":false,"_genesis_hide_breadcrumbs":false,"_genesis_hide_singular_image":false,"_genesis_hide_footer_widgets":false,"_genesis_custom_body_class":"","_genesis_custom_post_class":"","_genesis_layout":"","footnotes":""},"class_list":{"0":"post-2441","1":"page","2":"type-page","3":"status-publish","4":"has-post-thumbnail","6":"entry","7":"gs-1","8":"gs-odd","9":"gs-even","10":"gs-featured-content-entry"},"_links":{"self":[{"href":"https:\/\/www.unioviedo.es\/promebi\/wp-json\/wp\/v2\/pages\/2441","targetHints":{"allow":["GET"]}}],"collection":[{"href":"https:\/\/www.unioviedo.es\/promebi\/wp-json\/wp\/v2\/pages"}],"about":[{"href":"https:\/\/www.unioviedo.es\/promebi\/wp-json\/wp\/v2\/types\/page"}],"author":[{"embeddable":true,"href":"https:\/\/www.unioviedo.es\/promebi\/wp-json\/wp\/v2\/users\/5"}],"replies":[{"embeddable":true,"href":"https:\/\/www.unioviedo.es\/promebi\/wp-json\/wp\/v2\/comments?post=2441"}],"version-history":[{"count":7,"href":"https:\/\/www.unioviedo.es\/promebi\/wp-json\/wp\/v2\/pages\/2441\/revisions"}],"predecessor-version":[{"id":2449,"href":"https:\/\/www.unioviedo.es\/promebi\/wp-json\/wp\/v2\/pages\/2441\/revisions\/2449"}],"up":[{"embeddable":true,"href":"https:\/\/www.unioviedo.es\/promebi\/wp-json\/wp\/v2\/pages\/88"}],"wp:featuredmedia":[{"embeddable":true,"href":"https:\/\/www.unioviedo.es\/promebi\/wp-json\/wp\/v2\/media\/2442"}],"wp:attachment":[{"href":"https:\/\/www.unioviedo.es\/promebi\/wp-json\/wp\/v2\/media?parent=2441"}],"curies":[{"name":"wp","href":"https:\/\/api.w.org\/{rel}","templated":true}]}}