{"id":2453,"date":"2018-01-04T10:24:00","date_gmt":"2018-01-04T09:24:00","guid":{"rendered":"https:\/\/www.unioviedo.es\/promebi\/?page_id=2453"},"modified":"2024-10-15T13:24:30","modified_gmt":"2024-10-15T11:24:30","slug":"ignacio-fradejas-garcia","status":"publish","type":"page","link":"https:\/\/www.unioviedo.es\/promebi\/equipo\/investigadores\/ignacio-fradejas-garcia\/","title":{"rendered":"Ignacio Fradejas Garc\u00eda"},"content":{"rendered":"<p><strong><img loading=\"lazy\" decoding=\"async\" class=\"alignleft wp-image-2454 size-medium\" src=\"http:\/\/www.unioviedo.es\/promebi\/wp-content\/uploads\/2024\/10\/4538C5AF4F5AF894BC724EA8155059FF-300x300.jpg\" alt=\"\" width=\"300\" height=\"300\" srcset=\"https:\/\/www.unioviedo.es\/promebi\/wp-content\/uploads\/2024\/10\/4538C5AF4F5AF894BC724EA8155059FF-300x300.jpg 300w, https:\/\/www.unioviedo.es\/promebi\/wp-content\/uploads\/2024\/10\/4538C5AF4F5AF894BC724EA8155059FF-150x150.jpg 150w, https:\/\/www.unioviedo.es\/promebi\/wp-content\/uploads\/2024\/10\/4538C5AF4F5AF894BC724EA8155059FF-100x100.jpg 100w, https:\/\/www.unioviedo.es\/promebi\/wp-content\/uploads\/2024\/10\/4538C5AF4F5AF894BC724EA8155059FF.jpg 500w\" sizes=\"auto, (max-width: 300px) 100vw, 300px\" \/>Categor\u00eda:<\/strong> Profesor Ayudante Doctor<span class=\"org\"><br \/>\n<\/span><strong>Departamento:<\/strong> <span class=\"org\">Sociolog\u00eda<br \/>\n<\/span><strong>\u00c1rea:<\/strong> <span class=\"org\">Trabajo Social<br \/>\n<strong>Despacho:<\/strong>\u00a0301 Facultad \u00abJovellanos\u00bb Gij\u00f3n<br \/>\n<\/span><strong>Correo<\/strong>: <a href=\"mailto:fradejasignacio@uniovi.es\">fradejasignacio@uniovi.es<\/a><\/p>\n<p><strong>M\u00e1s informaci\u00f3n en los siguientes enlaces:<\/strong><\/p>\n<p><a href=\"https:\/\/orcid.org\/0000-0002-2514-0654\">Orcid<\/a>, <a href=\"https:\/\/www.researchgate.net\/profile\/Ignacio-Fradejas-Garcia\">ResearchGate<\/a>, <a href=\"https:\/\/scholar.google.es\/citations?user=3ZzgZMUAAAAJ&amp;hl=es\">Google Scholar<\/a><\/p>\n","protected":false},"excerpt":{"rendered":"<p>Categor\u00eda: Profesor Ayudante Doctor Departamento: Sociolog\u00eda \u00c1rea: Trabajo Social Despacho:\u00a0301 Facultad \u00abJovellanos\u00bb Gij\u00f3n Correo: fradejasignacio@uniovi.es M\u00e1s informaci\u00f3n en los siguientes enlaces: Orcid, ResearchGate, Google Scholar<\/p>\n","protected":false},"author":7,"featured_media":2454,"parent":88,"menu_order":0,"comment_status":"closed","ping_status":"closed","template":"","meta":{"_genesis_hide_title":false,"_genesis_hide_breadcrumbs":false,"_genesis_hide_singular_image":false,"_genesis_hide_footer_widgets":false,"_genesis_custom_body_class":"","_genesis_custom_post_class":"","_genesis_layout":"","footnotes":""},"class_list":{"0":"post-2453","1":"page","2":"type-page","3":"status-publish","4":"has-post-thumbnail","6":"entry","7":"gs-1","8":"gs-odd","9":"gs-even","10":"gs-featured-content-entry"},"_links":{"self":[{"href":"https:\/\/www.unioviedo.es\/promebi\/wp-json\/wp\/v2\/pages\/2453","targetHints":{"allow":["GET"]}}],"collection":[{"href":"https:\/\/www.unioviedo.es\/promebi\/wp-json\/wp\/v2\/pages"}],"about":[{"href":"https:\/\/www.unioviedo.es\/promebi\/wp-json\/wp\/v2\/types\/page"}],"author":[{"embeddable":true,"href":"https:\/\/www.unioviedo.es\/promebi\/wp-json\/wp\/v2\/users\/7"}],"replies":[{"embeddable":true,"href":"https:\/\/www.unioviedo.es\/promebi\/wp-json\/wp\/v2\/comments?post=2453"}],"version-history":[{"count":1,"href":"https:\/\/www.unioviedo.es\/promebi\/wp-json\/wp\/v2\/pages\/2453\/revisions"}],"predecessor-version":[{"id":2455,"href":"https:\/\/www.unioviedo.es\/promebi\/wp-json\/wp\/v2\/pages\/2453\/revisions\/2455"}],"up":[{"embeddable":true,"href":"https:\/\/www.unioviedo.es\/promebi\/wp-json\/wp\/v2\/pages\/88"}],"wp:featuredmedia":[{"embeddable":true,"href":"https:\/\/www.unioviedo.es\/promebi\/wp-json\/wp\/v2\/media\/2454"}],"wp:attachment":[{"href":"https:\/\/www.unioviedo.es\/promebi\/wp-json\/wp\/v2\/media?parent=2453"}],"curies":[{"name":"wp","href":"https:\/\/api.w.org\/{rel}","templated":true}]}}