{"id":683,"date":"2018-01-06T12:00:46","date_gmt":"2018-01-06T11:00:46","guid":{"rendered":"http:\/\/156.35.33.98\/promebi\/?page_id=683"},"modified":"2026-05-08T16:49:41","modified_gmt":"2026-05-08T14:49:41","slug":"gonzalez-begega-sergio","status":"publish","type":"page","link":"https:\/\/www.unioviedo.es\/promebi\/equipo\/investigadores\/gonzalez-begega-sergio\/","title":{"rendered":"Sergio Gonz\u00e1lez Begega (Secretario Acad\u00e9mico)"},"content":{"rendered":"<p><a href=\"http:\/\/www.unioviedo.es\/promebi\/wp-content\/uploads\/2021\/09\/Sergio.perfil.promebi.jpg\"><img loading=\"lazy\" decoding=\"async\" class=\"alignleft wp-image-2214 \" src=\"http:\/\/www.unioviedo.es\/promebi\/wp-content\/uploads\/2021\/09\/Sergio.perfil.promebi-300x261.jpg\" alt=\"\" width=\"317\" height=\"276\" srcset=\"https:\/\/www.unioviedo.es\/promebi\/wp-content\/uploads\/2021\/09\/Sergio.perfil.promebi-300x261.jpg 300w, https:\/\/www.unioviedo.es\/promebi\/wp-content\/uploads\/2021\/09\/Sergio.perfil.promebi-1024x891.jpg 1024w, https:\/\/www.unioviedo.es\/promebi\/wp-content\/uploads\/2021\/09\/Sergio.perfil.promebi-768x669.jpg 768w, https:\/\/www.unioviedo.es\/promebi\/wp-content\/uploads\/2021\/09\/Sergio.perfil.promebi-1536x1337.jpg 1536w, https:\/\/www.unioviedo.es\/promebi\/wp-content\/uploads\/2021\/09\/Sergio.perfil.promebi-2048x1783.jpg 2048w\" sizes=\"auto, (max-width: 317px) 100vw, 317px\" \/><\/a><strong>Categor\u00eda:\u00a0<\/strong>Profesor Titular de Universidad<br \/>\n<strong>Departamento:\u00a0<\/strong>Sociolog\u00eda y Trabajo Social<br \/>\n<strong>\u00c1rea:\u00a0<\/strong>Sociolog\u00eda<span class=\"org\"><br \/>\n<\/span><strong>Tel\u00e9fono:<\/strong> 985 10 20 61<span class=\"org\"><br \/>\n<\/span><span class=\"org\"><strong>Despacho:<\/strong> 307 &#8211; Facultad de Comercio, Turismo y CCSS Jovellanos<br \/>\n<\/span><strong>Correo<\/strong>: <a href=\"mailto:gonzalezsergio@uniovi.es\">gonzalezsergio@uniovi.es<br \/>\n<\/a><strong>Ficha personal:<\/strong>\u00a0<a href=\"http:\/\/directo.uniovi.es\/catalogo\/DetalleProfesor.asp?idprofesor=34041\">ver ficha<br \/>\n<\/a><strong>Curriculum:\u00a0<\/strong><a href=\"http:\/\/www.unioviedo.es\/promebi\/wp-content\/uploads\/2021\/09\/CV.English.09.09.2021.pdf\">Sergio Gonz\u00e1lez Begega CV<\/a><\/p>\n<p><strong style=\"font-size: inherit;\">M\u00e1s informaci\u00f3n en los siguientes enlaces: <\/strong><a style=\"font-size: inherit;\" href=\"https:\/\/www.researchgate.net\/profile\/Sergio_Begega\">Researchgate<\/a><span style=\"font-size: inherit;\">,\u00a0<\/span><a style=\"font-size: inherit;\" href=\"https:\/\/scholar.google.es\/citations?user=HTRiqXYAAAAJ&amp;hl=es\">Google Acad\u00e9mico<\/a><\/p>\n<h4><\/h4>\n<h3>\u00c1reas de inter\u00e9s:<\/h3>\n<ul>\n<li>Relaciones laborales europeas<\/li>\n<li>Di\u00e1logo social y conflicto laboral<\/li>\n<li>Pol\u00edtica social comparada<\/li>\n<li>Teor\u00eda social e Historia<\/li>\n<\/ul>\n<h3>Short Bio<\/h3>\n<p><span style=\"font-family: 'Arial',sans-serif; color: #222222;\">Sergio Gonz\u00e1lez Begega (PhD.) is a Associate Professor at the Department of Sociology of the University of Oviedo. He is a member of the research networks PROMEBI (Uniovi), WP-E and GoodCorp (ETUI) and external expert for EUROFOUND. He has enjoyed research\u00a0fellowships at CSU-CNRS (France), <span style=\"background: white;\">ETUI-REHS (Belgium),\u00a0<\/span>MBS-University of Manchester (United Kingdom), and IPP-CSIC (Spain). He is co-PI of the research project SODITREC (<a href=\"http:\/\/www.soditrec.eu\">www.soditrec.eu<\/a>) and member of the research projects AUNAS and PROVILA. His research lines include European industrial relations, social dialogue and industrial conflict and compared social policy. <span style=\"background: white;\">He was distinguished with the PhD Extraordinary Award by the Spanish Economic and Social Council.\u00a0<\/span>He has published book chapters in edited books with Oxford University Press, Edward Elgar, Routledge, PIE Lang or Rainer Hampp Verlag, among others. He has also published articles in journals such as Social Movement Studies, Transfer, Employee Relations, Critical Perspectives on International Business, REIS, RIS and RES, among others.<\/span><\/p>\n<p><span style=\"font-family: 'Arial',sans-serif; color: #333333;\">Sergio Gonz\u00e1lez Begega es Profesor Titular del Departamento de Sociolog\u00eda de la Universidad de Oviedo. Es miembro de los grupos de investigaci\u00f3n PROMEBI (Uniovi), WPE y GoodCorp (ETUI) y experto externo de EUROFOUND. Ha llevado a cabo estancias como investigador invitado en el CSU-CNRS (Francia), ETUI (B\u00e9lgica), MBS-University of Manchester (Reino Unido) e IPP-CSIC (Espa\u00f1a).\u00a0Actualmente, es co-IP del proyecto europeo SODITREC (<a href=\"http:\/\/www.soditrec.eu\">www.soditrec.eu<\/a>) e integrante de los proyectos nacionales AUNAS y PROVILA. Sus l\u00edneas de investigaci\u00f3n incluyen las relaciones laborales europeas, el di\u00e1logo social y el conflicto laboral y la pol\u00edtica social comparada. <span style=\"background: white;\">Su tesis doctoral recibi\u00f3 el Premio Extraordinario de Doctorado del Consejo Econ\u00f3mico y Social de Espa\u00f1a.\u00a0<\/span>Es autor de cap\u00edtulos de libro publicados por editoriales como Edward Elgar, Routledge, Oxford University Press, Peter Lang, ETUI y Rainer Hampp Verlag, entre otras. Tambi\u00e9n ha publicado art\u00edculos en revistas acad\u00e9micas como Employee Relations, Social Movement Studies, Economic and Industrial Democracy, Transfer, Critical Perspectives on International Business, REIS, RIS y RES, entre otras.<\/span><\/p>\n<p><strong>Perfil acad\u00e9mico completo:<\/strong> <a href=\"https:\/\/portalinvestigacion.uniovi.es\/investigadores\/217337\/detalle?lang=es\">https:\/\/portalinvestigacion.uniovi.es\/investigadores\/217337\/detalle?lang=es<\/a><\/p>\n","protected":false},"excerpt":{"rendered":"<p>Categor\u00eda:\u00a0Profesor Titular de Universidad Departamento:\u00a0Sociolog\u00eda y Trabajo Social \u00c1rea:\u00a0Sociolog\u00eda Tel\u00e9fono: 985 10 20 61 Despacho: 307 &#8211; Facultad de Comercio, Turismo y CCSS Jovellanos Correo: gonzalezsergio@uniovi.es Ficha personal:\u00a0ver ficha Curriculum:\u00a0Sergio Gonz\u00e1lez Begega CV M\u00e1s informaci\u00f3n en los siguientes enlaces: Researchgate,\u00a0Google Acad\u00e9mico \u00c1reas de inter\u00e9s: Relaciones laborales europeas Di\u00e1logo social y conflicto laboral Pol\u00edtica social comparada [&hellip;]<\/p>\n","protected":false},"author":1,"featured_media":1079,"parent":88,"menu_order":0,"comment_status":"closed","ping_status":"closed","template":"","meta":{"_genesis_hide_title":false,"_genesis_hide_breadcrumbs":false,"_genesis_hide_singular_image":false,"_genesis_hide_footer_widgets":false,"_genesis_custom_body_class":"","_genesis_custom_post_class":"","_genesis_layout":"","footnotes":""},"class_list":{"0":"post-683","1":"page","2":"type-page","3":"status-publish","4":"has-post-thumbnail","6":"entry","7":"gs-1","8":"gs-odd","9":"gs-even","10":"gs-featured-content-entry"},"_links":{"self":[{"href":"https:\/\/www.unioviedo.es\/promebi\/wp-json\/wp\/v2\/pages\/683","targetHints":{"allow":["GET"]}}],"collection":[{"href":"https:\/\/www.unioviedo.es\/promebi\/wp-json\/wp\/v2\/pages"}],"about":[{"href":"https:\/\/www.unioviedo.es\/promebi\/wp-json\/wp\/v2\/types\/page"}],"author":[{"embeddable":true,"href":"https:\/\/www.unioviedo.es\/promebi\/wp-json\/wp\/v2\/users\/1"}],"replies":[{"embeddable":true,"href":"https:\/\/www.unioviedo.es\/promebi\/wp-json\/wp\/v2\/comments?post=683"}],"version-history":[{"count":27,"href":"https:\/\/www.unioviedo.es\/promebi\/wp-json\/wp\/v2\/pages\/683\/revisions"}],"predecessor-version":[{"id":2746,"href":"https:\/\/www.unioviedo.es\/promebi\/wp-json\/wp\/v2\/pages\/683\/revisions\/2746"}],"up":[{"embeddable":true,"href":"https:\/\/www.unioviedo.es\/promebi\/wp-json\/wp\/v2\/pages\/88"}],"wp:featuredmedia":[{"embeddable":true,"href":"https:\/\/www.unioviedo.es\/promebi\/wp-json\/wp\/v2\/media\/1079"}],"wp:attachment":[{"href":"https:\/\/www.unioviedo.es\/promebi\/wp-json\/wp\/v2\/media?parent=683"}],"curies":[{"name":"wp","href":"https:\/\/api.w.org\/{rel}","templated":true}]}}