{"id":694,"date":"2018-01-09T12:00:05","date_gmt":"2018-01-09T11:00:05","guid":{"rendered":"http:\/\/156.35.33.98\/promebi\/?page_id=694"},"modified":"2018-04-08T09:13:43","modified_gmt":"2018-04-08T07:13:43","slug":"kohler-holm-detlev","status":"publish","type":"page","link":"https:\/\/www.unioviedo.es\/promebi\/equipo\/investigadores\/kohler-holm-detlev\/","title":{"rendered":"Holm-Detlev K\u00f6hler"},"content":{"rendered":"<p><img loading=\"lazy\" decoding=\"async\" class=\"alignleft wp-image-1069 size-medium\" src=\"http:\/\/www.unioviedo.es\/promebi\/wp-content\/uploads\/2016\/01\/Holm-Detlev-Kohler-e1478022096499-300x270.jpg\" alt=\"Holm-Detlev Kohler\" width=\"300\" height=\"270\" srcset=\"https:\/\/www.unioviedo.es\/promebi\/wp-content\/uploads\/2016\/01\/Holm-Detlev-Kohler-e1478022096499-300x270.jpg 300w, https:\/\/www.unioviedo.es\/promebi\/wp-content\/uploads\/2016\/01\/Holm-Detlev-Kohler-e1478022096499-768x692.jpg 768w, https:\/\/www.unioviedo.es\/promebi\/wp-content\/uploads\/2016\/01\/Holm-Detlev-Kohler-e1478022096499.jpg 982w\" sizes=\"auto, (max-width: 300px) 100vw, 300px\" \/><\/p>\n<p><strong>Categor\u00eda: <\/strong>Catedr\u00e1tico\u00a0de Universidad<span class=\"org\"><br \/>\n<\/span><strong>Departamento:<\/strong> <span class=\"org\">SOCIOLOG\u00cdA<br \/>\n<\/span><strong>\u00c1rea:<\/strong> <span class=\"org\">SOCIOLOG\u00cdA<br \/>\n<strong>Despacho:<\/strong> n\u00b0 3, Ala 3<br \/>\n<\/span><strong>Correo<\/strong>: <a class=\"email\" href=\"mailto:hkohler@uniovi.es\">hkohler@uniovi.es<\/a><a class=\"email\" href=\"mailto:m.gonzalez@uniovi.es\"><br \/>\n<\/a><strong>Tel\u00e9fono:<\/strong> <a title=\"Llamada telef\u00f3nica\" href=\"tel:985105047\"><span class=\"tel\">985 10 50 47<\/span><\/a><a title=\"Llamada telef\u00f3nica\" href=\"tel:985103727\"><span class=\"tel\"><br \/>\n<\/span><\/a><strong>Ficha personal:<\/strong> <a title=\"ver ficha\" href=\"http:\/\/directo.uniovi.es\/catalogo\/DetalleProfesor.asp?idprofesor=32526\">ver ficha<br \/>\n<\/a><strong>Web\u00a0personal:<\/strong> <a title=\"ver web\" href=\"http:\/\/www.unioviedo.es\/holmkoehler\/\">ver web<\/a><\/p>\n<p><strong>M\u00e1s informaci\u00f3n en el siguiente enlace:\u00a0<\/strong><a href=\"https:\/\/www.researchgate.net\/profile\/Holm-Detlev_Koehler\">Researchgate<\/a><\/p>\n<h3><\/h3>\n<h3>\u00c1reas de inter\u00e9s:<\/h3>\n<ul>\n<li>Sociolog\u00eda Hist\u00f3rica<\/li>\n<li>Sociolog\u00eda del Trabajo<\/li>\n<li>Teor\u00eda de la Innovaci\u00f3n<\/li>\n<li>Desarrollo local y regional<\/li>\n<li>Empresa multinacional<\/li>\n<\/ul>\n<h3 class=\"publicaciones\">\u00a0Short Bio:<\/h3>\n<p class=\"publicaciones\">Holm-Detlev K\u00f6hler (<a href=\"http:\/\/www.uniovi.es\/holmkoehler\/\">http:\/\/www.uniovi.es\/holmkoehler\/<\/a>), Dr., is Professor of Sociology at the Department of Sociology, University of Oviedo (Spain) and part of the PROMEBI research group dedicated to promote employment and welfare in Europe. His main research interests include comparative industrial relations, management and innovation in transnational corporations, local and regional development. He has an extensive publication list and is co-author of the main handbook on Sociology of Work and Industrial Relations in Spanish (Manual de la Sociolog\u00eda del Trabajo y de las Relaciones Laborales (with Antonio Mart\u00edn Artiles), Ed. Delta Publicaciones, Madrid, 3rd edition 2010.<\/p>\n<h3>Publicaciones:<\/h3>\n<ul>\n<li>PULIGNANO, V., K\u00d6HLER, H-D. y STEWART, P. (2016):\u00a0<em>Employment relations in an era of change<\/em>. \u00a0Bruselas: ETUI.<\/li>\n<li>K\u00d6HLER, H.-D. (2016): \u00abReconstruction and restoration: the legacies of post-war German Industrial Sociology\u00bb.\u00a0<em>Work, Employment and Society<\/em>, 1\/2016, DOI: 10.1177\/0950017016638988<\/li>\n<li>GONZ\u00c1LEZ BEGEGA, S., K\u00d6HLER, H.-D. and ARANEA, M. (2016) La informaci\u00f3n y consulta de trabajadores de empresas transnacionales. Dimensiones y Despliegue pr\u00e1ctico de los comit\u00e9s de empresa europeos, <em>Revista de Derecho Social<\/em> 72, 185-196.<\/li>\n<li>\u00a0K\u00d6HLER, H.-D., GONZ\u00c1LEZ BEGEGA, S y ARANEA, M. (2015): <i>Three decades of European Works Councils: a quantitative evalutation<\/i>, Warsaw Forum of Economic Sociology 6:1(11) Spring 2015<\/li>\n<li>K\u00d6HLER, HD y GONZ\u00c1LEZ BEGEGA, S (2012). Las relaciones laborales en la empresa transnacional. Una propuesta de marco anal\u00edtico, en SOCIOLOG\u00cdA DEL TRABAJO, n\u00fam. 75, 2012, pp. 111-130 (ISSN: 0210-8364)<\/li>\n<li>K\u00d6HLER, HD y CALLEJA JIM\u00c9NEZ, JP (2012). The relationship between income concentration and demand structure. The case of automobile demand in Spain, Atlantic Review of Economics \u2013 2nd Volume \u2013 2012, 28pp. ISSN: 2174-3835.\u00a0<a href=\"http:\/\/www.unagaliciamoderna.com\/eawp\/eawp.asp?qsa=ES&amp;qsb=253&amp;qsc=287\">Ver publicaci\u00f3n<\/a><\/li>\n<li>K\u00d6HLER, HD y CALLEJA JIM\u00c9NEZ, JP (2012). Transformations in Spanish trade union membership, en INDUSTRIAL RELATIONS JOURNAL, vol. 43 (3) 2012, pp. 281-292 (ISSN: 0019-8692)<\/li>\n<li>K\u00d6HLER, HD (2012). Kohle und Stahl als strukturierender Konflikt der Sozialregion Asturien\/Nordspanien, en Angelika Westermann (ed.), Montanregion als Sozialregion, Husum: Matthiesen Verlag, pp. 91-123 (ISBN: 978-3-7868-5303-9)<\/li>\n<li>K\u00d6HLER, HD (2012). Rheinischer und mediterraner Kapitalismus in der Krise: deutsche und spanische Wirtschaftskulturen im Vergleich, en Jochen Mecke, Ralf Junkerj\u00fcrgen y Hubert Poeppel (eds.), Deutsche und Spanier \u2013 ein Kulturvergleich, Darmstadt: Wissenschaftliche Buchgesellschaft 2012, pp. 240-255 (ISBN: 978-3-8389-0267-8)<\/li>\n<li>K\u00d6HLER, HD y GONZ\u00c1LEZ BEGEGA, S (2011). G\u00e9nesis pol\u00edtica y nuevas coberturas de la Directiva revisada sobre comit\u00e9s de empresa europeos, en CUADERNOS DE RELACIONES LABORALES, vol. 29 (2), 2011, pp. 445-469 (ISSN: 1131-8635)<\/li>\n<li>K\u00d6HLER, HD y CALLEJA JIM\u00c9NEZ, JP (2011). Retos de futuro para las organizaciones sindicales en Espa\u00f1a, en Gaceta Sindical, nueva \u00e9poca, n\u00ba 16, junio 2011, pp. 119-138 (ISSN: 1889-4135)<\/li>\n<li>K\u00d6HLER, HD y CALLEJA JIM\u00c9NEZ, JP (2011). Los determinantes de la afiliaci\u00f3n sindical en Espa\u00f1a, en Observatorio Confederal de Afiliaci\u00f3n, n\u00ba 2\/2011, pp. 36-58 (ISSN 2173-335X) (http:\/\/www.1mayo.ccoo.es\/nova\/files\/1018\/ObAfiliacion02.pdf)<\/li>\n<li>K\u00d6HLER, HD y GONZ\u00c1LEZ BEGEGA, S (2011).The European Works Council as a Multidimensional Contested Terrain: The case of ArcelorMittal en Baglioni, Mirilla y Brandl, Bernd (eds.), Changing Labour Relations. Between Path Dependency and Global Trends, Frankfurt\/M.: Peter Lang 2011, pp. 143-169 (ISBN: 978-3-631-61623-9)<\/li>\n<li>K\u00d6HLER, HD y CALLEJA JIM\u00c9NEZ, JP (2011). Spaniens Arbeitsbeziehungen am Beginn des 21. Jahrhunderts, en Hekimler, Alpay y Ring, Gerhard (eds.), Tarifrecht in Europa, Baden-Baden: Nomos 2011, pp. 314-337 (ISBN: 978-3-8329-6812-0)<\/li>\n<li>K\u00d6HLER, HD y MART\u00cdN ARTILES, A (2010). Manual de la Sociolog\u00eda del Trabajo y de las Relaciones Laborales Ed. Delta Publicaciones, Madrid 2005 (2\u00aa edici\u00f3n ampliada: 2007; 3\u00aa edici\u00f3n revisada y ampliada: 2010) (ISBN: 978-8492453-80-1)<\/li>\n<li>K\u00d6HLER, HD (2010). Mercados laborales competitivos, en Anuario Sociolaboral de Catalu\u00f1a 2010, Barcelona: Fundaci\u00f3n La F\u00e1brica, pp. 110-114 (ISSN 2014-0770)<\/li>\n<li>K\u00d6HLER, HD y MART\u00cdN MEN\u00c9NDEZ, V. (2010). \u00bfQu\u00e9 pol\u00edticas para una juventud sin futuro? La juventud en las cuencas mineras asturianas, en \u00c1baco, 2\u00aa \u2013Epoca, vol. 4, n\u00ba 66\/2010, pp. 77-85<\/li>\n<li>K\u00d6HLER, HD (2010). La relaci\u00f3n de Jorge Sempr\u00fan con Alemania, en CLAVES de Raz\u00f3n Pr\u00e1ctica, n\u00ba 206\/2010, pp. 70-73<\/li>\n<li>K\u00d6HLER, HD y GONZ\u00c1LEZ BEGEGA, S (2010). La Directiva 2009\/37\/CE. Nueva normativa de informaci\u00f3n y consulta de los trabajadores europeos en empresas transnacionales, en Revista del Ministerio de Trabajo y Asuntos Sociales, n\u00fam. 87, 2010, pp. 169-189 (ISSN: 1137-5868).\u00a0<a href=\"http:\/\/www.mtas.es\/es\/publica\/pub_electronicas\/destacadas\/revista\/2010.htm\">Ver publicaci\u00f3n<\/a><\/li>\n<li>K\u00d6HLER, HD y GONZ\u00c1LEZ BEGEGA, S (2010). Trans-National Companies and the \u00abnew\u00bb industrial relations. A vehicle to re-think the regulatory boundaries of the nation-state en Revista Internacional de Organizaciones RIO, n\u00ba 4\/2010, pp. 35-52. ISSN: 2013-570X.\u00a0<a href=\"http:\/\/www.revista-rio.org\/index.php\/revista_rio\/article\/view\/46\/pdf_1\">Ver publicaci\u00f3n<\/a><\/li>\n<li>K\u00d6HLER, HD y GONZ\u00c1LEZ BEGEGA, S (2010). Firm level structures for workers&#8217; representation in the European Union: A comparison between three transnational companies en Olaf Struck (ed.): Industrial relations and social standards in an internationalized economy, M\u00fcnchen and Mering: Rainer Hampp Verlag, 2010, pp. 47-73 (ISBN: 978-3-86618-600-2; DOI: 10.1688\/978366187009)<\/li>\n<li>K\u00d6HLER, HD y GONZ\u00c1LEZ BEGEGA, S (2010).The European Works Council as a multidimensional contested terrain en EMPLOYEE RELATIONS, vol. 32, n\u00ba 6\/2010, pp. 590-605 (ISSN: 0142-5455).\u00a0<a href=\"http:\/\/www.emeraldinsight.com\/journals.htm?articleid=1889598&amp;show=abstract\">Ver publicaci\u00f3n<\/a><\/li>\n<li>K\u00d6HLER, HD y CALLEJA JIM\u00c9NEZ, JP (2010). Organizing heterogeneity: challenges for the Spanish trade unions en TRANSFER, vol. 16, n\u00ba 4\/2010, pp. 541-557 (ISSN: 1024-2589).\u00a0<a href=\"http:\/\/trs.sagepub.com\/content\/16\/4\/541\">Ver publicaci\u00f3n<\/a><\/li>\n<li>K\u00d6HLER, HD (2010). Spanien in Zeiten der globalen Wirtschaftskrise, en Aus Politik und Zeitgeschichte (ApuZ), Nr. 36-37\/2010, pp. 7-13 (ISSN: 0479-611X)<\/li>\n<li>K\u00d6HLER, HD (2010). \u00cdspanya&#8217;da toplu s\u00f6zlesme sistema, en Alpay Hekimler (ed.): Avrupa Birligi \u00dcyesi \u00dclkelerde ve T\u00fcrkiye&#8217;de Toplu S\u00f6zlesme Sistemleri, Istanbul: Legal, 2010, pp. 197-218 (ISBN: 978-605-4354-10-8)<\/li>\n<li>K\u00d6HLER, HD y GONZ\u00c1LEZ BEGEGA, S (2009). Di\u00e1logo Social y procesos de participaci\u00f3n pol\u00edtica del empresariado y el trabajo a escala europea, en Ana Marta Guill\u00e9n Rodr\u00edguez, Rodolfo Guti\u00e9rrez Palacios y Sergio Gonz\u00e1lexz Begega (eds.),Calidad del Trabajo en la Uni\u00f3n Europea. Conceptos, tensiones, dimensiones, Cizur Menor: Aranzadi (Thomson Civitas), 2009, pp. 215-244 (ISBN: 978-84-470-3136-8)<\/li>\n<li>K\u00d6HLER, HD (2009). From the marriage in heaven to the divorce on earth. The DaimlerChrysler trajectory since the merger, en Michel Freyssenet (ed.), The second automobile revolution. Trajectories of the world carmakers in the 21st century, Houndsmills: Palgrave Macmillan 2009, pp. 309-331 (ISBN 978-0-230-21971-7)<\/li>\n<li>K\u00d6HLER, HD y GONZ\u00c1LEZ BEGEGA, S (2009).Participation of Employees as a Mean to Improve Quality at Work. The Case of Social Dialogue in the European Union en Guill\u00e9n, Ana M. and Dahl, Svenn-\u01fage (eds.), Quality of Work in the European Union, Brussels: Peter Lang 2009, pp. 163-185 (ISBN: 978-90-5201-577-4)<\/li>\n<li>K\u00d6HLER, HD y GONZ\u00c1LEZ BEGEGA, S (2009). European Works Councils in Spain en Hertwig, Markus\/Pries, Ludger\/Rampeltshammer, Luitpold (eds.), European Works Councils in complementary perspectives, Brussels: ETUI 2009, pp. 187-217 (ISBN: 978-2-87452-162-1)<\/li>\n<li>K\u00d6HLER, HD (2008). Profit and innovation strategies in low-tech firms, en ESTUDIOS DE ECONOM\u00cdA APLICADA, vol. 26 (3), 2008, pp. 73-87. <a href=\"http:\/\/www.revista-eea.net\/documentos\/26305.pdf\">Ver publicaci\u00f3n<\/a><\/li>\n<li>K\u00d6HLER, HD (2008). Los sindicatos en Espa\u00f1a frente a los retos de la globalizaci\u00f3n y del cambio tecnol\u00f3gico Madrid: Fundaci\u00f3n Alternativas, Doc. de Trabajo 142\/2008 (ISBN: 978-84-92424-498).\u00a0<a href=\"http:\/\/www.falternativas.org\/laboratorio\/documentos\/documentos-de-trabajo\/\">Ver publicaci\u00f3n<\/a><\/li>\n<li>K\u00d6HLER, HD y GONZ\u00c1LEZ BEGEGA, S (2009). El di\u00e1logo social europeo. De la macro-concertaci\u00f3n comunitaria a la negociaci\u00f3n colectiva transnacional, en Revista del Ministerio de Trabajo y Asuntos Sociales, n\u00fam. 72, 2008, pp. 251-269.\u00a0(ISSN: 1137-5868).\u00a0<a href=\"http:\/\/www.mtas.es\/es\/publica\/revista\/numeros\/72\/Doc03.pdf\">Ver publicaci\u00f3n<\/a><\/li>\n<li>K\u00d6HLER, HD y GONZ\u00c1LEZ BEGEGA, S (2008). Participaci\u00f3n de los trabajadores y reestructuraci\u00f3n de la empresa transnacional, en SOCIOLOG\u00cdA DEL TRABAJO, n\u00fam. 63, 2008, pp. 49-78 (ISSN: 0210-8364)<\/li>\n<li>K\u00d6HLER, HD , MART\u00cdN M\u00c9NDEZ, V. y VAN DEN BROEK, H(2008). La participaci\u00f3n de los trabajadores en programas de reducci\u00f3n de plantilla, en Revista Universitaria de Ciencias del Trabajo: Relaciones Laborales, Formaci\u00f3n y Fiscalidad, n\u00fam. 6 (2008), Valladolid, pp. 165-182 (ISSN: 1576-2904)<\/li>\n<li>K\u00d6HLER, HD (2008). Wirtschaft und Arbeit im Spanien des 21. Jahrhunderts, en Bernecker, Walther L. (ed.), SPANIEN HEUTE, Vervuert Verlag, Frankfurt\/M 2008, pp. 219-242 (ISBN: 978-3-86527-418-2)<\/li>\n<li>K\u00d6HLER, HD (2008). Industriekultur und Raumbewu\u00dftsein in Asturien, en Klaus Tenfelde (ed.), Raumbildung als mentaler Prozess: Schwerindustrielle Ballungsregionen im Vergleich, Mitteilungsblatt des Instituts f\u00fcr soziale Bewegungen, Band 39\/2008, Klartext Verlag, Essen, pp. 77-97 (ISBN 978-3-89861-985-1; ISSN 0173-2471)<\/li>\n<\/ul>\n","protected":false},"excerpt":{"rendered":"<p>Categor\u00eda: Catedr\u00e1tico\u00a0de Universidad Departamento: SOCIOLOG\u00cdA \u00c1rea: SOCIOLOG\u00cdA Despacho: n\u00b0 3, Ala 3 Correo: hkohler@uniovi.es Tel\u00e9fono: 985 10 50 47 Ficha personal: ver ficha Web\u00a0personal: ver web M\u00e1s informaci\u00f3n en el siguiente enlace:\u00a0Researchgate \u00c1reas de inter\u00e9s: Sociolog\u00eda Hist\u00f3rica Sociolog\u00eda del Trabajo Teor\u00eda de la Innovaci\u00f3n Desarrollo local y regional Empresa multinacional \u00a0Short Bio: Holm-Detlev K\u00f6hler (http:\/\/www.uniovi.es\/holmkoehler\/), [&hellip;]<\/p>\n","protected":false},"author":1,"featured_media":1069,"parent":88,"menu_order":0,"comment_status":"closed","ping_status":"closed","template":"","meta":{"_genesis_hide_title":false,"_genesis_hide_breadcrumbs":false,"_genesis_hide_singular_image":false,"_genesis_hide_footer_widgets":false,"_genesis_custom_body_class":"","_genesis_custom_post_class":"","_genesis_layout":"","footnotes":""},"class_list":{"0":"post-694","1":"page","2":"type-page","3":"status-publish","4":"has-post-thumbnail","6":"entry","7":"gs-1","8":"gs-odd","9":"gs-even","10":"gs-featured-content-entry"},"_links":{"self":[{"href":"https:\/\/www.unioviedo.es\/promebi\/wp-json\/wp\/v2\/pages\/694","targetHints":{"allow":["GET"]}}],"collection":[{"href":"https:\/\/www.unioviedo.es\/promebi\/wp-json\/wp\/v2\/pages"}],"about":[{"href":"https:\/\/www.unioviedo.es\/promebi\/wp-json\/wp\/v2\/types\/page"}],"author":[{"embeddable":true,"href":"https:\/\/www.unioviedo.es\/promebi\/wp-json\/wp\/v2\/users\/1"}],"replies":[{"embeddable":true,"href":"https:\/\/www.unioviedo.es\/promebi\/wp-json\/wp\/v2\/comments?post=694"}],"version-history":[{"count":18,"href":"https:\/\/www.unioviedo.es\/promebi\/wp-json\/wp\/v2\/pages\/694\/revisions"}],"predecessor-version":[{"id":1941,"href":"https:\/\/www.unioviedo.es\/promebi\/wp-json\/wp\/v2\/pages\/694\/revisions\/1941"}],"up":[{"embeddable":true,"href":"https:\/\/www.unioviedo.es\/promebi\/wp-json\/wp\/v2\/pages\/88"}],"wp:featuredmedia":[{"embeddable":true,"href":"https:\/\/www.unioviedo.es\/promebi\/wp-json\/wp\/v2\/media\/1069"}],"wp:attachment":[{"href":"https:\/\/www.unioviedo.es\/promebi\/wp-json\/wp\/v2\/media?parent=694"}],"curies":[{"name":"wp","href":"https:\/\/api.w.org\/{rel}","templated":true}]}}