{"id":753,"date":"2016-01-04T20:03:26","date_gmt":"2016-01-04T19:03:26","guid":{"rendered":"http:\/\/156.35.33.98\/promebi\/?page_id=753"},"modified":"2021-06-28T09:18:34","modified_gmt":"2021-06-28T07:18:34","slug":"contactar","status":"publish","type":"page","link":"https:\/\/www.unioviedo.es\/promebi\/contactar\/","title":{"rendered":"Contactar"},"content":{"rendered":"<p><em>Si desea comunicar con el Grupo de Investigaci\u00f3n Promoviendo el Empleo y el Bienestar en Europa PROMEBI puede hacerlo a trav\u00e9s de los siguientes datos de contacto:<\/em><\/p>\n<p><strong class=\"fn\">Promoviendo el Empleo y el Bienestar en Europa PROMEBI<br \/>\n<\/strong><span class=\"adr\"><span class=\"street-address\">Departamento de Sociolog\u00eda.<br \/>\nFacultad de Econom\u00eda y Empresa, Edificio Departamental, 2\u00aa planta.<br \/>\nAvda. del Cristo, s\/n, 33006,<br \/>\nOviedo.<br \/>\n<\/span><\/span><strong>Tel\u00e9fono:<br \/>\n<\/strong><span class=\"tel\">(+34) 985 10 49 98<br \/>\n<\/span><a title=\"Enviar e-mail\" href=\"mailto:promebi@uniovi.es\">promebi@uniovi.es<br \/>\n<\/a><strong>Fax:<br \/>\n<\/strong>(+34) 985 10 50 88<\/p>\n<p><iframe loading=\"lazy\" style=\"border: 0;\" src=\"https:\/\/www.google.com\/maps\/embed?pb=!1m14!1m8!1m3!1d1450.5571111876359!2d-5.8722057!3d43.3537213!3m2!1i1024!2i768!4f13.1!3m3!1m2!1s0xd368d24e6db3dfd%3A0xadedb4ea839bae1f!2sUniversidad+de+Oviedo%3A+Facultad+de+Econom%C3%ADa+y+Empresa!5e0!3m2!1ses!2sus!4v1451934114860\" allowfullscreen=\"allowfullscreen\" width=\"100%\" height=\"450\" frameborder=\"0\"><\/iframe><\/p>\n","protected":false},"excerpt":{"rendered":"<p>Si desea comunicar con el Grupo de Investigaci\u00f3n Promoviendo el Empleo y el Bienestar en Europa PROMEBI puede hacerlo a trav\u00e9s de los siguientes datos de contacto: Promoviendo el Empleo y el Bienestar en Europa PROMEBI Departamento de Sociolog\u00eda. Facultad de Econom\u00eda y Empresa, Edificio Departamental, 2\u00aa planta. Avda. del Cristo, s\/n, 33006, Oviedo. Tel\u00e9fono: [&hellip;]<\/p>\n","protected":false},"author":1,"featured_media":0,"parent":0,"menu_order":0,"comment_status":"closed","ping_status":"closed","template":"","meta":{"_genesis_hide_title":false,"_genesis_hide_breadcrumbs":false,"_genesis_hide_singular_image":false,"_genesis_hide_footer_widgets":false,"_genesis_custom_body_class":"","_genesis_custom_post_class":"","_genesis_layout":"","footnotes":""},"class_list":{"0":"post-753","1":"page","2":"type-page","3":"status-publish","5":"entry","6":"gs-1","7":"gs-odd","8":"gs-even","9":"gs-featured-content-entry"},"_links":{"self":[{"href":"https:\/\/www.unioviedo.es\/promebi\/wp-json\/wp\/v2\/pages\/753","targetHints":{"allow":["GET"]}}],"collection":[{"href":"https:\/\/www.unioviedo.es\/promebi\/wp-json\/wp\/v2\/pages"}],"about":[{"href":"https:\/\/www.unioviedo.es\/promebi\/wp-json\/wp\/v2\/types\/page"}],"author":[{"embeddable":true,"href":"https:\/\/www.unioviedo.es\/promebi\/wp-json\/wp\/v2\/users\/1"}],"replies":[{"embeddable":true,"href":"https:\/\/www.unioviedo.es\/promebi\/wp-json\/wp\/v2\/comments?post=753"}],"version-history":[{"count":10,"href":"https:\/\/www.unioviedo.es\/promebi\/wp-json\/wp\/v2\/pages\/753\/revisions"}],"predecessor-version":[{"id":2150,"href":"https:\/\/www.unioviedo.es\/promebi\/wp-json\/wp\/v2\/pages\/753\/revisions\/2150"}],"wp:attachment":[{"href":"https:\/\/www.unioviedo.es\/promebi\/wp-json\/wp\/v2\/media?parent=753"}],"curies":[{"name":"wp","href":"https:\/\/api.w.org\/{rel}","templated":true}]}}