{"id":796,"date":"2016-01-08T21:10:46","date_gmt":"2016-01-08T20:10:46","guid":{"rendered":"     http:\/\/156.35.33.98\/promebi\/?page_id=796"},"modified":"2016-01-08T21:10:46","modified_gmt":"2016-01-08T20:10:46","slug":"accesibilidad","status":"publish","type":"page","link":"https:\/\/www.unioviedo.es\/promebi\/accesibilidad\/","title":{"rendered":"Accesibilidad"},"content":{"rendered":"<p>La accesibilidad web consiste, seg\u00fan el <a title=\"Ir a la p\u00e1gina\" href=\"http:\/\/www.w3.org\/WAI\/\">World Wide Web Consortium (W3C)<\/a>, en ofrecer<cite> \u00abun acceso universal a la web independientemente del tipo de hardware, software, infraestructura de red, idioma, cultura, localizaci\u00f3n geogr\u00e1fica y capacidades de los usuarios\u00bb.<\/cite><\/p>\n<p>Esta p\u00e1gina web se ha creado siguiendo ese concepto y aplicando las directrices marcadas por la Iniciativa de Accesibilidad a la Web del W3C, con el objetivo de facilitar el acceso de todas las personas, especialmente de las aquejadas de discapacidad.<\/p>\n<p>Cualquier observaci\u00f3n, duda o consulta al respecto, puede remitirse al servicio de <a title=\"Ir a la p\u00e1gina\" href=\"mailto:sugerencias@innova.uniovi.es\">atenci\u00f3n al usuario<\/a> de la Universidad de Oviedo.<\/p>\n<h3>Legislaci\u00f3n<\/h3>\n<p>La legislaci\u00f3n espa\u00f1ola establece que las p\u00e1ginas web de los organismos p\u00fablicos deben satisfacer los est\u00e1ndares de navegabilidad y accesibilidad para personas con discapacidad y de edad avanzada, siguiendo los criterios de accesibilidad de \u00e1mbito internacional que se recogen en la Iniciativa de Accesibilidad a la Web del World Wide Web Consortium.<\/p>\n<div class=\"documentos\">\n<ul>\n<li><a href=\"http:\/\/www.boe.es\/boe\/dias\/2007\/11\/21\/pdfs\/A47567-47572.pdf\">REAL DECRETO 1494\/2007, de 12 de noviembre<\/a>, por el que se aprueba el Reglamento sobre las condiciones b\u00e1sicas para el acceso de las personas con discapacidad a las tecnolog\u00edas, productos y servicios relacionados con la sociedad de la informaci\u00f3n y medios de comunicaci\u00f3n social.<\/li>\n<li><a href=\"http:\/\/www.aenor.es\/aenor\/normas\/normas\/fichanorma.asp?tipo=N&amp;codigo=N0049614#.UUrctTtmL08\">Norma UNE 139803:2012<\/a> Requisitos de accesibilidad para contenidos en la web.<\/li>\n<li><a href=\"http:\/\/www.boe.es\/boe\/dias\/2002\/07\/12\/pdfs\/A25388-25403.pdf\">LEY 34\/2002, de 11 de julio<\/a>, de servicios de la sociedad de la informaci\u00f3n y de comercio electr\u00f3nico.<\/li>\n<\/ul>\n<\/div>\n","protected":false},"excerpt":{"rendered":"<p>La accesibilidad web consiste, seg\u00fan el World Wide Web Consortium (W3C), en ofrecer \u00abun acceso universal a la web independientemente del tipo de hardware, software, infraestructura de red, idioma, cultura, localizaci\u00f3n geogr\u00e1fica y capacidades de los usuarios\u00bb. Esta p\u00e1gina web se ha creado siguiendo ese concepto y aplicando las directrices marcadas por la Iniciativa de [&hellip;]<\/p>\n","protected":false},"author":1,"featured_media":0,"parent":0,"menu_order":0,"comment_status":"closed","ping_status":"closed","template":"","meta":{"_genesis_hide_title":false,"_genesis_hide_breadcrumbs":false,"_genesis_hide_singular_image":false,"_genesis_hide_footer_widgets":false,"_genesis_custom_body_class":"","_genesis_custom_post_class":"","_genesis_layout":"","footnotes":""},"class_list":{"0":"post-796","1":"page","2":"type-page","3":"status-publish","5":"entry","6":"gs-1","7":"gs-odd","8":"gs-even","9":"gs-featured-content-entry"},"_links":{"self":[{"href":"https:\/\/www.unioviedo.es\/promebi\/wp-json\/wp\/v2\/pages\/796","targetHints":{"allow":["GET"]}}],"collection":[{"href":"https:\/\/www.unioviedo.es\/promebi\/wp-json\/wp\/v2\/pages"}],"about":[{"href":"https:\/\/www.unioviedo.es\/promebi\/wp-json\/wp\/v2\/types\/page"}],"author":[{"embeddable":true,"href":"https:\/\/www.unioviedo.es\/promebi\/wp-json\/wp\/v2\/users\/1"}],"replies":[{"embeddable":true,"href":"https:\/\/www.unioviedo.es\/promebi\/wp-json\/wp\/v2\/comments?post=796"}],"version-history":[{"count":1,"href":"https:\/\/www.unioviedo.es\/promebi\/wp-json\/wp\/v2\/pages\/796\/revisions"}],"predecessor-version":[{"id":797,"href":"https:\/\/www.unioviedo.es\/promebi\/wp-json\/wp\/v2\/pages\/796\/revisions\/797"}],"wp:attachment":[{"href":"https:\/\/www.unioviedo.es\/promebi\/wp-json\/wp\/v2\/media?parent=796"}],"curies":[{"name":"wp","href":"https:\/\/api.w.org\/{rel}","templated":true}]}}