{"id":798,"date":"2016-01-08T21:23:54","date_gmt":"2016-01-08T20:23:54","guid":{"rendered":"http:\/\/156.35.33.98\/promebi\/?page_id=798"},"modified":"2018-03-06T10:51:17","modified_gmt":"2018-03-06T09:51:17","slug":"mapa-web","status":"publish","type":"page","link":"https:\/\/www.unioviedo.es\/promebi\/mapa-web\/","title":{"rendered":"Mapa Web"},"content":{"rendered":"<h3><\/h3>\n<h3><strong>Portada<\/strong><\/h3>\n<h3><strong>Equipo <\/strong><\/h3>\n<ul>\n<li>\n<h4>Investigadores<\/h4>\n<ul>\n<li>Palacios Guti\u00e9rrez, Rodolfo<\/li>\n<li>Alonso Dom\u00ednguez, \u00c1ngel<\/li>\n<li>Cueto Pruneda, Gabriel<\/li>\n<li>Garc\u00eda Blanco, Jos\u00e9 Mar\u00eda<\/li>\n<li>Gonz\u00e1lez Begega, Sergio<\/li>\n<li>Gonz\u00e1lez Men\u00e9ndez, Mar\u00eda del Carmen<\/li>\n<li>Guill\u00e9n Rodr\u00edguez, Ana Marta<\/li>\n<li>Calleja Jim\u00e9nez, Jos\u00e9 Pablo<\/li>\n<li>K\u00f6hler, Holm-Detlev<\/li>\n<li>Luque Balbona, David<\/li>\n<li>Mato D\u00edaz, Francisco Javier<\/li>\n<li>Rodr\u00edguez \u00c1lvarez, Vanesa<\/li>\n<li>Tejero P\u00e9rez, Aroa<\/li>\n<\/ul>\n<\/li>\n<\/ul>\n<ul>\n<li>\n<h4 style=\"margin-top: 15px;\">Personal en formaci\u00f3n<\/h4>\n<ul>\n<li>Aranea Guill\u00e9n, Mona<\/li>\n<li>Doblyte, Sigita<\/li>\n<li>Escudero Castillo, Israel<\/li>\n<li>L\u00f3pez Rodr\u00edguez, Ferm\u00edn<\/li>\n<li>Su\u00e1rez Fern\u00e1ndez, Tania<\/li>\n<\/ul>\n<\/li>\n<\/ul>\n<ul>\n<li>\n<h4 style=\"margin-top: 15px;\">Visitantes<\/h4>\n<\/li>\n<\/ul>\n<h3><strong>Noticias<\/strong><\/h3>\n<h3><strong>Eventos <\/strong><\/h3>\n<ul>\n<li>\n<h4>Seminario de investigaci\u00f3n<\/h4>\n<\/li>\n<li>\n<h4>Conferencias<\/h4>\n<\/li>\n<li>\n<h4>Presencia en los medios<\/h4>\n<\/li>\n<li>\n<h4>Otros eventos<\/h4>\n<\/li>\n<\/ul>\n<h3><strong>Docencia <\/strong><\/h3>\n<ul>\n<li>\n<h4>Grados<\/h4>\n<\/li>\n<li>\n<h4>M\u00e1sters<\/h4>\n<\/li>\n<li>\n<h4>Trabajos de investigaci\u00f3n<\/h4>\n<\/li>\n<\/ul>\n<h3><strong>Investigaci\u00f3n <\/strong><\/h3>\n<ul>\n<li>\n<h4>L\u00edneas de investigaci\u00f3n<\/h4>\n<\/li>\n<li>\n<h4>Proyectos<\/h4>\n<ul>\n<li>Proyectos Europeos<\/li>\n<li>Proyectos Nacionales<\/li>\n<li>Contratos<\/li>\n<li>Subvenciones<\/li>\n<\/ul>\n<\/li>\n<li>\n<h4 style=\"margin-top: 15px;\">Congresos<\/h4>\n<\/li>\n<li>\n<h4>Tesis doctorales en curso<\/h4>\n<\/li>\n<li>\n<h4>Servicio CATI\/CAWI<\/h4>\n<\/li>\n<\/ul>\n<h3><strong>Publicaciones <\/strong><\/h3>\n<ul>\n<li>\n<h4>Art\u00edculos<\/h4>\n<\/li>\n<li>\n<h4>Libros<\/h4>\n<\/li>\n<li>\n<h4>Cap\u00edtulos de libro<\/h4>\n<\/li>\n<li>\n<h4>Working papers<\/h4>\n<\/li>\n<li>\n<h4>Tesis doctorales<\/h4>\n<\/li>\n<\/ul>\n<h3><strong>Contactar <\/strong><\/h3>\n<h3><strong>Mapa Web<\/strong><\/h3>\n<h3><strong>Contacto<\/strong><\/h3>\n<h3><strong>Accesibilidad<\/strong><\/h3>\n<h3><strong>Aviso legal<\/strong><\/h3>\n<h3><strong>Cr\u00e9ditos<\/strong><\/h3>\n","protected":false},"excerpt":{"rendered":"<p>Portada Equipo Investigadores Palacios Guti\u00e9rrez, Rodolfo Alonso Dom\u00ednguez, \u00c1ngel Cueto Pruneda, Gabriel Garc\u00eda Blanco, Jos\u00e9 Mar\u00eda Gonz\u00e1lez Begega, Sergio Gonz\u00e1lez Men\u00e9ndez, Mar\u00eda del Carmen Guill\u00e9n Rodr\u00edguez, Ana Marta Calleja Jim\u00e9nez, Jos\u00e9 Pablo K\u00f6hler, Holm-Detlev Luque Balbona, David Mato D\u00edaz, Francisco Javier Rodr\u00edguez \u00c1lvarez, Vanesa Tejero P\u00e9rez, Aroa Personal en formaci\u00f3n Aranea Guill\u00e9n, Mona Doblyte, Sigita [&hellip;]<\/p>\n","protected":false},"author":1,"featured_media":0,"parent":0,"menu_order":0,"comment_status":"closed","ping_status":"closed","template":"","meta":{"_genesis_hide_title":false,"_genesis_hide_breadcrumbs":false,"_genesis_hide_singular_image":false,"_genesis_hide_footer_widgets":false,"_genesis_custom_body_class":"","_genesis_custom_post_class":"","_genesis_layout":"","footnotes":""},"class_list":{"0":"post-798","1":"page","2":"type-page","3":"status-publish","5":"entry","6":"gs-1","7":"gs-odd","8":"gs-even","9":"gs-featured-content-entry"},"_links":{"self":[{"href":"https:\/\/www.unioviedo.es\/promebi\/wp-json\/wp\/v2\/pages\/798","targetHints":{"allow":["GET"]}}],"collection":[{"href":"https:\/\/www.unioviedo.es\/promebi\/wp-json\/wp\/v2\/pages"}],"about":[{"href":"https:\/\/www.unioviedo.es\/promebi\/wp-json\/wp\/v2\/types\/page"}],"author":[{"embeddable":true,"href":"https:\/\/www.unioviedo.es\/promebi\/wp-json\/wp\/v2\/users\/1"}],"replies":[{"embeddable":true,"href":"https:\/\/www.unioviedo.es\/promebi\/wp-json\/wp\/v2\/comments?post=798"}],"version-history":[{"count":23,"href":"https:\/\/www.unioviedo.es\/promebi\/wp-json\/wp\/v2\/pages\/798\/revisions"}],"predecessor-version":[{"id":1902,"href":"https:\/\/www.unioviedo.es\/promebi\/wp-json\/wp\/v2\/pages\/798\/revisions\/1902"}],"wp:attachment":[{"href":"https:\/\/www.unioviedo.es\/promebi\/wp-json\/wp\/v2\/media?parent=798"}],"curies":[{"name":"wp","href":"https:\/\/api.w.org\/{rel}","templated":true}]}}