{"id":123,"date":"2019-09-16T22:34:57","date_gmt":"2019-09-16T20:34:57","guid":{"rendered":"https:\/\/www.unioviedo.es\/proteoviedo2020\/?page_id=123"},"modified":"2024-10-31T17:12:30","modified_gmt":"2024-10-31T16:12:30","slug":"committees","status":"publish","type":"page","link":"https:\/\/www.unioviedo.es\/proteoviedo2020\/index.php\/committees\/","title":{"rendered":"Committees"},"content":{"rendered":"\n<h2 class=\"wp-block-heading\">Organizing Committee<\/h2>\n\n\n\n<p>Luis Valledor, Chair, Department of Organisms and Systems Biology<br>Jes\u00fas Pascual, Department of Functional Biology<br>M\u00f3nica Escand\u00f3n, Department of Organisms and Systems Biology<br><br>University of Oviedo<\/p>\n\n\n\n<h2 class=\"wp-block-heading\">Scientific Committee<br><\/h2>\n\n\n\n<p>Montserrat Carrascal, SEProt<br>F\u00e9lix Elortza, SEProt<br>Javier Mu\u00f1oz, SEProt<br>Enrique Santamaria, SEProt<br>Maria del Carmen Duran, SEProt<br>Mar\u00eda G. Barderas, SEProt<br>Eduardo Chicano-Galv\u00e9z, SEProt<br>Marina Gay, SEProt<br>Miguel A. Sentandreu, SEProt<br>Cristina Ruiz-Romero, SEProt<br>Luis Valledor, SEProt<br>Jes\u00fas Pascual, SEProt<br>M\u00f3nica Escand\u00f3n, SEProt<\/p>\n","protected":false},"excerpt":{"rendered":"<p>Organizing Committee Luis Valledor, Chair, Department of Organisms and Systems BiologyJes\u00fas Pascual, Department of Functional BiologyM\u00f3nica Escand\u00f3n, Department of Organisms and Systems Biology University of Oviedo Scientific Committee Montserrat Carrascal, SEProtF\u00e9lix Elortza, SEProtJavier Mu\u00f1oz, SEProtEnrique Santamaria, SEProtMaria del Carmen Duran, SEProtMar\u00eda G. Barderas, SEProtEduardo Chicano-Galv\u00e9z, SEProtMarina Gay, SEProtMiguel A. Sentandreu, SEProtCristina Ruiz-Romero, SEProtLuis Valledor, SEProtJes\u00fas &hellip; <\/p>\n","protected":false},"author":1,"featured_media":189,"parent":0,"menu_order":0,"comment_status":"closed","ping_status":"closed","template":"","meta":{"footnotes":""},"class_list":["post-123","page","type-page","status-publish","has-post-thumbnail","hentry"],"_links":{"self":[{"href":"https:\/\/www.unioviedo.es\/proteoviedo2020\/index.php\/wp-json\/wp\/v2\/pages\/123","targetHints":{"allow":["GET"]}}],"collection":[{"href":"https:\/\/www.unioviedo.es\/proteoviedo2020\/index.php\/wp-json\/wp\/v2\/pages"}],"about":[{"href":"https:\/\/www.unioviedo.es\/proteoviedo2020\/index.php\/wp-json\/wp\/v2\/types\/page"}],"author":[{"embeddable":true,"href":"https:\/\/www.unioviedo.es\/proteoviedo2020\/index.php\/wp-json\/wp\/v2\/users\/1"}],"replies":[{"embeddable":true,"href":"https:\/\/www.unioviedo.es\/proteoviedo2020\/index.php\/wp-json\/wp\/v2\/comments?post=123"}],"version-history":[{"count":8,"href":"https:\/\/www.unioviedo.es\/proteoviedo2020\/index.php\/wp-json\/wp\/v2\/pages\/123\/revisions"}],"predecessor-version":[{"id":524,"href":"https:\/\/www.unioviedo.es\/proteoviedo2020\/index.php\/wp-json\/wp\/v2\/pages\/123\/revisions\/524"}],"wp:featuredmedia":[{"embeddable":true,"href":"https:\/\/www.unioviedo.es\/proteoviedo2020\/index.php\/wp-json\/wp\/v2\/media\/189"}],"wp:attachment":[{"href":"https:\/\/www.unioviedo.es\/proteoviedo2020\/index.php\/wp-json\/wp\/v2\/media?parent=123"}],"curies":[{"name":"wp","href":"https:\/\/api.w.org\/{rel}","templated":true}]}}