{"id":1060,"date":"2025-11-04T09:50:28","date_gmt":"2025-11-04T08:50:28","guid":{"rendered":"https:\/\/www.unioviedo.es\/publicaciones_grec\/?page_id=1060"},"modified":"2025-11-04T09:50:28","modified_gmt":"2025-11-04T08:50:28","slug":"base-de-datos","status":"publish","type":"page","link":"https:\/\/www.unioviedo.es\/publicaciones_grec\/index.php\/base-de-datos\/","title":{"rendered":"Base de datos"},"content":{"rendered":"\n<p>La base de datos<a href=\"https:\/\/bd.qtheatre.org\/es\/\" target=\"_blank\" rel=\"noreferrer noopener\"> <strong>Q. Theatre<\/strong><\/a> recoge obras teatrales que reescriben, adaptan o remiten de modo evidente a la novela <em>Don Quijote de la Mancha<\/em> de Miguel de Cervantes. La selecci\u00f3n abarca todos los g\u00e9neros teatrales y l\u00edricos. <\/p>\n\n\n\n<p><\/p>\n","protected":false},"excerpt":{"rendered":"<p>La base de datos Q. Theatre recoge obras teatrales que reescriben, adaptan o remiten de modo evidente a la novela Don Quijote de la Mancha de Miguel de Cervantes. La selecci\u00f3n abarca todos los g\u00e9neros teatrales y l\u00edricos.<\/p>\n","protected":false},"author":4,"featured_media":0,"parent":0,"menu_order":0,"comment_status":"closed","ping_status":"closed","template":"","meta":{"footnotes":""},"class_list":["post-1060","page","type-page","status-publish","hentry"],"_links":{"self":[{"href":"https:\/\/www.unioviedo.es\/publicaciones_grec\/index.php\/wp-json\/wp\/v2\/pages\/1060","targetHints":{"allow":["GET"]}}],"collection":[{"href":"https:\/\/www.unioviedo.es\/publicaciones_grec\/index.php\/wp-json\/wp\/v2\/pages"}],"about":[{"href":"https:\/\/www.unioviedo.es\/publicaciones_grec\/index.php\/wp-json\/wp\/v2\/types\/page"}],"author":[{"embeddable":true,"href":"https:\/\/www.unioviedo.es\/publicaciones_grec\/index.php\/wp-json\/wp\/v2\/users\/4"}],"replies":[{"embeddable":true,"href":"https:\/\/www.unioviedo.es\/publicaciones_grec\/index.php\/wp-json\/wp\/v2\/comments?post=1060"}],"version-history":[{"count":2,"href":"https:\/\/www.unioviedo.es\/publicaciones_grec\/index.php\/wp-json\/wp\/v2\/pages\/1060\/revisions"}],"predecessor-version":[{"id":1062,"href":"https:\/\/www.unioviedo.es\/publicaciones_grec\/index.php\/wp-json\/wp\/v2\/pages\/1060\/revisions\/1062"}],"wp:attachment":[{"href":"https:\/\/www.unioviedo.es\/publicaciones_grec\/index.php\/wp-json\/wp\/v2\/media?parent=1060"}],"curies":[{"name":"wp","href":"https:\/\/api.w.org\/{rel}","templated":true}]}}