{"id":1124,"date":"2026-01-28T12:33:48","date_gmt":"2026-01-28T11:33:48","guid":{"rendered":"https:\/\/www.unioviedo.es\/publicaciones_grec\/?page_id=1124"},"modified":"2026-01-28T13:32:59","modified_gmt":"2026-01-28T12:32:59","slug":"coleccion-el-quijote-y-sus-interpretaciones-20","status":"publish","type":"page","link":"https:\/\/www.unioviedo.es\/publicaciones_grec\/index.php\/coleccion-el-quijote-y-sus-interpretaciones-20\/","title":{"rendered":"Colecci\u00f3n \u00abEl Quijote y sus interpretaciones\u00bb. 20"},"content":{"rendered":"\n<h2 class=\"wp-block-heading has-black-color has-text-color has-link-color wp-elements-19204e45dc67262007e43205d4eb9579\" style=\"font-size:31px\"><strong>Don Quijote, o El Caballero de la Triste Figura. Un gran espect\u00e1culo musical, en dos actos<\/strong><\/h2>\n\n\n\n<h2 class=\"wp-block-heading has-black-color has-text-color has-link-color wp-elements-eee1b886cea2e502d61061817e384684\" style=\"font-size:22px\"><strong>George Almar<\/strong><\/h2>\n\n\n\n<p>Edici\u00f3n, introducci\u00f3n y traducci\u00f3n Mar\u00eda Jos\u00e9 \u00c1lvarez Faedo<\/p>\n\n\n\n<p>Publicado en 2025<\/p>\n\n\n<div class=\"wp-block-image\">\n<figure class=\"alignleft size-full is-resized\"><img loading=\"lazy\" decoding=\"async\" width=\"631\" height=\"948\" src=\"https:\/\/www.unioviedo.es\/publicaciones_grec\/wp-content\/uploads\/2026\/01\/Almar-2.png\" alt=\"\" class=\"wp-image-1130\" style=\"width:354px;height:auto\" srcset=\"https:\/\/www.unioviedo.es\/publicaciones_grec\/wp-content\/uploads\/2026\/01\/Almar-2.png 631w, https:\/\/www.unioviedo.es\/publicaciones_grec\/wp-content\/uploads\/2026\/01\/Almar-2-200x300.png 200w\" sizes=\"auto, (max-width: 631px) 100vw, 631px\" \/><\/figure>\n<\/div>\n\n\n<p><strong>George Almar<\/strong> fue un exitoso dramaturgo, actor y director de teatro en la Inglaterra del siglo XIX. Naci\u00f3 en Mistley Thorn en 1802, hijo de un rico comerciante venido a menos tras el estallido de la guerra angloespa\u00f1ola (1796-1802).<\/p>\n\n\n\n<p>Fue autor de m\u00e1s de una treintena de melodramas y obras de teatro rom\u00e1nticas entre 1830-1849, de los cuales los m\u00e1s conocidos son <em>The Charcoal-Burner<\/em> y <em>The Rover\u2019s Bride<\/em>. Su \u00faltima producci\u00f3n fue <em>Born with a Caul<\/em> (una versi\u00f3n dramatizada de <em>David Copperfield<\/em>), representada en el Strand Theatre en 1850.<\/p>\n\n\n\n<p>George Almar tambi\u00e9n era actor. Prestaba especial atenci\u00f3n a la expresi\u00f3n corporal y gesticulaba en exceso, lo que no parece haber sido del agrado de todos. Fue tambi\u00e9n empleado del Registro del Tribunal de Prerrogativas de Canterbury. Sin embargo, a pesar de ostentar cargos importantes, muri\u00f3 en el anonimato, pues su fallecimiento no aparece registrado en ninguna parte.<\/p>\n\n\n\n<p><em>Don Quijote, o El Caballero de la Triste Figura. Un gran espect\u00e1culo musical, en dos actos<\/em> se estren\u00f3 el 8 de abril de 1833, en el Teatro Surrey de Londres y la obra tuvo tal \u00e9xito que se lleg\u00f3 a reeditar varias veces en su \u00e9poca.<\/p>\n\n\n\n<p><\/p>\n\n\n\n<p class=\"has-black-color has-text-color has-link-color wp-elements-8dca69f30e52dd37aa9ab7900bacdd5e\" style=\"font-size:22px\"><strong>Se puede encontrar el libro en pdf en el siguiente enlace del <a href=\"https:\/\/hdl.handle.net\/10651\/81106\" target=\"_blank\" rel=\"noreferrer noopener\">RUO<\/a>. <\/strong><\/p>\n\n\n\n<p><\/p>\n","protected":false},"excerpt":{"rendered":"<p>Don Quijote, o El Caballero de la Triste Figura. Un gran espect\u00e1culo musical, en dos actos George Almar Edici\u00f3n, introducci\u00f3n y traducci\u00f3n Mar\u00eda Jos\u00e9 \u00c1lvarez Faedo Publicado en 2025 George Almar fue un exitoso dramaturgo, actor y director de teatro en la Inglaterra del siglo XIX. Naci\u00f3 en Mistley Thorn en 1802, hijo de un &hellip; <\/p>\n<p class=\"link-more\"><a href=\"https:\/\/www.unioviedo.es\/publicaciones_grec\/index.php\/coleccion-el-quijote-y-sus-interpretaciones-20\/\" class=\"more-link\">Continuar leyendo<span class=\"screen-reader-text\"> \u00abColecci\u00f3n \u00abEl Quijote y sus interpretaciones\u00bb. 20&#8243;<\/span><\/a><\/p>\n","protected":false},"author":1,"featured_media":0,"parent":0,"menu_order":0,"comment_status":"closed","ping_status":"closed","template":"","meta":{"footnotes":""},"class_list":["post-1124","page","type-page","status-publish","hentry"],"_links":{"self":[{"href":"https:\/\/www.unioviedo.es\/publicaciones_grec\/index.php\/wp-json\/wp\/v2\/pages\/1124","targetHints":{"allow":["GET"]}}],"collection":[{"href":"https:\/\/www.unioviedo.es\/publicaciones_grec\/index.php\/wp-json\/wp\/v2\/pages"}],"about":[{"href":"https:\/\/www.unioviedo.es\/publicaciones_grec\/index.php\/wp-json\/wp\/v2\/types\/page"}],"author":[{"embeddable":true,"href":"https:\/\/www.unioviedo.es\/publicaciones_grec\/index.php\/wp-json\/wp\/v2\/users\/1"}],"replies":[{"embeddable":true,"href":"https:\/\/www.unioviedo.es\/publicaciones_grec\/index.php\/wp-json\/wp\/v2\/comments?post=1124"}],"version-history":[{"count":6,"href":"https:\/\/www.unioviedo.es\/publicaciones_grec\/index.php\/wp-json\/wp\/v2\/pages\/1124\/revisions"}],"predecessor-version":[{"id":1141,"href":"https:\/\/www.unioviedo.es\/publicaciones_grec\/index.php\/wp-json\/wp\/v2\/pages\/1124\/revisions\/1141"}],"wp:attachment":[{"href":"https:\/\/www.unioviedo.es\/publicaciones_grec\/index.php\/wp-json\/wp\/v2\/media?parent=1124"}],"curies":[{"name":"wp","href":"https:\/\/api.w.org\/{rel}","templated":true}]}}