{"id":132,"date":"2020-11-17T16:50:14","date_gmt":"2020-11-17T15:50:14","guid":{"rendered":"https:\/\/www.unioviedo.es\/publicaciones_grec\/?page_id=132"},"modified":"2026-01-15T13:43:43","modified_gmt":"2026-01-15T12:43:43","slug":"proyectos","status":"publish","type":"page","link":"https:\/\/www.unioviedo.es\/publicaciones_grec\/index.php\/pagina-ejemplo\/proyectos\/","title":{"rendered":"Proyectos"},"content":{"rendered":"\n<h3 class=\"wp-block-heading\"><strong>Ayudas concedidas y proyectos de investigaci\u00f3n financiados <\/strong><\/h3>\n\n\n\n<h4 class=\"wp-block-heading\">Europeos:<\/h4>\n\n\n\n<div class=\"wp-block-group\"><div class=\"wp-block-group__inner-container is-layout-constrained wp-block-group-is-layout-constrained\">\n<div class=\"wp-block-group\"><div class=\"wp-block-group__inner-container is-layout-constrained wp-block-group-is-layout-constrained\">\n<div class=\"wp-block-group\"><div class=\"wp-block-group__inner-container is-layout-constrained wp-block-group-is-layout-constrained\">\n<div class=\"wp-block-group\"><div class=\"wp-block-group__inner-container is-layout-constrained wp-block-group-is-layout-constrained\">\n<ul class=\"wp-block-list\">\n<li>\u201cRecreaciones teatrales del Quijote en Europa\u201d (\u201cTheatrical recreations of Don Quixote in Europe\u201d): UE-17-Q.THEATRE-CULTURE-16<br>Organismo: C.E.E.-Comunidad Econ\u00f3mica Europea<br>Fecha de Inicio: 1 de septiembre de 2017<br>Fecha de Fin: 31 de agosto de 2019<br>Investigador responsable: Emilio Mart\u00ednez Mata<\/li>\n<\/ul>\n<\/div><\/div>\n<\/div><\/div>\n<\/div><\/div>\n<\/div><\/div>\n\n\n\n<p class=\"has-vivid-cyan-blue-color has-text-color has-link-color wp-elements-66118081fbbde1e4f4aca273a764d51f\"><span style=\"color: #3366ff;\"><em><a href=\"https:\/\/culture.ec.europa.eu\/creative-europe\/projects\/search\/details\/584036-CREA-1-2017-1-ES-CULT-COOP1\" target=\"_blank\" rel=\"noreferrer noopener\">M\u00e1s informaci\u00f3n<\/a><\/em><\/span><\/p>\n\n\n\n<h4 class=\"wp-block-heading\">Nacionales:<\/h4>\n\n\n\n<ul class=\"wp-block-list\">\n<li>\u201cRecreaciones teatrales del <em>Quijote<\/em> II &#8211; RETEQ 2\u201d: PID2024-159673NB-I00<br>Organismo: Agencia Estatal de Investigaci\u00f3n (Ministerio de Ciencia, Innovaci\u00f3n y Universidades)<br>Fecha de inicio: 1 de noviembre de 2025<br>Fecha de fin: 31 de octubre de 2028<br>Investigadora responsable: Mar\u00eda Jos\u00e9 \u00c1lvarez Faedo<\/li>\n<\/ul>\n\n\n\n<p><\/p>\n\n\n\n<ul class=\"wp-block-list\">\n<li>\u201cRecreaciones teatrales del <em>Quijote<\/em> &#8211; RETEQ\u201d: MCI-20-PID2019-111485GB-I00<br>Organismo: Agencia Estatal de Investigaci\u00f3n (Ministerio de Econom\u00eda e Industria)<br>Fecha de inicio: 1 de junio de 2020<br>Fecha de fin: 31 de mayo de 2023<br>Investigador responsable: Emilio Mart\u00ednez Mata<\/li>\n<\/ul>\n\n\n\n<p class=\"has-vivid-cyan-blue-color has-text-color has-link-color wp-elements-6b86dc532eca07a982c5e5399ad09f51\"><span style=\"color: #3366ff;\"><em><a style=\"color: #3366ff;\" href=\"https:\/\/www.unioviedo.es\/publicaciones_grec\/index.php\/proyectos-del-grec-recreaciones-teatrales-del-quijote-reteq\/\" target=\"_blank\" rel=\"noopener noreferrer\">M\u00e1s informaci\u00f3n<\/a><\/em><\/span><\/p>\n\n\n\n<ul class=\"wp-block-list\">\n<li>\u201cRecepci\u00f3n e interpretaci\u00f3n del <em>Quijote<\/em> (1605-1830). Traducciones, opiniones, recreaciones\u201d: MINECO-15-FFI2014-56414-P<br>Organismo: Ministerio de Econom\u00eda y Competitividad<br>Fecha de Inicio: 1 de enero de 2015<br>Fecha de Fin: 31 de diciembre de 2017<br>Investigador responsable: Emilio Mart\u00ednez Mata<\/li>\n<\/ul>\n\n\n\n<ul class=\"wp-block-list\">\n<li>\u201cRecepci\u00f3n e interpretaci\u00f3n del <em>Quijote<\/em> (1605\u00ad1800). Traducciones, ediciones, opiniones\u201d: MICINN-09-FFI2009-11898.<br>Organismo: Ministerio de Econom\u00eda y Competitividad<br>Fecha de Inicio: 1 de enero de 2010<br>Fecha de Fin: 1 de diciembre de 2012<br>Investigador responsable: Emilio Mart\u00ednez Mata<\/li>\n<\/ul>\n\n\n\n<h4 class=\"wp-block-heading\">Regionales:<\/h4>\n\n\n\n<ul class=\"wp-block-list\">\n<li>Ayudas a organismos p\u00fablicos de investigaci\u00f3n para apoyar la actividad que desarrollen sus grupos de investigaci\u00f3n en el Principado de Asturias en el per\u00edodo 2018-2020 \u2013 GREC: FC-GRUPIN-IDI\/2018\/000194<br>Organismo: Principado de Asturias<br>Fecha de Inicio: 1 de enero de 2018<br>Fecha de Fin: 31 de diciembre de 2020<br>Investigador responsable: Emilio Mart\u00ednez Mata<\/li>\n<\/ul>\n\n\n\n<ul class=\"wp-block-list\">\n<li>\u201cRecepci\u00f3n e interpretaci\u00f3n del <em>Quijote<\/em> (1605-1780)\u201d: FC-09-IB09-010<br>Organismo: Consejer\u00eda de Cultura y Deporte, Principado de Asturias<br>Fecha de Inicio: 1 de septiembre de 2009<br>Fecha de Fin: 31 de diciembre de 2010<br>Investigador responsable: Emilio Mart\u00ednez Mata<\/li>\n<\/ul>\n\n\n\n<h4 class=\"wp-block-heading\">Ayudas a la investigaci\u00f3n de la Universidad de Oviedo:<\/h4>\n\n\n\n<ul class=\"wp-block-list\">\n<li>Ayuda para el mantenimiento de actividades de investigaci\u00f3n de institutos universitarios de investigaci\u00f3n y grupos de investigaci\u00f3n reconocidos por la Universidad de Oviedo para el ejercicio 2024: GR-2024-0012<br>Organismo: Universidad de Oviedo<br>Fecha de Inicio: 1 de enero de 2024<br>Fecha de Fin: 30 de junio de 2025<br>Investigadora responsable: Mar\u00eda Jos\u00e9 \u00c1lvarez Faedo<\/li>\n<\/ul>\n\n\n\n<ul class=\"wp-block-list\">\n<li>A<span id=\"page7R_mcid14\" class=\"markedContent\"><span dir=\"ltr\" role=\"presentation\">yuda para el mantenimiento de actividades de <\/span><\/span><span id=\"page7R_mcid15\" class=\"markedContent\"><span dir=\"ltr\" role=\"presentation\">investigaci\u00f3n de institutos universitarios de investigaci\u00f3n y grupos de investigaci\u00f3n reconocidos por la <\/span><span class=\"markedContent\"><span dir=\"ltr\" role=\"presentation\">U<\/span><\/span><span dir=\"ltr\" role=\"presentation\">niversidad <\/span><\/span><span id=\"page7R_mcid16\" class=\"markedContent\"><span dir=\"ltr\" role=\"presentation\">de <\/span><span class=\"markedContent\"><span dir=\"ltr\" role=\"presentation\">O<\/span><\/span><span dir=\"ltr\" role=\"presentation\">viedo para el ejercicio 2021<\/span><\/span>: PAPI-21-GR-2016-0019.<br>Organismo: Universidad de Oviedo<br>Fecha de Inicio: 1 de enero de 2021<br>Fecha de Fin: 26 de noviembre de 2021<br>Investigador responsable: Emilio Mart\u00ednez Mata<\/li>\n<\/ul>\n\n\n\n<ul class=\"wp-block-list\">\n<li>\u201cRecepci\u00f3n e interpretaci\u00f3n del <em>Quijote<\/em> (1605-1800)\u201d: UNOV-09-MA-2.<br>Organismo: Universidad de Oviedo<br>Fecha de Inicio: 6 de febrero de 2009<br>Fecha de Fin: 31 de diciembre de 2009<br>Investigador responsable: Emilio Mart\u00ednez Mata<\/li>\n<\/ul>\n","protected":false},"excerpt":{"rendered":"<p>Ayudas concedidas y proyectos de investigaci\u00f3n financiados Europeos: M\u00e1s informaci\u00f3n Nacionales: M\u00e1s informaci\u00f3n Regionales: Ayudas a la investigaci\u00f3n de la Universidad de Oviedo:<\/p>\n","protected":false},"author":1,"featured_media":0,"parent":2,"menu_order":0,"comment_status":"closed","ping_status":"closed","template":"","meta":{"footnotes":""},"class_list":["post-132","page","type-page","status-publish","hentry"],"_links":{"self":[{"href":"https:\/\/www.unioviedo.es\/publicaciones_grec\/index.php\/wp-json\/wp\/v2\/pages\/132","targetHints":{"allow":["GET"]}}],"collection":[{"href":"https:\/\/www.unioviedo.es\/publicaciones_grec\/index.php\/wp-json\/wp\/v2\/pages"}],"about":[{"href":"https:\/\/www.unioviedo.es\/publicaciones_grec\/index.php\/wp-json\/wp\/v2\/types\/page"}],"author":[{"embeddable":true,"href":"https:\/\/www.unioviedo.es\/publicaciones_grec\/index.php\/wp-json\/wp\/v2\/users\/1"}],"replies":[{"embeddable":true,"href":"https:\/\/www.unioviedo.es\/publicaciones_grec\/index.php\/wp-json\/wp\/v2\/comments?post=132"}],"version-history":[{"count":24,"href":"https:\/\/www.unioviedo.es\/publicaciones_grec\/index.php\/wp-json\/wp\/v2\/pages\/132\/revisions"}],"predecessor-version":[{"id":1113,"href":"https:\/\/www.unioviedo.es\/publicaciones_grec\/index.php\/wp-json\/wp\/v2\/pages\/132\/revisions\/1113"}],"up":[{"embeddable":true,"href":"https:\/\/www.unioviedo.es\/publicaciones_grec\/index.php\/wp-json\/wp\/v2\/pages\/2"}],"wp:attachment":[{"href":"https:\/\/www.unioviedo.es\/publicaciones_grec\/index.php\/wp-json\/wp\/v2\/media?parent=132"}],"curies":[{"name":"wp","href":"https:\/\/api.w.org\/{rel}","templated":true}]}}