{"id":159,"date":"2021-01-23T15:42:28","date_gmt":"2021-01-23T14:42:28","guid":{"rendered":"https:\/\/www.unioviedo.es\/publicaciones_grec\/?page_id=159"},"modified":"2025-11-03T11:06:33","modified_gmt":"2025-11-03T10:06:33","slug":"coleccion-recreaciones-quijotescas-en-europa","status":"publish","type":"page","link":"https:\/\/www.unioviedo.es\/publicaciones_grec\/index.php\/coleccion-recreaciones-quijotescas-en-europa\/","title":{"rendered":"Colecci\u00f3n \u00abRecreaciones Quijotescas en Europa\u00bb"},"content":{"rendered":"\n<p>Uno de los resultados del proyecto de investigaci\u00f3n <strong>Q.Theatre &#8211; Recreaciones teatrales del <em>Quijote <\/em>en Europa<\/strong> (2017-2019) ha sido la publicaci\u00f3n de una serie de textos en la Societ\u00e0 Editrice Fiorentina, dentro de la colecci\u00f3n \u00abRecreaciones Quijotescas en Europa\u00bb.<\/p>\n\n\n<div class=\"wp-block-image\">\n<figure class=\"alignleft size-large is-resized\"><img loading=\"lazy\" decoding=\"async\" width=\"400\" height=\"600\" src=\"https:\/\/www.unioviedo.es\/publicaciones_grec\/wp-content\/uploads\/2021\/01\/El-ingenioso-hidalgo-A.-Custodio.jpg\" alt=\"\" class=\"wp-image-162\" style=\"width:138px;height:207px\" srcset=\"https:\/\/www.unioviedo.es\/publicaciones_grec\/wp-content\/uploads\/2021\/01\/El-ingenioso-hidalgo-A.-Custodio.jpg 400w, https:\/\/www.unioviedo.es\/publicaciones_grec\/wp-content\/uploads\/2021\/01\/El-ingenioso-hidalgo-A.-Custodio-200x300.jpg 200w\" sizes=\"auto, (max-width: 400px) 100vw, 400px\" \/><figcaption class=\"wp-element-caption\"><em><span class=\"has-inline-color has-cyan-bluish-gray-color\">El ingenioso hidalgo don Quijote de la Mancha, de \u00c1lvaro Custodio, una de las obras publicadas por la colecci\u00f3n.<\/span><\/em><\/figcaption><\/figure>\n<\/div>\n\n\n<p>Esta busca ofrecer y difundir ediciones cr\u00edticas y traducciones de obras teatrales basadas en la inmortal novela de Miguel de Cervantes y en sus personajes principales, aparecidas en toda Europa, desde el siglo XVII hasta la actualidad.<\/p>\n\n\n\n<p>Adem\u00e1s, la colecci\u00f3n tambi\u00e9n incluye la publicaci\u00f3n de estudios e investigaciones relativos a la novela y a su recepci\u00f3n y reinterpretaciones, en especial en la escena europea, llevados a cabo por especialistas de diversos centros universitarios.<\/p>\n\n\n\n<p><\/p>\n\n\n\n<p><\/p>\n\n\n\n<p><\/p>\n\n\n\n<p><\/p>\n\n\n\n<p>Puede visitar la p\u00e1gina de la Societ\u00e0 Editrice Fiorentina: <a href=\"http:\/\/www.sefeditrice.it\/collane\/recreaciones-quijotescas-en-europa\/40\" target=\"_blank\" rel=\"noreferrer noopener\">http:\/\/www.sefeditrice.it\/collane\/recreaciones-quijotescas-en-europa\/40<\/a><\/p>\n\n\n\n<p><\/p>\n","protected":false},"excerpt":{"rendered":"<p>Uno de los resultados del proyecto de investigaci\u00f3n Q.Theatre &#8211; Recreaciones teatrales del Quijote en Europa (2017-2019) ha sido la publicaci\u00f3n de una serie de textos en la Societ\u00e0 Editrice Fiorentina, dentro de la colecci\u00f3n \u00abRecreaciones Quijotescas en Europa\u00bb. Esta busca ofrecer y difundir ediciones cr\u00edticas y traducciones de obras teatrales basadas en la inmortal &hellip; <\/p>\n<p class=\"link-more\"><a href=\"https:\/\/www.unioviedo.es\/publicaciones_grec\/index.php\/coleccion-recreaciones-quijotescas-en-europa\/\" class=\"more-link\">Continuar leyendo<span class=\"screen-reader-text\"> \u00abColecci\u00f3n \u00abRecreaciones Quijotescas en Europa\u00bb\u00bb<\/span><\/a><\/p>\n","protected":false},"author":1,"featured_media":0,"parent":0,"menu_order":0,"comment_status":"closed","ping_status":"closed","template":"","meta":{"footnotes":""},"class_list":["post-159","page","type-page","status-publish","hentry"],"_links":{"self":[{"href":"https:\/\/www.unioviedo.es\/publicaciones_grec\/index.php\/wp-json\/wp\/v2\/pages\/159","targetHints":{"allow":["GET"]}}],"collection":[{"href":"https:\/\/www.unioviedo.es\/publicaciones_grec\/index.php\/wp-json\/wp\/v2\/pages"}],"about":[{"href":"https:\/\/www.unioviedo.es\/publicaciones_grec\/index.php\/wp-json\/wp\/v2\/types\/page"}],"author":[{"embeddable":true,"href":"https:\/\/www.unioviedo.es\/publicaciones_grec\/index.php\/wp-json\/wp\/v2\/users\/1"}],"replies":[{"embeddable":true,"href":"https:\/\/www.unioviedo.es\/publicaciones_grec\/index.php\/wp-json\/wp\/v2\/comments?post=159"}],"version-history":[{"count":10,"href":"https:\/\/www.unioviedo.es\/publicaciones_grec\/index.php\/wp-json\/wp\/v2\/pages\/159\/revisions"}],"predecessor-version":[{"id":1054,"href":"https:\/\/www.unioviedo.es\/publicaciones_grec\/index.php\/wp-json\/wp\/v2\/pages\/159\/revisions\/1054"}],"wp:attachment":[{"href":"https:\/\/www.unioviedo.es\/publicaciones_grec\/index.php\/wp-json\/wp\/v2\/media?parent=159"}],"curies":[{"name":"wp","href":"https:\/\/api.w.org\/{rel}","templated":true}]}}