{"id":218,"date":"2021-07-30T14:08:49","date_gmt":"2021-07-30T12:08:49","guid":{"rendered":"https:\/\/www.unioviedo.es\/publicaciones_grec\/?page_id=218"},"modified":"2021-08-11T16:10:49","modified_gmt":"2021-08-11T14:10:49","slug":"recreaciones-teatrales-del-quijote-perspectivas-teoricas-linguisticas-y-culturales","status":"publish","type":"page","link":"https:\/\/www.unioviedo.es\/publicaciones_grec\/index.php\/recreaciones-teatrales-del-quijote-perspectivas-teoricas-linguisticas-y-culturales\/","title":{"rendered":"Publicaciones del GREC: Recreaciones teatrales del Quijote. Perspectivas te\u00f3ricas, ling\u00fc\u00edsticas y culturales"},"content":{"rendered":"\n<p class=\"has-black-color has-text-color\" style=\"font-size:31px\"><strong><em>Recreaciones teatrales del Quijote. Perspectivas te\u00f3ricas, ling\u00fc\u00edsticas y culturales<\/em><\/strong><\/p>\n\n\n\n<p>Editado por Emilio Mart\u00ednez Mata, Mar\u00eda Fern\u00e1ndez Ferreiro y Emmanuel Marigno<\/p>\n\n\n\n<p>Madrid: Visor Libros. 2019<\/p>\n\n\n\n<p><\/p>\n\n\n\n<div class=\"wp-block-image\"><figure class=\"alignleft size-large is-resized\"><img loading=\"lazy\" decoding=\"async\" src=\"https:\/\/www.unioviedo.es\/publicaciones_grec\/wp-content\/uploads\/2021\/06\/recreaciones-teatrales-del-quijote-perspectivas-teoricas-lingueisticas-y-culturales.jpg\" alt=\"\" class=\"wp-image-203\" width=\"200\" height=\"296\" srcset=\"https:\/\/www.unioviedo.es\/publicaciones_grec\/wp-content\/uploads\/2021\/06\/recreaciones-teatrales-del-quijote-perspectivas-teoricas-lingueisticas-y-culturales.jpg 268w, https:\/\/www.unioviedo.es\/publicaciones_grec\/wp-content\/uploads\/2021\/06\/recreaciones-teatrales-del-quijote-perspectivas-teoricas-lingueisticas-y-culturales-203x300.jpg 203w\" sizes=\"auto, (max-width: 200px) 100vw, 200px\" \/><\/figure><\/div>\n\n\n\n<div class=\"wp-block-group\"><div class=\"wp-block-group__inner-container is-layout-flow wp-block-group-is-layout-flow\">\n<p>Los ensayos de este libro se ocupan del tema de las recreaciones teatrales del <em>Quijote<\/em> desde enfoques diversos y abarcando obras muy variadas, que van desde las primeras fiestas y mascaradas en las que aparecen el hidalgo y su escudero, en fechas pr\u00f3ximas a su publicaci\u00f3n, hasta las recreaciones del siglo XXI, reflejando nuestra mirada m\u00e1s actual sobre la novela cervantina. Estos ensayos, organizados en tres bloques tem\u00e1ticos (planteamientos te\u00f3ricos, reescrituras del <em>Quijote<\/em> en diferentes idiomas y perspectivas teatrales), tienen su origen en los dos primeros seminarios del proyecto <strong><span style=\"color:#639d9e\" class=\"has-inline-color\">Q. Theatre. Theatrical Recreations of <em>Don Quixote<\/em> in Europe<\/span><\/strong>, cofinanciado por la Uni\u00f3n Europea en su programa Europa Creativa, que tiene como objetivo la promoci\u00f3n y el estudio de las recreaciones del <em>Quijote <\/em>en el teatro europeo.<br>Las reescrituras teatrales del <em>Quijote <\/em>que aqu\u00ed se comentan (en pa\u00edses como Espa\u00f1a, Francia, Inglaterra, Italia, Alemania y Portugal) traslucen momentos cruciales de la recepci\u00f3n de la novela cervantina y cambios relevantes en la consideraci\u00f3n de sus personajes, permitiendo comprender mejor el papel de esta obra en la construcci\u00f3n de la cultura europea.<\/p>\n<\/div><\/div>\n\n\n\n<p>Puedes adquirir la obra en formato f\u00edsico a trav\u00e9s del siguiente enlace a la <strong>p\u00e1gina web de la editorial<\/strong>: <a rel=\"noreferrer noopener\" href=\"https:\/\/www.visor-libros.com\/tienda\/recreaciones-teatrales-del-quijote.html\" target=\"_blank\">https:\/\/www.visor-libros.com\/tienda\/recreaciones-teatrales-del-quijote.html<\/a><\/p>\n\n\n\n<p>O <strong>consultarla <em>on line<\/em> <\/strong>aqu\u00ed: <a href=\"https:\/\/www.unioviedo.es\/publicaciones_grec\/wp-content\/uploads\/2021\/07\/Recreaciones-teatrales-del-Quijote-alta.pdf\" target=\"_blank\" rel=\"noreferrer noopener\">https:\/\/www.unioviedo.es\/publicaciones_grec\/wp-content\/uploads\/2021\/07\/Recreaciones-teatrales-del-Quijote-alta.pdf<\/a><\/p>\n","protected":false},"excerpt":{"rendered":"<p>Recreaciones teatrales del Quijote. Perspectivas te\u00f3ricas, ling\u00fc\u00edsticas y culturales Editado por Emilio Mart\u00ednez Mata, Mar\u00eda Fern\u00e1ndez Ferreiro y Emmanuel Marigno Madrid: Visor Libros. 2019 Los ensayos de este libro se ocupan del tema de las recreaciones teatrales del Quijote desde enfoques diversos y abarcando obras muy variadas, que van desde las primeras fiestas y mascaradas &hellip; <\/p>\n<p class=\"link-more\"><a href=\"https:\/\/www.unioviedo.es\/publicaciones_grec\/index.php\/recreaciones-teatrales-del-quijote-perspectivas-teoricas-linguisticas-y-culturales\/\" class=\"more-link\">Continuar leyendo<span class=\"screen-reader-text\"> \u00abPublicaciones del GREC: Recreaciones teatrales del Quijote. Perspectivas te\u00f3ricas, ling\u00fc\u00edsticas y culturales\u00bb<\/span><\/a><\/p>\n","protected":false},"author":1,"featured_media":0,"parent":0,"menu_order":0,"comment_status":"closed","ping_status":"closed","template":"","meta":{"footnotes":""},"class_list":["post-218","page","type-page","status-publish","hentry"],"_links":{"self":[{"href":"https:\/\/www.unioviedo.es\/publicaciones_grec\/index.php\/wp-json\/wp\/v2\/pages\/218","targetHints":{"allow":["GET"]}}],"collection":[{"href":"https:\/\/www.unioviedo.es\/publicaciones_grec\/index.php\/wp-json\/wp\/v2\/pages"}],"about":[{"href":"https:\/\/www.unioviedo.es\/publicaciones_grec\/index.php\/wp-json\/wp\/v2\/types\/page"}],"author":[{"embeddable":true,"href":"https:\/\/www.unioviedo.es\/publicaciones_grec\/index.php\/wp-json\/wp\/v2\/users\/1"}],"replies":[{"embeddable":true,"href":"https:\/\/www.unioviedo.es\/publicaciones_grec\/index.php\/wp-json\/wp\/v2\/comments?post=218"}],"version-history":[{"count":8,"href":"https:\/\/www.unioviedo.es\/publicaciones_grec\/index.php\/wp-json\/wp\/v2\/pages\/218\/revisions"}],"predecessor-version":[{"id":409,"href":"https:\/\/www.unioviedo.es\/publicaciones_grec\/index.php\/wp-json\/wp\/v2\/pages\/218\/revisions\/409"}],"wp:attachment":[{"href":"https:\/\/www.unioviedo.es\/publicaciones_grec\/index.php\/wp-json\/wp\/v2\/media?parent=218"}],"curies":[{"name":"wp","href":"https:\/\/api.w.org\/{rel}","templated":true}]}}