{"id":234,"date":"2021-07-30T14:43:23","date_gmt":"2021-07-30T12:43:23","guid":{"rendered":"https:\/\/www.unioviedo.es\/publicaciones_grec\/?page_id=234"},"modified":"2022-04-08T12:37:06","modified_gmt":"2022-04-08T10:37:06","slug":"recepcion-e-interpretacion-del-quijote","status":"publish","type":"page","link":"https:\/\/www.unioviedo.es\/publicaciones_grec\/index.php\/recepcion-e-interpretacion-del-quijote\/","title":{"rendered":"Publicaciones del GREC: Recepci\u00f3n e interpretaci\u00f3n del Quijote"},"content":{"rendered":"\n<p class=\"has-black-color has-text-color\" style=\"font-size:31px\"><strong><em>Recepci\u00f3n e interpretaci\u00f3n del \u00abQuijote<\/em><\/strong>\u00bb<\/p>\n\n\n\n<p>Editado por Emilio Mart\u00ednez Mata y Pablo Jos\u00e9 Carvajal Pedraza<\/p>\n\n\n\n<p>Madrid: Visor Libros. 2019<\/p>\n\n\n\n<div class=\"wp-block-image\"><figure class=\"alignleft size-large is-resized\"><img loading=\"lazy\" decoding=\"async\" src=\"https:\/\/www.unioviedo.es\/publicaciones_grec\/wp-content\/uploads\/2021\/07\/RECEPCION-E-INTERPRETACION-edited.jpg\" alt=\"\" class=\"wp-image-229\" width=\"170\" height=\"271\" srcset=\"https:\/\/www.unioviedo.es\/publicaciones_grec\/wp-content\/uploads\/2021\/07\/RECEPCION-E-INTERPRETACION-edited.jpg 229w, https:\/\/www.unioviedo.es\/publicaciones_grec\/wp-content\/uploads\/2021\/07\/RECEPCION-E-INTERPRETACION-edited-188x300.jpg 188w\" sizes=\"auto, (max-width: 170px) 100vw, 170px\" \/><\/figure><\/div>\n\n\n\n<p>Estos ensayos, en los que la recepci\u00f3n va unida de manera indisoluble con la interpretaci\u00f3n, se plantean el decisivo papel del <em>Quijote,<\/em> convertido en un fen\u00f3meno cultural que trasciende la literatura. Tanto desde las recreaciones teatrales como desde su influencia en la novela francesa, inglesa, norteamericana o rusa, se examina el singular protagonismo que el <em>Quijote<\/em> adquiere en la Edad Moderna y Contempor\u00e1nea, al tiempo que se revela como origen de la novela moderna, llegando a ocupar, incluso, un lugar central en la posmoderna.<\/p>\n\n\n\n<p><br>De este modo, se revisan perspectivas concretas del papel del <em>Quijote<\/em> en la configuraci\u00f3n de g\u00e9neros como la novela y el teatro en momentos y contextos literarios bien distintos. Desde el examen de la perspectiva lectora impl\u00edcita en el texto del <em>Quijote<\/em>, pasando por las recreaciones teatrales tanto de los primeros siglos de recepci\u00f3n como algunas de las m\u00e1s recientes, los mecanismos par\u00f3dicos de la antinovela francesa del Barroco, los factores de su influencia en los grandes novelistas ingleses del XVIII, los procedimientos de la comicidad en las traducciones inglesas, hasta llegar a la influencia en Walter Scott, en los novelistas rusos del XIX, en Clar\u00edn o en Thomas Pynchon, el establecimiento de nexos entre la recepci\u00f3n y la interpretaci\u00f3n permite obtener una mirada m\u00e1s precisa del papel de la novela cervantina.<\/p>\n\n\n\n<p><\/p>\n\n\n\n<p>Puedes adquirir la obra en formato f\u00edsico a trav\u00e9s del siguiente enlace a la <strong>p\u00e1gina web de la editorial<\/strong>:<a href=\"https:\/\/www.visor-libros.com\/tienda\/recepcion-e-interpretacion-del-quijote.html\" target=\"_blank\" rel=\"noreferrer noopener\"> https:\/\/www.visor-libros.com\/tienda\/recepcion-e-interpretacion-del-quijote.html<\/a><\/p>\n\n\n\n<p>O <strong>consultarla <em>on line<\/em> <\/strong>aqu\u00ed: <a href=\"https:\/\/www.unioviedo.es\/publicaciones_grec\/wp-content\/uploads\/2021\/07\/RECEPCION-E-INTERPRETACION-alta.pdf\" target=\"_blank\" rel=\"noreferrer noopener\">https:\/\/www.unioviedo.es\/publicaciones_grec\/wp-content\/uploads\/2021\/07\/RECEPCION-E-INTERPRETACION-alta.pdf<\/a><\/p>\n","protected":false},"excerpt":{"rendered":"<p>Recepci\u00f3n e interpretaci\u00f3n del \u00abQuijote\u00bb Editado por Emilio Mart\u00ednez Mata y Pablo Jos\u00e9 Carvajal Pedraza Madrid: Visor Libros. 2019 Estos ensayos, en los que la recepci\u00f3n va unida de manera indisoluble con la interpretaci\u00f3n, se plantean el decisivo papel del Quijote, convertido en un fen\u00f3meno cultural que trasciende la literatura. Tanto desde las recreaciones teatrales &hellip; <\/p>\n<p class=\"link-more\"><a href=\"https:\/\/www.unioviedo.es\/publicaciones_grec\/index.php\/recepcion-e-interpretacion-del-quijote\/\" class=\"more-link\">Continuar leyendo<span class=\"screen-reader-text\"> \u00abPublicaciones del GREC: Recepci\u00f3n e interpretaci\u00f3n del Quijote\u00bb<\/span><\/a><\/p>\n","protected":false},"author":1,"featured_media":0,"parent":0,"menu_order":0,"comment_status":"closed","ping_status":"closed","template":"","meta":{"footnotes":""},"class_list":["post-234","page","type-page","status-publish","hentry"],"_links":{"self":[{"href":"https:\/\/www.unioviedo.es\/publicaciones_grec\/index.php\/wp-json\/wp\/v2\/pages\/234","targetHints":{"allow":["GET"]}}],"collection":[{"href":"https:\/\/www.unioviedo.es\/publicaciones_grec\/index.php\/wp-json\/wp\/v2\/pages"}],"about":[{"href":"https:\/\/www.unioviedo.es\/publicaciones_grec\/index.php\/wp-json\/wp\/v2\/types\/page"}],"author":[{"embeddable":true,"href":"https:\/\/www.unioviedo.es\/publicaciones_grec\/index.php\/wp-json\/wp\/v2\/users\/1"}],"replies":[{"embeddable":true,"href":"https:\/\/www.unioviedo.es\/publicaciones_grec\/index.php\/wp-json\/wp\/v2\/comments?post=234"}],"version-history":[{"count":9,"href":"https:\/\/www.unioviedo.es\/publicaciones_grec\/index.php\/wp-json\/wp\/v2\/pages\/234\/revisions"}],"predecessor-version":[{"id":413,"href":"https:\/\/www.unioviedo.es\/publicaciones_grec\/index.php\/wp-json\/wp\/v2\/pages\/234\/revisions\/413"}],"wp:attachment":[{"href":"https:\/\/www.unioviedo.es\/publicaciones_grec\/index.php\/wp-json\/wp\/v2\/media?parent=234"}],"curies":[{"name":"wp","href":"https:\/\/api.w.org\/{rel}","templated":true}]}}