{"id":303,"date":"2021-12-04T16:19:36","date_gmt":"2021-12-04T15:19:36","guid":{"rendered":"https:\/\/www.unioviedo.es\/publicaciones_grec\/?page_id=303"},"modified":"2024-11-20T19:34:52","modified_gmt":"2024-11-20T18:34:52","slug":"coleccion-el-quijote-y-sus-interpretaciones-2","status":"publish","type":"page","link":"https:\/\/www.unioviedo.es\/publicaciones_grec\/index.php\/coleccion-el-quijote-y-sus-interpretaciones-2\/","title":{"rendered":"Colecci\u00f3n \u00abEl Quijote y sus interpretaciones\u00bb. 2"},"content":{"rendered":"\n<p class=\"has-black-color has-text-color\" style=\"font-size:33px\"><strong><em>Por los caminos de la Mancha: un cuento quijotesco<\/em><\/strong><\/p>\n\n\n\n<p class=\"has-black-color has-text-color\" style=\"font-size:22px\"><strong>De Aaron M. Kahn<\/strong><\/p>\n\n\n\n<p class=\"has-black-color has-text-color\" style=\"font-size:18px\">Traducci\u00f3n de Carla Chac\u00f3n Alonso y Mar\u00eda \u00c1lvarez \u00c1lvarez<\/p>\n\n\n\n<p class=\"has-black-color has-text-color\" style=\"font-size:18px\">Edici\u00f3n e introducci\u00f3n de Mar\u00eda \u00c1lvarez \u00c1lvarez<\/p>\n\n\n\n<p>Publicado en 2021<\/p>\n\n\n\n<hr class=\"wp-block-separator has-css-opacity\"\/>\n\n\n\n<p><\/p>\n\n\n\n<blockquote class=\"wp-block-quote is-layout-flow wp-block-quote-is-layout-flow\">\n<p>La colecci\u00f3n \u00abEl <em>Quijote<\/em> y sus interpretaciones\u00bb acoge su primera recreaci\u00f3n teatral de la obra de Miguel de Cervantes.<\/p>\n<\/blockquote>\n\n\n<div class=\"wp-block-image\">\n<figure class=\"alignleft size-large is-resized\"><img loading=\"lazy\" decoding=\"async\" width=\"683\" height=\"1024\" src=\"https:\/\/www.unioviedo.es\/publicaciones_grec\/wp-content\/uploads\/2021\/12\/Portada-Aaron-683x1024.jpg\" alt=\"Prtada Por los caminos de la Mancha\" class=\"wp-image-305\" style=\"width:172px;height:257px\" srcset=\"https:\/\/www.unioviedo.es\/publicaciones_grec\/wp-content\/uploads\/2021\/12\/Portada-Aaron-683x1024.jpg 683w, https:\/\/www.unioviedo.es\/publicaciones_grec\/wp-content\/uploads\/2021\/12\/Portada-Aaron-200x300.jpg 200w, https:\/\/www.unioviedo.es\/publicaciones_grec\/wp-content\/uploads\/2021\/12\/Portada-Aaron-768x1152.jpg 768w, https:\/\/www.unioviedo.es\/publicaciones_grec\/wp-content\/uploads\/2021\/12\/Portada-Aaron.jpg 1000w\" sizes=\"auto, (max-width: 683px) 100vw, 683px\" \/><\/figure>\n<\/div>\n\n\n<p style=\"font-size:18px\"><span class=\"has-inline-color has-black-color\">Un lugar de la Mancha, julio de 1589. Dos misteriosos personajes, Ambici\u00f3n y Oportunidad, se presentan ante un anciano hidalgo para animarle a cumplir con un destino que \u00e9l mismo ha creado: convertirse en caballero andante, a la manera de los protagonistas de las novelas que pueblan su biblioteca, y deambular por los caminos de la Mancha en busca de aventuras, impartiendo justicia y defendiendo a los necesitados.<\/span><\/p>\n\n\n\n<p style=\"font-size:18px\"><span class=\"has-inline-color has-black-color\"><strong>Aaron M. Kahn<\/strong>, profesor de la Universidad de Sussex, se inspira en la primera parte del <em>Quijote <\/em>para ofrecernos una obra teatral entretenida y cercana: Cardenio, Dorotea y Luscinda, Gin\u00e9s de Pasamonte, Marcela o la sobrina de don Quijote son algunos de los personajes que acompa\u00f1ar\u00e1n a la famosa pareja protagonista. El espectador actual descubre con ellos que sus aventuras y lo que el genial novelista plante\u00f3 hace cuatro siglos no est\u00e1 tan alejado de nosotros como podr\u00edamos pensar.<\/span><\/p>\n\n\n\n<hr class=\"wp-block-separator has-css-opacity\"\/>\n\n\n\n<p><span class=\"has-inline-color has-white-color\">MMMMMMMMMMMMMMMMMMMMMMMMMMMMMMMMMMMM<\/span><\/p>\n\n\n\n<div class=\"wp-block-group\"><div class=\"wp-block-group__inner-container is-layout-flow wp-block-group-is-layout-flow\">\n<p style=\"font-size:22px\"><strong>Se puede encontrar el libro en pdf en el siguiente<\/strong> <strong>enlace del<\/strong> <strong><a href=\"https:\/\/digibuo.uniovi.es\/dspace\/handle\/10651\/70035\" target=\"_blank\" rel=\"noreferrer noopener\">RUO<\/a><\/strong>.<\/p>\n<\/div><\/div>\n","protected":false},"excerpt":{"rendered":"<p>Por los caminos de la Mancha: un cuento quijotesco De Aaron M. Kahn Traducci\u00f3n de Carla Chac\u00f3n Alonso y Mar\u00eda \u00c1lvarez \u00c1lvarez Edici\u00f3n e introducci\u00f3n de Mar\u00eda \u00c1lvarez \u00c1lvarez Publicado en 2021 La colecci\u00f3n \u00abEl Quijote y sus interpretaciones\u00bb acoge su primera recreaci\u00f3n teatral de la obra de Miguel de Cervantes. Un lugar de la &hellip; <\/p>\n<p class=\"link-more\"><a href=\"https:\/\/www.unioviedo.es\/publicaciones_grec\/index.php\/coleccion-el-quijote-y-sus-interpretaciones-2\/\" class=\"more-link\">Continuar leyendo<span class=\"screen-reader-text\"> \u00abColecci\u00f3n \u00abEl Quijote y sus interpretaciones\u00bb. 2&#8243;<\/span><\/a><\/p>\n","protected":false},"author":1,"featured_media":0,"parent":0,"menu_order":0,"comment_status":"closed","ping_status":"closed","template":"","meta":{"footnotes":""},"class_list":["post-303","page","type-page","status-publish","hentry"],"_links":{"self":[{"href":"https:\/\/www.unioviedo.es\/publicaciones_grec\/index.php\/wp-json\/wp\/v2\/pages\/303","targetHints":{"allow":["GET"]}}],"collection":[{"href":"https:\/\/www.unioviedo.es\/publicaciones_grec\/index.php\/wp-json\/wp\/v2\/pages"}],"about":[{"href":"https:\/\/www.unioviedo.es\/publicaciones_grec\/index.php\/wp-json\/wp\/v2\/types\/page"}],"author":[{"embeddable":true,"href":"https:\/\/www.unioviedo.es\/publicaciones_grec\/index.php\/wp-json\/wp\/v2\/users\/1"}],"replies":[{"embeddable":true,"href":"https:\/\/www.unioviedo.es\/publicaciones_grec\/index.php\/wp-json\/wp\/v2\/comments?post=303"}],"version-history":[{"count":36,"href":"https:\/\/www.unioviedo.es\/publicaciones_grec\/index.php\/wp-json\/wp\/v2\/pages\/303\/revisions"}],"predecessor-version":[{"id":818,"href":"https:\/\/www.unioviedo.es\/publicaciones_grec\/index.php\/wp-json\/wp\/v2\/pages\/303\/revisions\/818"}],"wp:attachment":[{"href":"https:\/\/www.unioviedo.es\/publicaciones_grec\/index.php\/wp-json\/wp\/v2\/media?parent=303"}],"curies":[{"name":"wp","href":"https:\/\/api.w.org\/{rel}","templated":true}]}}