{"id":4,"date":"2017-01-27T18:01:56","date_gmt":"2017-01-27T18:01:56","guid":{"rendered":"https:\/\/www.unioviedo.es\/publicaciones_grec\/?page_id=4"},"modified":"2026-01-30T11:05:29","modified_gmt":"2026-01-30T10:05:29","slug":"inicio","status":"publish","type":"page","link":"https:\/\/www.unioviedo.es\/publicaciones_grec\/","title":{"rendered":"\u00a1BIENVENIDOS!"},"content":{"rendered":"<div class=\"wp-block-image\">\n<figure class=\"aligncenter size-large is-resized\"><img decoding=\"async\" src=\"https:\/\/www.unioviedo.es\/publicaciones_grec\/wp-content\/uploads\/2021\/01\/GREC-Logo.jpg\" alt=\"\" class=\"wp-image-156\" style=\"width:291px;height:199px\"\/><\/figure>\n<\/div>\n\n<p>En esta p\u00e1gina, puede encontrar alojadas las <strong>publicaciones<\/strong> aparecidas en el seno del <strong>Grupo de investigaci\u00f3n de Estudios Cervantinos (GREC)<\/strong>, de la Universidad de Oviedo, as\u00ed como <strong>informaci\u00f3n<\/strong> y <strong>noticias<\/strong> relativas al grupo y su actividad.<\/p>\n<p>Para m\u00e1s informaci\u00f3n, puede visitar la p\u00e1gina <a href=\"https:\/\/grec.grupos.uniovi.es\/inicio\" target=\"_blank\" rel=\"noopener noreferrer\">https:\/\/grec.grupos.uniovi.es\/inicio<\/a>, o ponerse en contacto con nosotros a trav\u00e9s del <a href=\"https:\/\/www.unioviedo.es\/publicaciones_grec\/index.php\/contacto\/\" target=\"_blank\" rel=\"noopener noreferrer\">formulario de contacto<\/a>.<\/p>\n\n<div class=\"wp-block-image\">\n<figure class=\"aligncenter size-large is-resized\"><img loading=\"lazy\" decoding=\"async\" width=\"1024\" height=\"410\" src=\"https:\/\/www.unioviedo.es\/publicaciones_grec\/wp-content\/uploads\/2021\/11\/Escudo_UO_Horizontal_Verde_JPG-04-1024x410.jpg\" alt=\"\" class=\"wp-image-280\" style=\"width:529px;height:211px\" srcset=\"https:\/\/www.unioviedo.es\/publicaciones_grec\/wp-content\/uploads\/2021\/11\/Escudo_UO_Horizontal_Verde_JPG-04-1024x410.jpg 1024w, https:\/\/www.unioviedo.es\/publicaciones_grec\/wp-content\/uploads\/2021\/11\/Escudo_UO_Horizontal_Verde_JPG-04-300x120.jpg 300w, https:\/\/www.unioviedo.es\/publicaciones_grec\/wp-content\/uploads\/2021\/11\/Escudo_UO_Horizontal_Verde_JPG-04-768x308.jpg 768w, https:\/\/www.unioviedo.es\/publicaciones_grec\/wp-content\/uploads\/2021\/11\/Escudo_UO_Horizontal_Verde_JPG-04-1536x615.jpg 1536w, https:\/\/www.unioviedo.es\/publicaciones_grec\/wp-content\/uploads\/2021\/11\/Escudo_UO_Horizontal_Verde_JPG-04.jpg 1802w\" sizes=\"auto, (max-width: 706px) 89vw, (max-width: 767px) 82vw, 740px\" \/><\/figure>\n<\/div>","protected":false},"excerpt":{"rendered":"<p>En esta p\u00e1gina, puede encontrar alojadas las publicaciones aparecidas en el seno del Grupo de investigaci\u00f3n de Estudios Cervantinos (GREC), de la Universidad de Oviedo, as\u00ed como informaci\u00f3n y noticias relativas al grupo y su actividad. Para m\u00e1s informaci\u00f3n, puede visitar la p\u00e1gina https:\/\/grec.grupos.uniovi.es\/inicio, o ponerse en contacto con nosotros a trav\u00e9s del formulario de &hellip; <\/p>\n<p class=\"link-more\"><a href=\"https:\/\/www.unioviedo.es\/publicaciones_grec\/\" class=\"more-link\">Continuar leyendo<span class=\"screen-reader-text\"> \u00ab\u00a1BIENVENIDOS!\u00bb<\/span><\/a><\/p>\n","protected":false},"author":1,"featured_media":29,"parent":0,"menu_order":0,"comment_status":"closed","ping_status":"closed","template":"","meta":{"footnotes":""},"class_list":["post-4","page","type-page","status-publish","has-post-thumbnail","hentry"],"_links":{"self":[{"href":"https:\/\/www.unioviedo.es\/publicaciones_grec\/index.php\/wp-json\/wp\/v2\/pages\/4","targetHints":{"allow":["GET"]}}],"collection":[{"href":"https:\/\/www.unioviedo.es\/publicaciones_grec\/index.php\/wp-json\/wp\/v2\/pages"}],"about":[{"href":"https:\/\/www.unioviedo.es\/publicaciones_grec\/index.php\/wp-json\/wp\/v2\/types\/page"}],"author":[{"embeddable":true,"href":"https:\/\/www.unioviedo.es\/publicaciones_grec\/index.php\/wp-json\/wp\/v2\/users\/1"}],"replies":[{"embeddable":true,"href":"https:\/\/www.unioviedo.es\/publicaciones_grec\/index.php\/wp-json\/wp\/v2\/comments?post=4"}],"version-history":[{"count":12,"href":"https:\/\/www.unioviedo.es\/publicaciones_grec\/index.php\/wp-json\/wp\/v2\/pages\/4\/revisions"}],"predecessor-version":[{"id":1146,"href":"https:\/\/www.unioviedo.es\/publicaciones_grec\/index.php\/wp-json\/wp\/v2\/pages\/4\/revisions\/1146"}],"wp:featuredmedia":[{"embeddable":true,"href":"https:\/\/www.unioviedo.es\/publicaciones_grec\/index.php\/wp-json\/wp\/v2\/media\/29"}],"wp:attachment":[{"href":"https:\/\/www.unioviedo.es\/publicaciones_grec\/index.php\/wp-json\/wp\/v2\/media?parent=4"}],"curies":[{"name":"wp","href":"https:\/\/api.w.org\/{rel}","templated":true}]}}