{"id":493,"date":"2023-05-04T14:06:58","date_gmt":"2023-05-04T12:06:58","guid":{"rendered":"https:\/\/www.unioviedo.es\/publicaciones_grec\/?page_id=493"},"modified":"2024-11-20T19:41:55","modified_gmt":"2024-11-20T18:41:55","slug":"coleccion-el-quijote-y-sus-interpretaciones-5","status":"publish","type":"page","link":"https:\/\/www.unioviedo.es\/publicaciones_grec\/index.php\/coleccion-el-quijote-y-sus-interpretaciones-5\/","title":{"rendered":"Colecci\u00f3n \u00abEl Quijote y sus interpretaciones\u00bb. 5"},"content":{"rendered":"\n<p style=\"font-size:33px\"><strong><em>Entrevista a Cervantes<\/em><\/strong><\/p>\n\n\n\n<p class=\"has-black-color has-text-color\" style=\"font-size:22px\"><strong>De<\/strong> <strong>Eduardo Aguirre Romero<\/strong><\/p>\n\n\n\n<p class=\"has-black-color has-text-color\" style=\"font-size:18px\">Edici\u00f3n de Mar\u00eda Fern\u00e1ndez Ferreiro<\/p>\n\n\n\n<p>Publicado en 2022<\/p>\n\n\n\n<hr class=\"wp-block-separator has-css-opacity\"\/>\n\n\n<div class=\"wp-block-image\">\n<figure class=\"alignleft size-large is-resized\"><img loading=\"lazy\" decoding=\"async\" width=\"320\" height=\"480\" src=\"https:\/\/www.unioviedo.es\/publicaciones_grec\/wp-content\/uploads\/2023\/05\/Entrevista-a-Cervantes.jpg\" alt=\"\" class=\"wp-image-485\" style=\"width:197px;height:295px\" srcset=\"https:\/\/www.unioviedo.es\/publicaciones_grec\/wp-content\/uploads\/2023\/05\/Entrevista-a-Cervantes.jpg 320w, https:\/\/www.unioviedo.es\/publicaciones_grec\/wp-content\/uploads\/2023\/05\/Entrevista-a-Cervantes-200x300.jpg 200w\" sizes=\"auto, (max-width: 320px) 100vw, 320px\" \/><\/figure>\n<\/div>\n\n\n<p>En la actualidad. En un escenario sin m\u00e1s atrezo que dos sillas y una mesa, un periodista espera la llegada de Miguel de Cervantes para entrevistarlo. Antes de que este llegue, se dirige al p\u00fablico \u2014o al lector\u2014 y le comunica que cuando concluya la entrevista le mostrar\u00e1 al escritor la m\u00e1quina de detectar falsos lectores del&nbsp;<em>Quijote<\/em>, artefacto de su invenci\u00f3n que desea vender a la Asociaci\u00f3n de Cervantistas. Durante el di\u00e1logo, el alcala\u00edno desplegar\u00e1 su sentido del humor m\u00e1s socarr\u00f3n y su certeza de que \u00abuna vez te mueres\u00bb todo puede ser perdonado. La obra transcurre en dos planos anacr\u00f3nicos, donde Cervantes demuestra estar muy al d\u00eda del presente. En el Parnaso en el que vive es compa\u00f1ero de tertulia de Dickens, Azor\u00edn, Chesterton, Unamuno, Anthony Close, Mart\u00edn de Riquer y del mism\u00edsimo Avellaneda, entre muchos otros.<\/p>\n\n\n\n<p>La obra fue escrita para el gran p\u00fablico, pero tambi\u00e9n para que los cervantistas y estudiosos se diviertan con las alusiones, expl\u00edcitas o cr\u00edpticas. Se trata, pues, de ofrecer una diversi\u00f3n culta y accesible, inspirada por el Quijote.<\/p>\n\n\n\n<p><em>Entrevista a Cervante<\/em>s es un texto que indaga en el humor cervantino desde el humor. La obra ha sido representada en seis ocasiones, con el propio autor del texto haciendo de s\u00ed mismo y la actriz \u00c1ngeles Rodr\u00edguez en el papel de Cervantes, en un gui\u00f1o a la tradici\u00f3n \u00e1urea de las mujeres disfrazadas de hombre.<\/p>\n\n\n\n<hr class=\"wp-block-separator has-css-opacity\"\/>\n\n\n\n<p><strong>Eduardo Aguirre Romero<\/strong>&nbsp;(Madrid, 1958), periodista, escritor, gestor cultural y miembro de la Asociaci\u00f3n de Cervantistas, publica desde 1985 una columna en el&nbsp;<em>Diario de Le\u00f3n<\/em>, en la que analiza la realidad con iron\u00eda de toques cervantinos. Es autor, entre otros libros, de&nbsp;<em>El cosmos de piedra. H\u00e9roes, fama y poder en los medallones de San Marcos<\/em>&nbsp;(2015),&nbsp;<em>Cervantes, enigma del humor<\/em>&nbsp;(2016),&nbsp;<em>Blues de Cervantes<\/em>&nbsp;(2018) y de&nbsp;<em>Cine para Caminar<\/em>&nbsp;(2021). Imparte en Le\u00f3n un taller de lectura guiada sobre el Quijote, destinado a las personas mayores. En la actualidad, est\u00e1 trabajando en un ensayo sobre el humor cervantino compar\u00e1ndolo con la comicidad de otros autores, incluido Avellaneda. Mantiene que la ternura sin sentimentalismo fue la gran aportaci\u00f3n de Cervantes a lo humor\u00edstico, si bien admite \u2014y lamenta\u2014 que no haya sido el camino mayoritario seguido por la literatura espa\u00f1ola.<\/p>\n\n\n\n<hr class=\"wp-block-separator has-css-opacity\"\/>\n\n\n\n<p style=\"font-size:22px\"><strong>Se puede encontrar el libro en pdf en el siguiente enlace del <a rel=\"noreferrer noopener\" href=\"https:\/\/digibuo.uniovi.es\/dspace\/handle\/10651\/70037\" target=\"_blank\">RUO<\/a><\/strong>.<\/p>\n\n\n\n<p style=\"font-size:18px\"><\/p>\n","protected":false},"excerpt":{"rendered":"<p>Entrevista a Cervantes De Eduardo Aguirre Romero Edici\u00f3n de Mar\u00eda Fern\u00e1ndez Ferreiro Publicado en 2022 En la actualidad. En un escenario sin m\u00e1s atrezo que dos sillas y una mesa, un periodista espera la llegada de Miguel de Cervantes para entrevistarlo. Antes de que este llegue, se dirige al p\u00fablico \u2014o al lector\u2014 y le &hellip; <\/p>\n<p class=\"link-more\"><a href=\"https:\/\/www.unioviedo.es\/publicaciones_grec\/index.php\/coleccion-el-quijote-y-sus-interpretaciones-5\/\" class=\"more-link\">Continuar leyendo<span class=\"screen-reader-text\"> \u00abColecci\u00f3n \u00abEl Quijote y sus interpretaciones\u00bb. 5&#8243;<\/span><\/a><\/p>\n","protected":false},"author":1,"featured_media":0,"parent":0,"menu_order":0,"comment_status":"closed","ping_status":"closed","template":"","meta":{"footnotes":""},"class_list":["post-493","page","type-page","status-publish","hentry"],"_links":{"self":[{"href":"https:\/\/www.unioviedo.es\/publicaciones_grec\/index.php\/wp-json\/wp\/v2\/pages\/493","targetHints":{"allow":["GET"]}}],"collection":[{"href":"https:\/\/www.unioviedo.es\/publicaciones_grec\/index.php\/wp-json\/wp\/v2\/pages"}],"about":[{"href":"https:\/\/www.unioviedo.es\/publicaciones_grec\/index.php\/wp-json\/wp\/v2\/types\/page"}],"author":[{"embeddable":true,"href":"https:\/\/www.unioviedo.es\/publicaciones_grec\/index.php\/wp-json\/wp\/v2\/users\/1"}],"replies":[{"embeddable":true,"href":"https:\/\/www.unioviedo.es\/publicaciones_grec\/index.php\/wp-json\/wp\/v2\/comments?post=493"}],"version-history":[{"count":8,"href":"https:\/\/www.unioviedo.es\/publicaciones_grec\/index.php\/wp-json\/wp\/v2\/pages\/493\/revisions"}],"predecessor-version":[{"id":793,"href":"https:\/\/www.unioviedo.es\/publicaciones_grec\/index.php\/wp-json\/wp\/v2\/pages\/493\/revisions\/793"}],"wp:attachment":[{"href":"https:\/\/www.unioviedo.es\/publicaciones_grec\/index.php\/wp-json\/wp\/v2\/media?parent=493"}],"curies":[{"name":"wp","href":"https:\/\/api.w.org\/{rel}","templated":true}]}}