{"id":5,"date":"2017-01-27T18:01:56","date_gmt":"2017-01-27T18:01:56","guid":{"rendered":"https:\/\/www.unioviedo.es\/publicaciones_grec\/?page_id=5"},"modified":"2026-01-30T10:59:11","modified_gmt":"2026-01-30T09:59:11","slug":"acerca-de","status":"publish","type":"page","link":"https:\/\/www.unioviedo.es\/publicaciones_grec\/index.php\/acerca-de\/","title":{"rendered":"Qui\u00e9nes somos"},"content":{"rendered":"<p>El <strong>Grupo de investigaci\u00f3n de Estudios Cervantinos (GREC)<\/strong> nace en la Universidad de Oviedo, de la mano del profesor Emilio Mart\u00ednez Mata. En la actualidad, re\u00fane a varios investigadores del mismo centro, a los que se unen colaboradores adscritos a diversas universidades europeas y americanas.<\/p>\n<p>Desde el grupo se busca estudiar la obra de Miguel de Cervantes, con especial atenci\u00f3n al\u00a0<em>Quijote<\/em>\u00a0y a la recepci\u00f3n que ha tenido la novela en toda Europa, desde su primera aparici\u00f3n hasta la actualidad, a trav\u00e9s de traducciones, adaptaciones, recreaciones y estudios.<\/p>\n<p>A lo largo de estos a\u00f1os, el grupo ha llevado a cabo una serie de proyectos de investigaci\u00f3n financiados a nivel regional, nacional y europeo. Asimismo, el GREC ha organizado y participado en numerosos congresos internacionales, dando a conocer nuestras l\u00edneas de trabajo y los resultados de nuestras investigaciones.<\/p>\n","protected":false},"excerpt":{"rendered":"<p>El Grupo de investigaci\u00f3n de Estudios Cervantinos (GREC) nace en la Universidad de Oviedo, de la mano del profesor Emilio Mart\u00ednez Mata. En la actualidad, re\u00fane a varios investigadores del mismo centro, a los que se unen colaboradores adscritos a diversas universidades europeas y americanas. Desde el grupo se busca estudiar la obra de Miguel &hellip; <\/p>\n<p class=\"link-more\"><a href=\"https:\/\/www.unioviedo.es\/publicaciones_grec\/index.php\/acerca-de\/\" class=\"more-link\">Continuar leyendo<span class=\"screen-reader-text\"> \u00abQui\u00e9nes somos\u00bb<\/span><\/a><\/p>\n","protected":false},"author":1,"featured_media":0,"parent":0,"menu_order":0,"comment_status":"closed","ping_status":"closed","template":"","meta":{"footnotes":""},"class_list":["post-5","page","type-page","status-publish","hentry"],"_links":{"self":[{"href":"https:\/\/www.unioviedo.es\/publicaciones_grec\/index.php\/wp-json\/wp\/v2\/pages\/5","targetHints":{"allow":["GET"]}}],"collection":[{"href":"https:\/\/www.unioviedo.es\/publicaciones_grec\/index.php\/wp-json\/wp\/v2\/pages"}],"about":[{"href":"https:\/\/www.unioviedo.es\/publicaciones_grec\/index.php\/wp-json\/wp\/v2\/types\/page"}],"author":[{"embeddable":true,"href":"https:\/\/www.unioviedo.es\/publicaciones_grec\/index.php\/wp-json\/wp\/v2\/users\/1"}],"replies":[{"embeddable":true,"href":"https:\/\/www.unioviedo.es\/publicaciones_grec\/index.php\/wp-json\/wp\/v2\/comments?post=5"}],"version-history":[{"count":6,"href":"https:\/\/www.unioviedo.es\/publicaciones_grec\/index.php\/wp-json\/wp\/v2\/pages\/5\/revisions"}],"predecessor-version":[{"id":1142,"href":"https:\/\/www.unioviedo.es\/publicaciones_grec\/index.php\/wp-json\/wp\/v2\/pages\/5\/revisions\/1142"}],"wp:attachment":[{"href":"https:\/\/www.unioviedo.es\/publicaciones_grec\/index.php\/wp-json\/wp\/v2\/media?parent=5"}],"curies":[{"name":"wp","href":"https:\/\/api.w.org\/{rel}","templated":true}]}}