{"id":715,"date":"2024-11-27T18:32:05","date_gmt":"2024-11-27T17:32:05","guid":{"rendered":"https:\/\/www.unioviedo.es\/publicaciones_grec\/?page_id=715"},"modified":"2024-11-27T18:32:06","modified_gmt":"2024-11-27T17:32:06","slug":"coleccion-el-quijote-y-sus-interpretaciones-9","status":"publish","type":"page","link":"https:\/\/www.unioviedo.es\/publicaciones_grec\/index.php\/coleccion-el-quijote-y-sus-interpretaciones-9\/","title":{"rendered":"Colecci\u00f3n \u00abEl Quijote y sus interpretaciones\u00bb. 9"},"content":{"rendered":"\n<h2 class=\"wp-block-heading has-black-color has-text-color has-link-color wp-elements-fbb4fe3e32555c1fed69455a07a5f0fd\" style=\"font-size:31px\"><strong>El pr\u00edncipe apasionado <\/strong><\/h2>\n\n\n\n<h2 class=\"wp-block-heading has-black-color has-text-color has-link-color wp-elements-b850a4b63097063ddd84d8988ddc99ae\" style=\"font-size:22px\"><strong>Aphra Ben <\/strong><\/h2>\n\n\n\n<p>Introducci\u00f3n y traducci\u00f3n Raquel Serrano Gonz\u00e1lez<\/p>\n\n\n\n<p>Publicado en 2023<\/p>\n\n\n\n<div class=\"wp-block-media-text is-stacked-on-mobile\"><figure class=\"wp-block-media-text__media\"><img loading=\"lazy\" decoding=\"async\" width=\"389\" height=\"586\" src=\"https:\/\/www.unioviedo.es\/publicaciones_grec\/wp-content\/uploads\/2024\/11\/Captura-de-pantalla-12-2.png\" alt=\"\" class=\"wp-image-758 size-full\" srcset=\"https:\/\/www.unioviedo.es\/publicaciones_grec\/wp-content\/uploads\/2024\/11\/Captura-de-pantalla-12-2.png 389w, https:\/\/www.unioviedo.es\/publicaciones_grec\/wp-content\/uploads\/2024\/11\/Captura-de-pantalla-12-2-199x300.png 199w\" sizes=\"auto, (max-width: 389px) 100vw, 389px\" \/><\/figure><div class=\"wp-block-media-text__content\">\n<p><strong>Aphra Behn<\/strong> (c. 1640-1689) fue una destacada dramaturga, poeta y novelista brit\u00e1nica que ostenta el reconocimiento de ser considerada la primera escritora profesional de Inglaterra. Posiblemente hija de un humilde barbero de Kent, se cree que pas\u00f3 parte de su adolescencia en la colonia de Surinam, donde habr\u00eda acumulado vivencias que plasmar\u00eda posteriormente en <em>Oroonoko<\/em> (1688), una obra antiesclavista considerada por algunos la primera novela en lengua inglesa. <\/p>\n\n\n\n<p>Tras su regreso a Londres, Behn contrajo matrimonio con un comerciante holand\u00e9s, del que enviud\u00f3 al cabo de poco tiempo. Introducida en los c\u00edrculos pol\u00edticos de la corte de Carlos II, fue enviada a Amberes como esp\u00eda durante la segunda guerra angloneerlandesa y regres\u00f3 a Inglaterra con una situaci\u00f3n econ\u00f3mica apremiante que la oblig\u00f3 a recurrir a su genio literario. <\/p>\n<\/div><\/div>\n\n\n\n<p>Sus primeras obras fueron audaces tragicomedias de argumento amoroso, entre las que se encuentra <em>El pr\u00edncipe apasionado<\/em> (<em>The Amorous Prince<\/em>, 1671), aqu\u00ed editada.<\/p>\n\n\n\n<p>Tras una segunda etapa en que su producci\u00f3n dram\u00e1tica se centr\u00f3 en comedias y farsas, Behn se adentr\u00f3 en la ficci\u00f3n en prosa. Adem\u00e1s de la ya mencionada <em>Oroonoko, <\/em>cabe destacar de esta etapa <em>Love-Letters Between a Noble-Man and his Sister<\/em> (1684), considerada por muchos la primera novela epistolar en lengua inglesa. Aphra Behn falleci\u00f3 en 1689 tras una vers\u00e1til y prol\u00edfica carrera, y fue enterrada en la Abad\u00eda de Westminster.<\/p>\n\n\n\n<p style=\"font-size:22px\"><strong>Se puede encontrar el libro en pdf en el siguiente enlace del <a href=\"https:\/\/digibuo.uniovi.es\/dspace\/handle\/10651\/70892\">RUO.<\/a><\/strong><\/p>\n\n\n\n<p><\/p>\n","protected":false},"excerpt":{"rendered":"<p>El pr\u00edncipe apasionado Aphra Ben Introducci\u00f3n y traducci\u00f3n Raquel Serrano Gonz\u00e1lez Publicado en 2023 Aphra Behn (c. 1640-1689) fue una destacada dramaturga, poeta y novelista brit\u00e1nica que ostenta el reconocimiento de ser considerada la primera escritora profesional de Inglaterra. Posiblemente hija de un humilde barbero de Kent, se cree que pas\u00f3 parte de su adolescencia &hellip; <\/p>\n<p class=\"link-more\"><a href=\"https:\/\/www.unioviedo.es\/publicaciones_grec\/index.php\/coleccion-el-quijote-y-sus-interpretaciones-9\/\" class=\"more-link\">Continuar leyendo<span class=\"screen-reader-text\"> \u00abColecci\u00f3n \u00abEl Quijote y sus interpretaciones\u00bb. 9&#8243;<\/span><\/a><\/p>\n","protected":false},"author":2,"featured_media":0,"parent":0,"menu_order":0,"comment_status":"closed","ping_status":"closed","template":"","meta":{"footnotes":""},"class_list":["post-715","page","type-page","status-publish","hentry"],"_links":{"self":[{"href":"https:\/\/www.unioviedo.es\/publicaciones_grec\/index.php\/wp-json\/wp\/v2\/pages\/715","targetHints":{"allow":["GET"]}}],"collection":[{"href":"https:\/\/www.unioviedo.es\/publicaciones_grec\/index.php\/wp-json\/wp\/v2\/pages"}],"about":[{"href":"https:\/\/www.unioviedo.es\/publicaciones_grec\/index.php\/wp-json\/wp\/v2\/types\/page"}],"author":[{"embeddable":true,"href":"https:\/\/www.unioviedo.es\/publicaciones_grec\/index.php\/wp-json\/wp\/v2\/users\/2"}],"replies":[{"embeddable":true,"href":"https:\/\/www.unioviedo.es\/publicaciones_grec\/index.php\/wp-json\/wp\/v2\/comments?post=715"}],"version-history":[{"count":10,"href":"https:\/\/www.unioviedo.es\/publicaciones_grec\/index.php\/wp-json\/wp\/v2\/pages\/715\/revisions"}],"predecessor-version":[{"id":912,"href":"https:\/\/www.unioviedo.es\/publicaciones_grec\/index.php\/wp-json\/wp\/v2\/pages\/715\/revisions\/912"}],"wp:attachment":[{"href":"https:\/\/www.unioviedo.es\/publicaciones_grec\/index.php\/wp-json\/wp\/v2\/media?parent=715"}],"curies":[{"name":"wp","href":"https:\/\/api.w.org\/{rel}","templated":true}]}}