{"id":745,"date":"2024-11-27T18:32:37","date_gmt":"2024-11-27T17:32:37","guid":{"rendered":"https:\/\/www.unioviedo.es\/publicaciones_grec\/?page_id=745"},"modified":"2024-11-27T18:32:38","modified_gmt":"2024-11-27T17:32:38","slug":"coleccion-el-quijote-y-sus-interpretaciones-11","status":"publish","type":"page","link":"https:\/\/www.unioviedo.es\/publicaciones_grec\/index.php\/coleccion-el-quijote-y-sus-interpretaciones-11\/","title":{"rendered":"Colecci\u00f3n \u00abEl Quijote y sus interpretaciones\u00bb. 11"},"content":{"rendered":"\n<h2 class=\"wp-block-heading has-black-color has-text-color has-link-color wp-elements-d1dbd1ebb3c383c6b4e0a88307746f61\" style=\"font-size:31px\"><strong>Lo que el <em>Quijote <\/em>no cuenta <\/strong><\/h2>\n\n\n\n<h2 class=\"wp-block-heading has-black-color has-text-color has-link-color wp-elements-4b287a2b8b4ac12ae80fb4f411fe520a\" style=\"font-size:22px\"><strong>Luis Alonso y Atila-no<\/strong><\/h2>\n\n\n\n<p>Edici\u00f3n Mar\u00eda Fern\u00e1ndez Ferreiro <\/p>\n\n\n\n<p>Publicado en 2023<\/p>\n\n\n\n<div class=\"wp-block-media-text is-stacked-on-mobile\"><figure class=\"wp-block-media-text__media\"><img loading=\"lazy\" decoding=\"async\" width=\"391\" height=\"586\" src=\"https:\/\/www.unioviedo.es\/publicaciones_grec\/wp-content\/uploads\/2024\/11\/Captura-de-pantalla-10.png\" alt=\"\" class=\"wp-image-727 size-full\" srcset=\"https:\/\/www.unioviedo.es\/publicaciones_grec\/wp-content\/uploads\/2024\/11\/Captura-de-pantalla-10.png 391w, https:\/\/www.unioviedo.es\/publicaciones_grec\/wp-content\/uploads\/2024\/11\/Captura-de-pantalla-10-200x300.png 200w\" sizes=\"auto, (max-width: 391px) 100vw, 391px\" \/><\/figure><div class=\"wp-block-media-text__content\">\n<div class=\"wp-block-group is-nowrap is-layout-flex wp-container-core-group-is-layout-ad2f72ca wp-block-group-is-layout-flex\">\n<p><strong>Luis Alonso Prieto<\/strong> inici\u00f3 su andadura como actor y escritor a la edad de 17 a\u00f1os y, entre 1970 y 1975, represent\u00f3 en Alcal\u00e1 de Henares sus tres primeras obras teatrales propias.<\/p>\n<\/div>\n\n\n\n<p>En 1981, en la Asociaci\u00f3n Cultural Teatro Independiente Alcala\u00edno (TIA), asume amplias tareas de organizaci\u00f3n, y desde 1991 es su director art\u00edstico, habiendo dirigido 38 montajes. Ha escrito m\u00e1s de treinta piezas teatrales, casi todas ellas publicadas y representadas, entre ellas dramatizaciones sobre textos cervantinos o inspirados en el Quijote, como <em>El curioso impertinente, Siete entremesillos al modo del Siglo de Oro, Barataria, La pastora Marcela y Entremeses alcala\u00ednos,<\/em> escritos estos \u00faltimos en colaboraci\u00f3n con Atila-no. <\/p>\n<\/div><\/div>\n\n\n\n<p><strong>Atilano G\u00f3mez de Ag\u00fcero de la Casa<\/strong> (Atila-no) nacido en 1943, en Alcal\u00e1 de Henares, comenz\u00f3 a sus cincuenta y seis a\u00f1os a involucrarse en el teatro aficionado, pasando por distintos grupos de teatro alcala\u00ednos: Tal\u00eda, Duelos y Quebrantos y Teatro Independiente Alcala\u00edno.<\/p>\n\n\n\n<p>En este \u00faltimo grupo se estren\u00f3 como autor teatral escribiendo <em>El usurero<\/em> y <em>La truhana<\/em>, <em>El tributo<\/em> y, en colaboraci\u00f3n con Luis Alonso, <em>Las mozas de El Toboso<\/em>, <em>Los locos, Las bodas de Camacho, Los rebuznos y El busto parlante<\/em>. <\/p>\n\n\n\n<p>El nombre art\u00edstico (Atila-no) es habitual como articulista y entrevistador en el semanario <em>Puerta de Madrid<\/em> (el decano de la prensa alcala\u00edna, fundado en 1968), donde escribe reportajes semanales de contenido muy variado. <\/p>\n\n\n\n<p class=\"has-black-color has-text-color has-link-color wp-elements-a583ff3377c03143516903244e741d6f\" style=\"font-size:22px\"><strong>Se puede encontrar el libro en pdf en el siguiente enlace del <a href=\"https:\/\/digibuo.uniovi.es\/dspace\/handle\/10651\/71459\">RUO<\/a>. <\/strong><\/p>\n\n\n\n<p><\/p>\n","protected":false},"excerpt":{"rendered":"<p>Lo que el Quijote no cuenta Luis Alonso y Atila-no Edici\u00f3n Mar\u00eda Fern\u00e1ndez Ferreiro Publicado en 2023 Atilano G\u00f3mez de Ag\u00fcero de la Casa (Atila-no) nacido en 1943, en Alcal\u00e1 de Henares, comenz\u00f3 a sus cincuenta y seis a\u00f1os a involucrarse en el teatro aficionado, pasando por distintos grupos de teatro alcala\u00ednos: Tal\u00eda, Duelos y &hellip; <\/p>\n<p class=\"link-more\"><a href=\"https:\/\/www.unioviedo.es\/publicaciones_grec\/index.php\/coleccion-el-quijote-y-sus-interpretaciones-11\/\" class=\"more-link\">Continuar leyendo<span class=\"screen-reader-text\"> \u00abColecci\u00f3n \u00abEl Quijote y sus interpretaciones\u00bb. 11&#8243;<\/span><\/a><\/p>\n","protected":false},"author":2,"featured_media":0,"parent":0,"menu_order":0,"comment_status":"closed","ping_status":"closed","template":"","meta":{"footnotes":""},"class_list":["post-745","page","type-page","status-publish","hentry"],"_links":{"self":[{"href":"https:\/\/www.unioviedo.es\/publicaciones_grec\/index.php\/wp-json\/wp\/v2\/pages\/745","targetHints":{"allow":["GET"]}}],"collection":[{"href":"https:\/\/www.unioviedo.es\/publicaciones_grec\/index.php\/wp-json\/wp\/v2\/pages"}],"about":[{"href":"https:\/\/www.unioviedo.es\/publicaciones_grec\/index.php\/wp-json\/wp\/v2\/types\/page"}],"author":[{"embeddable":true,"href":"https:\/\/www.unioviedo.es\/publicaciones_grec\/index.php\/wp-json\/wp\/v2\/users\/2"}],"replies":[{"embeddable":true,"href":"https:\/\/www.unioviedo.es\/publicaciones_grec\/index.php\/wp-json\/wp\/v2\/comments?post=745"}],"version-history":[{"count":5,"href":"https:\/\/www.unioviedo.es\/publicaciones_grec\/index.php\/wp-json\/wp\/v2\/pages\/745\/revisions"}],"predecessor-version":[{"id":867,"href":"https:\/\/www.unioviedo.es\/publicaciones_grec\/index.php\/wp-json\/wp\/v2\/pages\/745\/revisions\/867"}],"wp:attachment":[{"href":"https:\/\/www.unioviedo.es\/publicaciones_grec\/index.php\/wp-json\/wp\/v2\/media?parent=745"}],"curies":[{"name":"wp","href":"https:\/\/api.w.org\/{rel}","templated":true}]}}