{"id":749,"date":"2024-11-27T18:33:04","date_gmt":"2024-11-27T17:33:04","guid":{"rendered":"https:\/\/www.unioviedo.es\/publicaciones_grec\/?page_id=749"},"modified":"2024-11-27T18:33:05","modified_gmt":"2024-11-27T17:33:05","slug":"coleccion-el-quijote-y-sus-interpretaciones-13","status":"publish","type":"page","link":"https:\/\/www.unioviedo.es\/publicaciones_grec\/index.php\/coleccion-el-quijote-y-sus-interpretaciones-13\/","title":{"rendered":"Colecci\u00f3n \u00abEl Quijote y sus interpretaciones\u00bb. 13"},"content":{"rendered":"\n<h2 class=\"wp-block-heading has-black-color has-text-color has-link-color wp-elements-8e1561200ed72a07a3fff63ab3f21c4f\" style=\"font-size:31px\"><strong>Don Quijote. Una obra de teatro rom\u00e1ntica<\/strong><\/h2>\n\n\n\n<h2 class=\"wp-block-heading has-black-color has-text-color has-link-color wp-elements-6a37d00214cb2b965cebba87ec7db20f\" style=\"font-size:22px\"><strong>Mabel Dearmer <\/strong><\/h2>\n\n\n\n<p>Edici\u00f3n, introducci\u00f3n y traducci\u00f3n Mar\u00eda Jos\u00e9 \u00c1lvarez Faedo<\/p>\n\n\n\n<p>Publicado en 2023<\/p>\n\n\n\n<div class=\"wp-block-media-text is-stacked-on-mobile\"><figure class=\"wp-block-media-text__media\"><img loading=\"lazy\" decoding=\"async\" width=\"388\" height=\"589\" src=\"https:\/\/www.unioviedo.es\/publicaciones_grec\/wp-content\/uploads\/2024\/11\/Captura-de-pantalla-8-1.png\" alt=\"\" class=\"wp-image-771 size-full\" srcset=\"https:\/\/www.unioviedo.es\/publicaciones_grec\/wp-content\/uploads\/2024\/11\/Captura-de-pantalla-8-1.png 388w, https:\/\/www.unioviedo.es\/publicaciones_grec\/wp-content\/uploads\/2024\/11\/Captura-de-pantalla-8-1-198x300.png 198w\" sizes=\"auto, (max-width: 388px) 100vw, 388px\" \/><\/figure><div class=\"wp-block-media-text__content\">\n<p><strong>Mabel Dearmer <\/strong>(1872-1915) fue una novelista, dramaturga y autora e ilustradora de cuentos para ni\u00f1os inglesa. Fue educada en Londres por <strong>W. G. Willis<\/strong>, hastq eue ingres\u00f3 en la Escuela de Arte de Hubert von Herkomer en BUshey, al norte de Londres, en 1891. Al a\u00f1o siguiente contrajo matrimonio con el reverendo <strong>Percy Dearmer<\/strong>, con quien comparti\u00f3 una vida de gran actividad cultural y pol\u00edtica, comprometida incondicionalmente con ideales socialistas, pacifistas y feministas.<\/p>\n\n\n\n<p><strong>Mabel Dearmer<\/strong> viaj\u00f3 a Francia, Italia, Alemania, Tobago, la Guayana Brit\u00e1nica y Venezuela. En 1896 trabaj\u00f3 como ilustradora para varias publicaciones, hasta que decidi\u00f3 dedicarse a ilustrar cuentos para ni\u00f1os.<\/p>\n<\/div><\/div>\n\n\n\n<p>Vivi\u00f3 en Lambeth, al sur de Londres, con su esposo, hasta que le nombraron ministro de la iglesia de Santa Mar\u00eda la Virgen en Primrose Hill en 1901, donde residieron hasta 1915 y criaron a sus dos hijos, Geoffrey y Christopher. All\u00ed, a partir de 1902, empezar\u00eda a escribir para adultos, adem\u00e1s de para ni\u00f1os. <\/p>\n\n\n\n<p>En 1915 acompa\u00f1\u00f3, como enfermera, a su esposo (que se hab\u00eda ofrecido voluntario como capell\u00e1n de la Cruz Roja Brit\u00e1nica) a Serbia, donde iba a fallecer de neumon\u00eda el 15 de julio de ese mismo a\u00f1o. <\/p>\n\n\n\n<p>En 1916, a t\u00edtulo p\u00f3stumo, <strong>Stephen Gwynn<\/strong> editar\u00eda tres de sus obras (entre ellas, <em>Don Quixote. A Romantic Drama<\/em>) en <em>Three Plays<\/em> de Mabel Dearmer, afirmando que, de haber sobrevivido, Mabel Dearmer \u00abhabr\u00eda terminado por tener su propio teatro profesional\u00bb, y relata que George Bernard Shaw la alab\u00f3 como \u00abuna de las pocas personas vivas que puede escribir obras de teatro\u00bb.<\/p>\n\n\n\n<p class=\"has-black-color has-text-color has-link-color wp-elements-fbb27e889fcf4556c38392b5ddcd79a5\" style=\"font-size:22px\"><strong>Se puede encontrar el libro en pdf en el siguiente enlace del <a href=\"https:\/\/digibuo.uniovi.es\/dspace\/handle\/10651\/72589\">RUO<\/a>. <\/strong><\/p>\n\n\n\n<p><\/p>\n","protected":false},"excerpt":{"rendered":"<p>Don Quijote. Una obra de teatro rom\u00e1ntica Mabel Dearmer Edici\u00f3n, introducci\u00f3n y traducci\u00f3n Mar\u00eda Jos\u00e9 \u00c1lvarez Faedo Publicado en 2023 Mabel Dearmer (1872-1915) fue una novelista, dramaturga y autora e ilustradora de cuentos para ni\u00f1os inglesa. Fue educada en Londres por W. G. Willis, hastq eue ingres\u00f3 en la Escuela de Arte de Hubert von &hellip; <\/p>\n<p class=\"link-more\"><a href=\"https:\/\/www.unioviedo.es\/publicaciones_grec\/index.php\/coleccion-el-quijote-y-sus-interpretaciones-13\/\" class=\"more-link\">Continuar leyendo<span class=\"screen-reader-text\"> \u00abColecci\u00f3n \u00abEl Quijote y sus interpretaciones\u00bb. 13&#8243;<\/span><\/a><\/p>\n","protected":false},"author":2,"featured_media":0,"parent":0,"menu_order":0,"comment_status":"closed","ping_status":"closed","template":"","meta":{"footnotes":""},"class_list":["post-749","page","type-page","status-publish","hentry"],"_links":{"self":[{"href":"https:\/\/www.unioviedo.es\/publicaciones_grec\/index.php\/wp-json\/wp\/v2\/pages\/749","targetHints":{"allow":["GET"]}}],"collection":[{"href":"https:\/\/www.unioviedo.es\/publicaciones_grec\/index.php\/wp-json\/wp\/v2\/pages"}],"about":[{"href":"https:\/\/www.unioviedo.es\/publicaciones_grec\/index.php\/wp-json\/wp\/v2\/types\/page"}],"author":[{"embeddable":true,"href":"https:\/\/www.unioviedo.es\/publicaciones_grec\/index.php\/wp-json\/wp\/v2\/users\/2"}],"replies":[{"embeddable":true,"href":"https:\/\/www.unioviedo.es\/publicaciones_grec\/index.php\/wp-json\/wp\/v2\/comments?post=749"}],"version-history":[{"count":6,"href":"https:\/\/www.unioviedo.es\/publicaciones_grec\/index.php\/wp-json\/wp\/v2\/pages\/749\/revisions"}],"predecessor-version":[{"id":869,"href":"https:\/\/www.unioviedo.es\/publicaciones_grec\/index.php\/wp-json\/wp\/v2\/pages\/749\/revisions\/869"}],"wp:attachment":[{"href":"https:\/\/www.unioviedo.es\/publicaciones_grec\/index.php\/wp-json\/wp\/v2\/media?parent=749"}],"curies":[{"name":"wp","href":"https:\/\/api.w.org\/{rel}","templated":true}]}}