{"id":754,"date":"2024-11-27T18:33:42","date_gmt":"2024-11-27T17:33:42","guid":{"rendered":"https:\/\/www.unioviedo.es\/publicaciones_grec\/?page_id=754"},"modified":"2024-11-27T18:33:43","modified_gmt":"2024-11-27T17:33:43","slug":"coleccion-el-quijote-y-sus-interpretaciones-15","status":"publish","type":"page","link":"https:\/\/www.unioviedo.es\/publicaciones_grec\/index.php\/coleccion-el-quijote-y-sus-interpretaciones-15\/","title":{"rendered":"Colecci\u00f3n \u00abEl Quijote y sus interpretaciones\u00bb. 15"},"content":{"rendered":"\n<p class=\"has-black-color has-text-color has-link-color wp-elements-2013f2666b3168d5852cdb20d3f90723\" style=\"font-size:31px\"><strong>Don Quijote, comedia <\/strong><\/p>\n\n\n\n<h2 class=\"wp-block-heading has-black-color has-text-color has-link-color wp-elements-6f20acee2de6537c6cc260b40d512d4c\" style=\"font-size:22px\"><strong>James Wadham Whitchurch<\/strong><\/h2>\n\n\n\n<p>Traducci\u00f3n, introducci\u00f3n y notas Emilio Mart\u00ednez Mata y Clark Colahan<\/p>\n\n\n\n<p>Pr\u00f3logo Mary Malcom Gaylord<\/p>\n\n\n\n<div class=\"wp-block-media-text is-stacked-on-mobile\"><figure class=\"wp-block-media-text__media\"><img loading=\"lazy\" decoding=\"async\" width=\"388\" height=\"586\" src=\"https:\/\/www.unioviedo.es\/publicaciones_grec\/wp-content\/uploads\/2024\/11\/Captura-de-pantalla-6.png\" alt=\"\" class=\"wp-image-723 size-full\" srcset=\"https:\/\/www.unioviedo.es\/publicaciones_grec\/wp-content\/uploads\/2024\/11\/Captura-de-pantalla-6.png 388w, https:\/\/www.unioviedo.es\/publicaciones_grec\/wp-content\/uploads\/2024\/11\/Captura-de-pantalla-6-199x300.png 199w\" sizes=\"auto, (max-width: 388px) 100vw, 388px\" \/><\/figure><div class=\"wp-block-media-text__content\">\n<p>Bien poco se sabe sobre la breve vida de <strong>James Wadham Whitchurch<\/strong> (1749 o 1750-1776). Estudi\u00f3 en la Universidad de Oxford, donde se gradu\u00f3 en Humanidades, con el t\u00edtulo de \u00abMaster of Arts\u00bb, en el Christ Church College, el 11 de julio de 1774. Estuvo a cargo, como vicario, de una iglesia de Nunney, un pueblo del condado de Somerset. Public\u00f3 un \u00fanico libro, un tratado sobre pedagog\u00eda titulado <em>Essay upon Education<\/em> (1772). El manuscrito de <em>Don Quixote, A Comedy<\/em> qued\u00f3 in\u00e9dito. La l\u00e1pida de su tumba, adem\u00e1s de la fecha, 5 de enero de 1776, nos infroma de que era el \u00abquerido vicario de Nunney\u00bb.<\/p>\n<\/div><\/div>\n\n\n\n<p class=\"has-black-color has-text-color has-link-color wp-elements-d08ec616075f966cc4f581ba65df3012\" style=\"font-size:22px\"><strong>Se puede encontrar el libro en pdf en el siguiente enlace del <a href=\"https:\/\/digibuo.uniovi.es\/dspace\/handle\/10651\/74589\">RUO.<\/a><\/strong> <\/p>\n\n\n\n<p><\/p>\n","protected":false},"excerpt":{"rendered":"<p>Don Quijote, comedia James Wadham Whitchurch Traducci\u00f3n, introducci\u00f3n y notas Emilio Mart\u00ednez Mata y Clark Colahan Pr\u00f3logo Mary Malcom Gaylord Bien poco se sabe sobre la breve vida de James Wadham Whitchurch (1749 o 1750-1776). Estudi\u00f3 en la Universidad de Oxford, donde se gradu\u00f3 en Humanidades, con el t\u00edtulo de \u00abMaster of Arts\u00bb, en el &hellip; <\/p>\n<p class=\"link-more\"><a href=\"https:\/\/www.unioviedo.es\/publicaciones_grec\/index.php\/coleccion-el-quijote-y-sus-interpretaciones-15\/\" class=\"more-link\">Continuar leyendo<span class=\"screen-reader-text\"> \u00abColecci\u00f3n \u00abEl Quijote y sus interpretaciones\u00bb. 15&#8243;<\/span><\/a><\/p>\n","protected":false},"author":2,"featured_media":0,"parent":0,"menu_order":0,"comment_status":"closed","ping_status":"closed","template":"","meta":{"footnotes":""},"class_list":["post-754","page","type-page","status-publish","hentry"],"_links":{"self":[{"href":"https:\/\/www.unioviedo.es\/publicaciones_grec\/index.php\/wp-json\/wp\/v2\/pages\/754","targetHints":{"allow":["GET"]}}],"collection":[{"href":"https:\/\/www.unioviedo.es\/publicaciones_grec\/index.php\/wp-json\/wp\/v2\/pages"}],"about":[{"href":"https:\/\/www.unioviedo.es\/publicaciones_grec\/index.php\/wp-json\/wp\/v2\/types\/page"}],"author":[{"embeddable":true,"href":"https:\/\/www.unioviedo.es\/publicaciones_grec\/index.php\/wp-json\/wp\/v2\/users\/2"}],"replies":[{"embeddable":true,"href":"https:\/\/www.unioviedo.es\/publicaciones_grec\/index.php\/wp-json\/wp\/v2\/comments?post=754"}],"version-history":[{"count":5,"href":"https:\/\/www.unioviedo.es\/publicaciones_grec\/index.php\/wp-json\/wp\/v2\/pages\/754\/revisions"}],"predecessor-version":[{"id":872,"href":"https:\/\/www.unioviedo.es\/publicaciones_grec\/index.php\/wp-json\/wp\/v2\/pages\/754\/revisions\/872"}],"wp:attachment":[{"href":"https:\/\/www.unioviedo.es\/publicaciones_grec\/index.php\/wp-json\/wp\/v2\/media?parent=754"}],"curies":[{"name":"wp","href":"https:\/\/api.w.org\/{rel}","templated":true}]}}