{"id":957,"date":"2025-07-24T10:23:32","date_gmt":"2025-07-24T08:23:32","guid":{"rendered":"https:\/\/www.unioviedo.es\/publicaciones_grec\/?page_id=957"},"modified":"2025-07-24T10:28:55","modified_gmt":"2025-07-24T08:28:55","slug":"coleccion-el-quijote-y-sus-interpretaciones-17","status":"publish","type":"page","link":"https:\/\/www.unioviedo.es\/publicaciones_grec\/index.php\/coleccion-el-quijote-y-sus-interpretaciones-17\/","title":{"rendered":"Colecci\u00f3n \u00abEl Quijote y sus interpretaciones\u00bb. 17"},"content":{"rendered":"\n<p style=\"font-size:31px\"><strong>Don Quijote en la floresta de Alcina<\/strong><\/p>\n\n\n\n<p style=\"font-size:22px\"><strong>Francesco Corsetti<\/strong> <strong>                                     <\/strong> <\/p>\n\n\n\n<p> Traducci\u00f3n e introducci\u00f3n Franco Quinziano<\/p>\n\n\n\n<p> Publicado en 2025<\/p>\n\n\n<div class=\"wp-block-image\">\n<figure class=\"alignleft size-large is-resized\"><img loading=\"lazy\" decoding=\"async\" width=\"680\" height=\"1024\" src=\"https:\/\/www.unioviedo.es\/publicaciones_grec\/wp-content\/uploads\/2025\/07\/image-2-680x1024.png\" alt=\"\" class=\"wp-image-958\" style=\"width:263px;height:auto\" srcset=\"https:\/\/www.unioviedo.es\/publicaciones_grec\/wp-content\/uploads\/2025\/07\/image-2-680x1024.png 680w, https:\/\/www.unioviedo.es\/publicaciones_grec\/wp-content\/uploads\/2025\/07\/image-2-199x300.png 199w, https:\/\/www.unioviedo.es\/publicaciones_grec\/wp-content\/uploads\/2025\/07\/image-2.png 724w\" sizes=\"auto, (max-width: 680px) 100vw, 680px\" \/><\/figure>\n<\/div>\n\n\n<p><strong>Francesco Corsetti<\/strong> (Siena, 1700-1710?-1774), de quien se disponen escasos datos biogr\u00e1ficos, fue un religioso de amplia cultura, aficionado a las letras y las bellas artes. Realiz\u00f3 sus primeros estudios en el Seminario Archiepiscopal de su ciudad natal, habiendo completado su formaci\u00f3n en las aulas universitarias de la ciudad toscana, donde frecuent\u00f3 los cursos de Teolog\u00eda, Letras y Filosof\u00eda. Una vez abrazados los h\u00e1bitos eclesi\u00e1sticos, desde 1728 y por casi medio siglo, hasta 1772 \u2014poco antes de su muerte\u2014, Corsetti se desempe\u00f1\u00f3 como rector del Seminario Archiepiscopal en el que hab\u00eda sido ordenado sacerdote y en cuya residencia se represent\u00f3 el <em>intermezzo<\/em> musical cervantino, cuya edici\u00f3n biling\u00fce aqu\u00ed presentamos.<\/p>\n\n\n\n<p>Miembro de diversas academias literarias y culturales de prestigio, fue adem\u00e1s traductor de textos y autores cl\u00e1sicos, franceses e ingleses, as\u00ed como autor de composiciones l\u00edricas, tragedias y libretos para dramas musicales, en su mayor\u00eda no editados y cuyos manuscritos leg\u00f3 a sus herederos.<\/p>\n\n\n\n<p>Entre su producci\u00f3n literaria destacan las traducciones de las <em>Ep\u00edstolas<\/em> y <em>S\u00e1tiras<\/em> de Horacio, obras en las que revela un perfecto dominio del lat\u00edn y un amplio conocimiento de la cultura cl\u00e1sica, y la que tal vez sea su publicaci\u00f3n m\u00e1s c\u00e9lebre y estimada, la <em>Vita di Girolamo Gigli<\/em> (1746), biograf\u00eda sobre la vida y la obra de su maestro, el acreditado comedi\u00f3grafo sien\u00e9s, autor de varias recreaciones cervantinas para el teatro.<\/p>\n\n\n\n<p style=\"font-size:22px\"><strong>Se puede encontrar el libro en pdf en el siguiente enlace del <a href=\"https:\/\/digibuo.uniovi.es\/dspace\/handle\/10651\/79170\" target=\"_blank\" rel=\"noreferrer noopener\">RUO<\/a><\/strong>.<\/p>\n\n\n\n<p><\/p>\n","protected":false},"excerpt":{"rendered":"<p>Don Quijote en la floresta de Alcina Francesco Corsetti Traducci\u00f3n e introducci\u00f3n Franco Quinziano Publicado en 2025 Francesco Corsetti (Siena, 1700-1710?-1774), de quien se disponen escasos datos biogr\u00e1ficos, fue un religioso de amplia cultura, aficionado a las letras y las bellas artes. Realiz\u00f3 sus primeros estudios en el Seminario Archiepiscopal de su ciudad natal, habiendo &hellip; <\/p>\n<p class=\"link-more\"><a href=\"https:\/\/www.unioviedo.es\/publicaciones_grec\/index.php\/coleccion-el-quijote-y-sus-interpretaciones-17\/\" class=\"more-link\">Continuar leyendo<span class=\"screen-reader-text\"> \u00abColecci\u00f3n \u00abEl Quijote y sus interpretaciones\u00bb. 17&#8243;<\/span><\/a><\/p>\n","protected":false},"author":3,"featured_media":0,"parent":0,"menu_order":0,"comment_status":"closed","ping_status":"closed","template":"","meta":{"footnotes":""},"class_list":["post-957","page","type-page","status-publish","hentry"],"_links":{"self":[{"href":"https:\/\/www.unioviedo.es\/publicaciones_grec\/index.php\/wp-json\/wp\/v2\/pages\/957","targetHints":{"allow":["GET"]}}],"collection":[{"href":"https:\/\/www.unioviedo.es\/publicaciones_grec\/index.php\/wp-json\/wp\/v2\/pages"}],"about":[{"href":"https:\/\/www.unioviedo.es\/publicaciones_grec\/index.php\/wp-json\/wp\/v2\/types\/page"}],"author":[{"embeddable":true,"href":"https:\/\/www.unioviedo.es\/publicaciones_grec\/index.php\/wp-json\/wp\/v2\/users\/3"}],"replies":[{"embeddable":true,"href":"https:\/\/www.unioviedo.es\/publicaciones_grec\/index.php\/wp-json\/wp\/v2\/comments?post=957"}],"version-history":[{"count":8,"href":"https:\/\/www.unioviedo.es\/publicaciones_grec\/index.php\/wp-json\/wp\/v2\/pages\/957\/revisions"}],"predecessor-version":[{"id":994,"href":"https:\/\/www.unioviedo.es\/publicaciones_grec\/index.php\/wp-json\/wp\/v2\/pages\/957\/revisions\/994"}],"wp:attachment":[{"href":"https:\/\/www.unioviedo.es\/publicaciones_grec\/index.php\/wp-json\/wp\/v2\/media?parent=957"}],"curies":[{"name":"wp","href":"https:\/\/api.w.org\/{rel}","templated":true}]}}