{"id":964,"date":"2025-07-24T10:27:38","date_gmt":"2025-07-24T08:27:38","guid":{"rendered":"https:\/\/www.unioviedo.es\/publicaciones_grec\/?page_id=964"},"modified":"2025-10-03T13:32:27","modified_gmt":"2025-10-03T11:32:27","slug":"coleccion-el-quijote-y-sus-interpretaciones-18","status":"publish","type":"page","link":"https:\/\/www.unioviedo.es\/publicaciones_grec\/index.php\/coleccion-el-quijote-y-sus-interpretaciones-18\/","title":{"rendered":"Colecci\u00f3n \u00abEl Quijote y sus interpretaciones\u00bb. 18"},"content":{"rendered":"\n<p style=\"font-size:31px\"><strong>Las tres cidras del amor, o El caballero andante <\/strong><\/p>\n\n\n\n<p>Introducci\u00f3n y edici\u00f3n biling\u00fce Pedro \u00c1lvarez-Cifuentes<\/p>\n\n\n\n<p>Publicaci\u00f3n 2025 <\/p>\n\n\n<div class=\"wp-block-image\">\n<figure class=\"alignleft size-large is-resized\"><img loading=\"lazy\" decoding=\"async\" width=\"680\" height=\"1024\" src=\"https:\/\/www.unioviedo.es\/publicaciones_grec\/wp-content\/uploads\/2025\/07\/image-3-680x1024.png\" alt=\"\" class=\"wp-image-965\" style=\"width:321px;height:auto\" srcset=\"https:\/\/www.unioviedo.es\/publicaciones_grec\/wp-content\/uploads\/2025\/07\/image-3-680x1024.png 680w, https:\/\/www.unioviedo.es\/publicaciones_grec\/wp-content\/uploads\/2025\/07\/image-3-199x300.png 199w, https:\/\/www.unioviedo.es\/publicaciones_grec\/wp-content\/uploads\/2025\/07\/image-3.png 724w\" sizes=\"auto, (max-width: 680px) 100vw, 680px\" \/><\/figure>\n<\/div>\n\n\n<p><br>La huella de <em>Don Quijote de la Mancha<\/em> en el teatro portugu\u00e9s del siglo XVIII no se limita a obras \u2014m\u00e1s o menos conocidas\u2014 como la <em>Vida do Grande D. Quixote de la Mancha e do Gordo Sancho Pan\u00e7a<\/em> (1733) de <strong>Ant\u00f3nio Jos\u00e9 da Silva<\/strong>, o Judeu, o el entrem\u00e9s <em>O grande governador da Ilha dos Lagartos<\/em> (1774). En 1793 se publica en la imprenta lisboeta de <strong>Francisco Borges de Sousa<\/strong> <em>Las tres cidras del amor, o El caballero andante<\/em> (<em>As tr\u00eas cidras do amor, ou O cavaleiro andante<\/em>), una farsa de autor an\u00f3nimo que reinventa, en clave costumbrista, la historia del hidalgo que pierde la raz\u00f3n por la lectura obsesiva de libros de caballer\u00edas. Partiendo de un cuento tradicional portugu\u00e9s y con elementos de <em>Il mondo della luna<\/em> (1750) de <strong>Carlo Goldoni<\/strong>, h\u00e1bilmente fundidos con la tem\u00e1tica cervantina, <em>Las tres cidras del amor<\/em> satiriza el drama dom\u00e9stico de Cameli\u00e3o, que confunde la realidad con la ficci\u00f3n novelada y se resiste a conceder la mano de sus hijas<strong> <\/strong>Dulcineia<strong> <\/strong>y Clarinda a sus pretendientes, un sastre y un pastelero, prefiriendo imaginar que son princesas encantadas.<\/p>\n\n\n\n<p>Se edita por primera vez en versi\u00f3n biling\u00fce este notable ejemplo del teatro de cordel portugu\u00e9s, en el que el criado Melquetrefe<strong>,<\/strong> heredero del p\u00edcaro Arlequ\u00edn de la <em>commedia dell\u2019arte<\/em> y los graciosos del Siglo de Oro, se las ingenia para dar una lecci\u00f3n al viejo lun\u00e1tico, salvar a las damas y derrotar a las bestias y quimeras de papel.<\/p>\n\n\n\n<p style=\"font-size:22px\"><br><br><strong>Se puede encontrar el libro en pdf en el siguiente enlace del <\/strong><a href=\"https:\/\/hdl.handle.net\/10651\/79799\" target=\"_blank\" rel=\"noreferrer noopener\"><strong>RUO<\/strong><\/a>.<\/p>\n\n\n\n<p><\/p>\n","protected":false},"excerpt":{"rendered":"<p>Las tres cidras del amor, o El caballero andante Introducci\u00f3n y edici\u00f3n biling\u00fce Pedro \u00c1lvarez-Cifuentes Publicaci\u00f3n 2025 La huella de Don Quijote de la Mancha en el teatro portugu\u00e9s del siglo XVIII no se limita a obras \u2014m\u00e1s o menos conocidas\u2014 como la Vida do Grande D. Quixote de la Mancha e do Gordo Sancho &hellip; <\/p>\n<p class=\"link-more\"><a href=\"https:\/\/www.unioviedo.es\/publicaciones_grec\/index.php\/coleccion-el-quijote-y-sus-interpretaciones-18\/\" class=\"more-link\">Continuar leyendo<span class=\"screen-reader-text\"> \u00abColecci\u00f3n \u00abEl Quijote y sus interpretaciones\u00bb. 18&#8243;<\/span><\/a><\/p>\n","protected":false},"author":3,"featured_media":0,"parent":0,"menu_order":0,"comment_status":"closed","ping_status":"closed","template":"","meta":{"footnotes":""},"class_list":["post-964","page","type-page","status-publish","hentry"],"_links":{"self":[{"href":"https:\/\/www.unioviedo.es\/publicaciones_grec\/index.php\/wp-json\/wp\/v2\/pages\/964","targetHints":{"allow":["GET"]}}],"collection":[{"href":"https:\/\/www.unioviedo.es\/publicaciones_grec\/index.php\/wp-json\/wp\/v2\/pages"}],"about":[{"href":"https:\/\/www.unioviedo.es\/publicaciones_grec\/index.php\/wp-json\/wp\/v2\/types\/page"}],"author":[{"embeddable":true,"href":"https:\/\/www.unioviedo.es\/publicaciones_grec\/index.php\/wp-json\/wp\/v2\/users\/3"}],"replies":[{"embeddable":true,"href":"https:\/\/www.unioviedo.es\/publicaciones_grec\/index.php\/wp-json\/wp\/v2\/comments?post=964"}],"version-history":[{"count":10,"href":"https:\/\/www.unioviedo.es\/publicaciones_grec\/index.php\/wp-json\/wp\/v2\/pages\/964\/revisions"}],"predecessor-version":[{"id":1036,"href":"https:\/\/www.unioviedo.es\/publicaciones_grec\/index.php\/wp-json\/wp\/v2\/pages\/964\/revisions\/1036"}],"wp:attachment":[{"href":"https:\/\/www.unioviedo.es\/publicaciones_grec\/index.php\/wp-json\/wp\/v2\/media?parent=964"}],"curies":[{"name":"wp","href":"https:\/\/api.w.org\/{rel}","templated":true}]}}