{"id":133,"date":"2019-07-02T23:51:03","date_gmt":"2019-07-02T21:51:03","guid":{"rendered":"https:\/\/www.unioviedo.es\/qtcmat\/?page_id=133"},"modified":"2019-07-26T16:57:39","modified_gmt":"2019-07-26T14:57:39","slug":"people","status":"publish","type":"page","link":"https:\/\/www.unioviedo.es\/qtcmat\/index.php\/people\/","title":{"rendered":"People"},"content":{"rendered":"\n<p style=\"text-align:left\" class=\"has-text-color has-very-dark-gray-color\"><strong>Principal Investigator<\/strong><\/p>\n\n\n\n<p>Dr. Jose Manuel Recio Mu\u00f1iz<\/p>\n\n\n\n<p><strong><em>Staff<\/em><\/strong><\/p>\n\n\n\n<ul><li>Dr. Miguel \u00c1ngel Salvad\u00f3<\/li><li>Dr. Pilar Pertierra Castro<\/li><li>Dr. Ruth \u00c1lvarez-Ur\u00eda<\/li><li>Dr. Manuel Florez<\/li><\/ul>\n\n\n\n<p><strong><em>Postdoctoral Researchers<\/em><\/strong><\/p>\n\n\n\n<ul><li>Dr. Alberto Otero<\/li><li>Dr. Fernando Izquierdo<\/li><li>Dr. David Abbasi<\/li><\/ul>\n\n\n\n<p><strong><em>Graduate Students<\/em><\/strong><\/p>\n\n\n\n<ul><li>Mr. Chorfi Hocine<\/li><li>Mr. Alvaro Lobato<\/li><li>Mr. Miguel Recio<\/li><\/ul>\n","protected":false},"excerpt":{"rendered":"<p>Principal Investigator Dr. Jose Manuel Recio Mu\u00f1iz Staff Dr. Miguel \u00c1ngel Salvad\u00f3 Dr. Pilar Pertierra Castro Dr. Ruth \u00c1lvarez-Ur\u00eda Dr. Manuel Florez Postdoctoral Researchers Dr. Alberto Otero Dr. Fernando Izquierdo Dr. David Abbasi Graduate Students Mr. Chorfi Hocine Mr. Alvaro Lobato Mr. Miguel Recio<\/p>\n","protected":false},"author":1,"featured_media":0,"parent":0,"menu_order":0,"comment_status":"closed","ping_status":"closed","template":"","meta":{"footnotes":""},"_links":{"self":[{"href":"https:\/\/www.unioviedo.es\/qtcmat\/index.php\/wp-json\/wp\/v2\/pages\/133"}],"collection":[{"href":"https:\/\/www.unioviedo.es\/qtcmat\/index.php\/wp-json\/wp\/v2\/pages"}],"about":[{"href":"https:\/\/www.unioviedo.es\/qtcmat\/index.php\/wp-json\/wp\/v2\/types\/page"}],"author":[{"embeddable":true,"href":"https:\/\/www.unioviedo.es\/qtcmat\/index.php\/wp-json\/wp\/v2\/users\/1"}],"replies":[{"embeddable":true,"href":"https:\/\/www.unioviedo.es\/qtcmat\/index.php\/wp-json\/wp\/v2\/comments?post=133"}],"version-history":[{"count":4,"href":"https:\/\/www.unioviedo.es\/qtcmat\/index.php\/wp-json\/wp\/v2\/pages\/133\/revisions"}],"predecessor-version":[{"id":227,"href":"https:\/\/www.unioviedo.es\/qtcmat\/index.php\/wp-json\/wp\/v2\/pages\/133\/revisions\/227"}],"wp:attachment":[{"href":"https:\/\/www.unioviedo.es\/qtcmat\/index.php\/wp-json\/wp\/v2\/media?parent=133"}],"curies":[{"name":"wp","href":"https:\/\/api.w.org\/{rel}","templated":true}]}}