{"id":163,"date":"2019-07-03T00:01:47","date_gmt":"2019-07-02T22:01:47","guid":{"rendered":"https:\/\/www.unioviedo.es\/qtcmat\/?page_id=163"},"modified":"2022-05-08T17:08:23","modified_gmt":"2022-05-08T15:08:23","slug":"scientific-dissemination","status":"publish","type":"page","link":"https:\/\/www.unioviedo.es\/qtcmat\/index.php\/scientific-dissemination\/","title":{"rendered":"Dissemination"},"content":{"rendered":"\n<p><strong>Dissemination of research activity in Spanish media<\/strong><\/p>\n\n\n\n<p><em>&#8211; <\/em>C\u00f3mo manipular \u00e1tomos para lograr materiales nuevos <em>(2022)<\/em><\/p>\n\n\n\n<div class=\"wp-block-columns is-layout-flex wp-container-3 wp-block-columns-is-layout-flex\">\n<div class=\"wp-block-column is-layout-flow wp-block-column-is-layout-flow\" style=\"flex-basis:100%\">\n<div class=\"wp-block-group\"><div class=\"wp-block-group__inner-container is-layout-flow wp-block-group-is-layout-flow\">\n<ul><li>https:\/\/pubs.acs.org\/doi\/10.1021\/acs.jpclett.1c02271<\/li><li>https:\/\/www.uniovi.es\/-\/materiales-a-la-carta<\/li><li><a href=\"https:\/\/www.pressreader.com\/spain\/la-nueva-espana-be\/20220329\/282333978413970\">https:\/\/www.pressreader.com\/spain\/la-nueva-espana-be\/20220329\/282333978413970<\/a><\/li><li><a href=\"https:\/\/www.asturiasmundial.com\/noticia\/124571\/como-manipular-atomos-avanzar-diseno-materiales-carta\/\">https:\/\/www.asturiasmundial.com\/noticia\/124571\/como-manipular-atomos-avanzar-diseno-materiales-carta\/<\/a><\/li><\/ul>\n<\/div><\/div>\n<\/div>\n<\/div>\n\n\n\n<p><em>&#8211; Demuestran que los enlaces qu\u00edmicos tienen sus l\u00edmites (2021)<\/em><\/p>\n\n\n\n<ul><li><a href=\"https:\/\/www.uniovi.es\/comunicacion\/noticias\/-\/asset_publisher\/33ICSSzZmx4V\/content\/limites-enlaces-quimicos?p_p_auth=C2yf2NrV&amp;redirect=%2F\">https:\/\/www.uniovi.es\/comunicacion\/noticias\/-\/asset_publisher\/33ICSSzZmx4V\/content\/limites-enlaces-quimicos?p_p_auth=C2yf2NrV&amp;redirect=%2F<\/a><\/li><li><a href=\"https:\/\/www.ucm.es\/otri\/noticias-enlaces-quimicos-tienen-limites\">https:\/\/www.ucm.es\/otri\/noticias-enlaces-quimicos-tienen-limites<\/a><\/li><li><a href=\"https:\/\/www.20minutos.es\/noticia\/4770942\/0\/un-estudio-de-la-universidad-avanza-en-la-investigacion-de-los-enlaces-quimicos-y-sus-limites\/\">https:\/\/www.20minutos.es\/noticia\/4770942\/0\/un-estudio-de-la-universidad-avanza-en-la-investigacion-de-los-enlaces-quimicos-y-sus-limites\/<\/a><\/li><li><a href=\"https:\/\/www.elcomercio.es\/oviedo\/investigacion-enlaces-quimicos-universidad-oviedo-20210721121412-nt.html?ref=https%3A%2F%2Fwww.google.com%2F\">https:\/\/www.elcomercio.es\/oviedo\/investigacion-enlaces-quimicos-universidad-oviedo-20210721121412-nt.html?ref=https%3A%2F%2Fwww.google.com%2F<\/a><\/li><\/ul>\n\n\n\n<figure class=\"wp-block-image\" id=\"block-b1acff51-12eb-4584-be58-a4ed639010ca\"><img decoding=\"async\" src=\"https:\/\/www.unioviedo.es\/qtcmat\/wp-content\/uploads\/2022\/03\/bonds.png\" alt=\"La imagen tiene un atributo ALT vac\u00edo; su nombre de archivo es bonds.png\"\/><\/figure>\n\n\n\n<p id=\"block-14c8864b-5f2e-48e8-a480-727c3c98ae60\"><em>&#8211; Clatratos hidratos de di\u00f3xido de carbono y ambientes habitables (2020)<\/em><\/p>\n\n\n\n<ul id=\"block-e15a35e9-c1ee-4e20-8022-a09d62eeaeb9\"><li><a href=\"https:\/\/www.uniovi.es\/comunicacion\/noticias\/-\/asset_publisher\/33ICSSzZmx4V\/content\/un-estudio-cientifico-concluye-que-es-posible-la-formacion-de-ambientes-habitables-en-los-oceanos-interiores-de-las-lunas-heladas-de-jupiter\">https:\/\/www.uniovi.es\/comunicacion\/noticias\/-\/asset_publisher\/33ICSSzZmx4V\/content\/un-estudio-cientifico-concluye-que-es-posible-la-formacion-de-ambientes-habitables-en-los-oceanos-interiores-de-las-lunas-heladas-de-jupite<\/a>r<\/li><li><a href=\"https:\/\/cab.inta-csic.es\/noticias\/posibles-ambientes-habitables-en-las-lunas-heladas-de-jupiter\/55\/\">https:\/\/cab.inta-csic.es\/noticias\/posibles-ambientes-habitables-en-las-lunas-heladas-de-jupiter\/55\/<\/a><\/li><li><a href=\"https:\/\/www.abc.es\/ciencia\/abci-cientificos-espanoles-descubren-posibles-ambientes-habitables-lunas-heladas-jupiter-202012022111_noticia.html\">https:\/\/www.abc.es\/ciencia\/abci-cientificos-espanoles-descubren-posibles-ambientes-habitables-lunas-heladas-jupiter-202012022111_noticia.html<\/a><\/li><li><a href=\"https:\/\/mp.com.do\/cientificos-espanoles-descubren-posibles-ambientes-habitables-en-las-lunas-heladas-de-jupiter\/\">https:\/\/mp.com.do\/cientificos-espanoles-descubren-posibles-ambientes-habitables-en-las-lunas-heladas-de-jupiter\/<\/a><\/li><li><a href=\"https:\/\/cienciaes.com\/entrevistas\/2020\/12\/07\/ganimedes\/\">https:\/\/cienciaes.com\/entrevistas\/2020\/12\/07\/ganimedes\/<\/a><\/li><\/ul>\n\n\n\n<figure class=\"wp-block-image\" id=\"block-2af8423f-1101-4c97-9271-639bef1f2b98\"><img decoding=\"async\" src=\"https:\/\/www.unioviedo.es\/qtcmat\/wp-content\/uploads\/2022\/03\/calca.png\" alt=\"La imagen tiene un atributo ALT vac\u00edo; su nombre de archivo es calca.png\"\/><\/figure>\n\n\n\n<p id=\"block-b9903174-f855-4ce4-9918-4ee7b60d1e06\"><em>&#8211; Homoquiralidad y m\u00e1quinas moleculares (2019)<\/em><\/p>\n\n\n\n<ul id=\"block-5a1a52b7-a9dd-4359-a626-d77051abc775\"><li><a href=\"https:\/\/www.uniovi.es\/-\/una-investigacion-logra-el-control-del-movimiento-preferencial-de-moleculas-quirales-que-se-desplazan-sobre-una-superficie\">https:\/\/www.uniovi.es\/-\/una-investigacion-logra-el-control-del-movimiento-preferencial-de-moleculas-quirales-que-se-desplazan-sobre-una-superficie<\/a><\/li><li><a href=\"https:\/\/theconversation.com\/somos-homoquirales-y-no-lo-entendemos-119101\">https:\/\/theconversation.com\/somos-homoquirales-y-no-lo-entendemos-119101<\/a><\/li><li><a href=\"https:\/\/www.abc.es\/ciencia\/abci-eres-homoquiral-y-posiblemente-no-sepas-201908040136_noticia.html?ref=https%3A%2F%2Fwww.google.com%2F\">https:\/\/www.abc.es\/ciencia\/abci-eres-homoquiral-y-posiblemente-no-sepas-201908040136_noticia.html?ref=https%3A%2F%2Fwww.google.com%2F<\/a><\/li><\/ul>\n\n\n\n<figure class=\"wp-block-image\" id=\"block-67152974-c12a-4178-9c93-411b13a45d86\"><img decoding=\"async\" src=\"https:\/\/www.unioviedo.es\/qtcmat\/wp-content\/uploads\/2022\/03\/mate.png\" alt=\"La imagen tiene un atributo ALT vac\u00edo; su nombre de archivo es mate.png\"\/><\/figure>\n\n\n\n<p id=\"block-2fb8a6f3-cad3-413a-8f27-627f0b03485a\"><strong>Dissemination of teaching activity<\/strong><\/p>\n\n\n\n<p id=\"block-dfd55581-6c53-415d-81c2-123402c4a587\"><em>1. Charla divulgativa sobre la qu\u00edmica. No todo es qu\u00edmica en esta vida<\/em> I.E.S. Dr. Fleming. III Jornadas Culturales. La cara humana de la ciencia (Oviedo, 2014)<\/p>\n\n\n\n<p id=\"block-dfd55581-6c53-415d-81c2-123402c4a587\"><em>2. Charla informativa sobre el grado en qu\u00edmica. II Jornadas de Orientaci\u00f3n Profesional (Madrid, 2022)<\/em><\/p>\n\n\n\n<figure class=\"wp-block-embed is-type-video is-provider-youtube wp-block-embed-youtube wp-embed-aspect-16-9 wp-has-aspect-ratio\"><div class=\"wp-block-embed__wrapper\">\n<iframe loading=\"lazy\" title=\"Qu\u00edmica\" width=\"525\" height=\"295\" src=\"https:\/\/www.youtube.com\/embed\/MAqGjz4CCKw?feature=oembed\" frameborder=\"0\" allow=\"accelerometer; autoplay; clipboard-write; encrypted-media; gyroscope; picture-in-picture\" allowfullscreen><\/iframe>\n<\/div><\/figure>\n\n\n\n<p><\/p>\n\n\n\n<p><strong>Awards<\/strong><\/p>\n\n\n\n<p>1. Nominaci\u00f3n y diploma de 2 publicaciones del grupo al Premio al mejor art\u00edculo del a\u00f1o 2021 en Qu\u00edmica en Asturias.<\/p>\n\n\n\n<p>\u00c1lvaro Lobato, Miguel \u00c1. Salvad\u00f3, J. Manuel Recio, Mercedes Taravillo, Valent\u00edn G. Baonza. \u00abHighs &amp; Lows in bond lengths: Is there any limit?\u00bb. Angewandte Chemie. 2021. DOI: 10.1002\/anie.202102967<\/p>\n\n\n\n<p>David Abbasi-P\u00e9rez, Hongqian Sang, Filipe L. Q. Junqueira, Adam Sweetman, J. Manuel Recio, Philip Moriarty, and Lev Kantorovich. Cyclic Single Atom Vertical Manipulation on a Nonmetallic Surface. J. Phys. Chem. Lett. 2021, 12, 11383\u221211390. DOI:\u00a0<a href=\"https:\/\/pubs.acs.org\/doi\/10.1021\/acs.jpclett.1c02271\">10.1021\/acs.jpclett.1c02271<\/a><\/p>\n\n\n\n<p>2. Diploma de finalista (2\u00ba premio ex aequo) en el Premio al mejor art\u00edculo del a\u00f1o 2021 en Qu\u00edmica en Asturias (ST-RSEQ)<\/p>\n\n\n\n<ul><li>\u00c1lvaro Lobato, Miguel \u00c1. Salvad\u00f3, J. Manuel Recio, Mercedes Taravillo, Valent\u00edn G. Baonza. \u00abHighs &amp; Lows in bond lengths: Is there any limit?\u00bb. Angewandte Chemie. 2021. DOI: 10.1002\/anie.202102967<\/li><li><a href=\"https:\/\/www.lne.es\/sociedad\/2022\/04\/08\/lucia-florentinos-firma-mejor-articulo-64793117.html\">https:\/\/www.lne.es\/sociedad\/2022\/04\/08\/lucia-florentinos-firma-mejor-articulo-64793117.html<\/a><\/li><\/ul>\n","protected":false},"excerpt":{"rendered":"<p>Dissemination of research activity in Spanish media &#8211; C\u00f3mo manipular \u00e1tomos para lograr materiales nuevos (2022) https:\/\/pubs.acs.org\/doi\/10.1021\/acs.jpclett.1c02271 https:\/\/www.uniovi.es\/-\/materiales-a-la-carta https:\/\/www.pressreader.com\/spain\/la-nueva-espana-be\/20220329\/282333978413970 https:\/\/www.asturiasmundial.com\/noticia\/124571\/como-manipular-atomos-avanzar-diseno-materiales-carta\/ &#8211; Demuestran que los enlaces qu\u00edmicos tienen sus l\u00edmites (2021) https:\/\/www.uniovi.es\/comunicacion\/noticias\/-\/asset_publisher\/33ICSSzZmx4V\/content\/limites-enlaces-quimicos?p_p_auth=C2yf2NrV&amp;redirect=%2F https:\/\/www.ucm.es\/otri\/noticias-enlaces-quimicos-tienen-limites https:\/\/www.20minutos.es\/noticia\/4770942\/0\/un-estudio-de-la-universidad-avanza-en-la-investigacion-de-los-enlaces-quimicos-y-sus-limites\/ https:\/\/www.elcomercio.es\/oviedo\/investigacion-enlaces-quimicos-universidad-oviedo-20210721121412-nt.html?ref=https%3A%2F%2Fwww.google.com%2F &#8211; Clatratos hidratos de di\u00f3xido de carbono y ambientes habitables (2020) https:\/\/www.uniovi.es\/comunicacion\/noticias\/-\/asset_publisher\/33ICSSzZmx4V\/content\/un-estudio-cientifico-concluye-que-es-posible-la-formacion-de-ambientes-habitables-en-los-oceanos-interiores-de-las-lunas-heladas-de-jupiter https:\/\/cab.inta-csic.es\/noticias\/posibles-ambientes-habitables-en-las-lunas-heladas-de-jupiter\/55\/ https:\/\/www.abc.es\/ciencia\/abci-cientificos-espanoles-descubren-posibles-ambientes-habitables-lunas-heladas-jupiter-202012022111_noticia.html https:\/\/mp.com.do\/cientificos-espanoles-descubren-posibles-ambientes-habitables-en-las-lunas-heladas-de-jupiter\/ https:\/\/cienciaes.com\/entrevistas\/2020\/12\/07\/ganimedes\/ &#8211; Homoquiralidad y m\u00e1quinas moleculares &hellip; <\/p>\n<p class=\"link-more\"><a href=\"https:\/\/www.unioviedo.es\/qtcmat\/index.php\/scientific-dissemination\/\" class=\"more-link\">Continuar leyendo<span class=\"screen-reader-text\"> \u00abDissemination\u00bb<\/span><\/a><\/p>\n","protected":false},"author":1,"featured_media":0,"parent":0,"menu_order":0,"comment_status":"closed","ping_status":"closed","template":"","meta":{"footnotes":""},"_links":{"self":[{"href":"https:\/\/www.unioviedo.es\/qtcmat\/index.php\/wp-json\/wp\/v2\/pages\/163"}],"collection":[{"href":"https:\/\/www.unioviedo.es\/qtcmat\/index.php\/wp-json\/wp\/v2\/pages"}],"about":[{"href":"https:\/\/www.unioviedo.es\/qtcmat\/index.php\/wp-json\/wp\/v2\/types\/page"}],"author":[{"embeddable":true,"href":"https:\/\/www.unioviedo.es\/qtcmat\/index.php\/wp-json\/wp\/v2\/users\/1"}],"replies":[{"embeddable":true,"href":"https:\/\/www.unioviedo.es\/qtcmat\/index.php\/wp-json\/wp\/v2\/comments?post=163"}],"version-history":[{"count":12,"href":"https:\/\/www.unioviedo.es\/qtcmat\/index.php\/wp-json\/wp\/v2\/pages\/163\/revisions"}],"predecessor-version":[{"id":365,"href":"https:\/\/www.unioviedo.es\/qtcmat\/index.php\/wp-json\/wp\/v2\/pages\/163\/revisions\/365"}],"wp:attachment":[{"href":"https:\/\/www.unioviedo.es\/qtcmat\/index.php\/wp-json\/wp\/v2\/media?parent=163"}],"curies":[{"name":"wp","href":"https:\/\/api.w.org\/{rel}","templated":true}]}}