{"id":195,"date":"2019-07-03T00:54:45","date_gmt":"2019-07-02T22:54:45","guid":{"rendered":"https:\/\/www.unioviedo.es\/qtcmat\/?page_id=195"},"modified":"2019-07-26T18:38:40","modified_gmt":"2019-07-26T16:38:40","slug":"research","status":"publish","type":"page","link":"https:\/\/www.unioviedo.es\/qtcmat\/index.php\/research\/","title":{"rendered":"Research"},"content":{"rendered":"\n<h2 class=\"wp-block-heading\" style=\"text-align:center\">New <\/h2>\n\n\n\n<ul><li><strong>Methodology<\/strong>: Chemical pressure, Equations of State, Structure<br> predictions<\/li><li><strong>Models<\/strong>: Crystalline structure, Phase transition mechanisms, Chemical bonding, Crystal Chemistry, Mass-Radius-Composition of planets, Atomic Force Microscopy<\/li><li><strong>Applications<\/strong>: Laminar and intercalation compounds, Clathrates,  Advanced materials for energy applications<\/li><li><strong>Phenomena<\/strong>: Pressure-induced phase transitions, Tensile stress- strain curves, Raman and IR spectra of solids, Thermodynamic properties of solids, Stability of gas hydrate clathrates, Planets  composition<\/li><\/ul>\n\n\n\n<h2 class=\"wp-block-heading\" style=\"text-align:center\">    L\u00edneas de Investigaci\u00f3n<\/h2>\n\n\n\n<hr class=\"wp-block-separator\"\/>\n\n\n\n<ul><li>Qu\u00edmica Cu\u00e1ntica de clusters (agregados moleculares)<\/li><\/ul>\n\n\n\n<ul><li>Desarrollos metodol\u00f3gicos. Descripci\u00f3n de interacciones. Topolog\u00eda de la ELF<\/li><\/ul>\n\n\n\n<ul><li>Qu\u00edmica Cu\u00e1ntica de s\u00f3lidos. Cristales con impurezas y defectos<\/li><\/ul>\n\n\n\n<ul><li>Qu\u00edmica Cu\u00e1ntica de s\u00f3lidos. Aspectos macrosc\u00f3picos de cristales sometidos a altas presiones<\/li><\/ul>\n\n\n\n<ul><li>Qu\u00edmica Cu\u00e1ntica de s\u00f3lidos. Aspectos microsc\u00f3picos de cristales sometidos a altas presiones<\/li><\/ul>\n\n\n\n<h2 class=\"wp-block-heading\" style=\"text-align:center\">Proyectos de Investigaci\u00f3n subvencionados en convocatorias p\u00fablicas<\/h2>\n\n\n\n<hr class=\"wp-block-separator\"\/>\n\n\n\n<ul><li>Embedded quantum cluster study of trapped-hole centers in oxides. CGR-921348 (NATO). 1993-95. 142000 FB. Miembro del proyecto<\/li><\/ul>\n\n\n\n<ul><li>Desarrollo de t\u00e9cnicas qu\u00edmico cu\u00e1nticas para el estudio del comportamiento est\u00e1tico y din\u00e1mico de materiales. PB93-0327 (Ministerio de Educaci\u00f3n y Ciencia, MEC). 1993-1996. 10.0 MPts. Miembro del proyecto<\/li><\/ul>\n\n\n\n<ul><li>M\u00e9todos fundamentales para la simulaci\u00f3n de materiales: enlace, estabilidad estructural y din\u00e1mica. PB96-0559 (Ministerio de Educaci\u00f3n y Ciencia, MEC). 1997-2000. 11.0 MPts. Miembro del proyecto<\/li><\/ul>\n\n\n\n<ul><li>Desarrollo y aplicaci\u00f3n de m\u00e9todos te\u00f3ricos y computacionales de simulaci\u00f3n en mol\u00e9culas, microagregados y cristales. BQU2000-0466 (Ministerio de Ciencia y Tecnolog\u00eda, MCT). 2001-2003. 16.0 MPts. Miembro del proyecto<\/li><\/ul>\n\n\n\n<ul><li>Modelizaci\u00f3n microsc\u00f3pica de materiales: aplicaci\u00f3n y desarrollo de m\u00e9todos te\u00f3ricos y computacionales para el estudio de mol\u00e9culas, nanoagregados y s\u00f3lidos. BQU2003-06553 (Ministerio de Ciencia y Tecnolog\u00eda, MCT). 2004-2006. 142.945,00 \u20ac. Miembro del proyecto<\/li><\/ul>\n\n\n\n<ul><li>Tecnolog\u00edas de Alta Presi\u00f3n aplicadas al dise\u00f1o de nuevos materiales. CCG07-UCM\/MAT-2403 (Comunidad Aut\u00f3noma de Madrid, CAM). 2006-2007. 38.000,00 \u20ac. Miembro del proyecto<\/li><\/ul>\n\n\n\n<ul><li>Interpretaci\u00f3n microsc\u00f3pica de fen\u00f3menos de alta presi\u00f3n en cristales moleculares. MAT2006-13548-C02-02 (Ministerio de Educaci\u00f3n y Ciencia, MEC). 2007-2009. 76.230,00 \u20ac. Investigador principal<\/li><\/ul>\n\n\n\n<ul><li>Materia a Alta Presi\u00f3n. Programa Consolider-Ingenio2010. CSD2007-00045 (Ministerio de Educaci\u00f3n y Ciencia, MEC). 2008-2012. 5.166.000,00 \u20ac. Investigador principal del equipo de la Universidad de Oviedo Qu\u00edmica a Alta Presi\u00f3n.<\/li><\/ul>\n\n\n\n<ul><li>P2009\/PPQ-1551 (Comunidad Aut\u00f3noma de Madrid, CAM). 2009-2012. 900.000, 00 \u20ac. Miembro del proyecto<\/li><\/ul>\n\n\n\n<ul><li>Termodin\u00e1mica y cin\u00e9tica de transiciones de fase en materiales cristalinos: modelos avanzados y simulaciones computacionales. CTQ2009-14596-C02-02 (Ministerio de Ciencia e Innovaci\u00f3n, MICINN). 2010-2012. 79.860,01 \u20ac. Investigador principal<\/li><\/ul>\n\n\n\n<h2 class=\"wp-block-heading\" style=\"text-align:center\">Otros Proyectos de Investigaci\u00f3n<\/h2>\n\n\n\n<hr class=\"wp-block-separator\"\/>\n\n\n\n<ul><li>Stability and reactivity of alkaline-earth oxide clusters. PR97 09356812. Programa Sectorial de Ayuda de Movilidad de Profesorado Universitario e Investigadores. MEC. Agosto-Diciembre 1997<\/li><\/ul>\n\n\n\n<ul><li>Simulaci\u00f3n mecano-cu\u00e1ntica del polimorfismo en semiconductores con estructura calcopirita: fases de alta presi\u00f3n del cristal AgGaS2. PR2000-0218. Programa Sectorial de Ayuda de Movilidad de Profesorado Universitario e Investigadores. MEC. Octubre 2000-Marzo 2001<\/li><\/ul>\n\n\n\n<ul><li>An electron density approach to understand high-pressure phenomena. HPC-EUROPA (RII3-CT-2003-506079), European Community &#8211; Research Infrastructure Action under the FP6 \u201dStructuring the European Research Area\u201d . Enero 2005<\/li><\/ul>\n\n\n\n<ul><li>Bases para el entendimiento del proceso de nucleaci\u00f3n por agentes qu\u00edmicos y\/o presi\u00f3n hidrost\u00e1tica en s\u00f3lidos. Ayudas a la investigaci\u00f3n. Estancias breves. Universidad de Oviedo. Agosto 2008<\/li><\/ul>\n\n\n\n<ul class=\"wp-block-gallery columns-3 is-cropped wp-block-gallery-1 is-layout-flex wp-block-gallery-is-layout-flex\"><li class=\"blocks-gallery-item\"><figure><img decoding=\"async\" loading=\"lazy\" width=\"771\" height=\"189\" src=\"https:\/\/www.unioviedo.es\/qtcmat\/wp-content\/uploads\/2019\/07\/pasta1.png\" alt=\"\" data-id=\"239\" data-link=\"https:\/\/www.unioviedo.es\/qtcmat\/index.php\/research\/pasta1\/\" class=\"wp-image-239\" srcset=\"https:\/\/www.unioviedo.es\/qtcmat\/wp-content\/uploads\/2019\/07\/pasta1.png 771w, https:\/\/www.unioviedo.es\/qtcmat\/wp-content\/uploads\/2019\/07\/pasta1-300x74.png 300w, https:\/\/www.unioviedo.es\/qtcmat\/wp-content\/uploads\/2019\/07\/pasta1-768x188.png 768w\" sizes=\"(max-width: 706px) 89vw, (max-width: 767px) 82vw, 740px\" \/><\/figure><\/li><li class=\"blocks-gallery-item\"><figure><img decoding=\"async\" loading=\"lazy\" width=\"627\" height=\"151\" src=\"https:\/\/www.unioviedo.es\/qtcmat\/wp-content\/uploads\/2019\/07\/pasta2.png\" alt=\"\" data-id=\"240\" data-link=\"https:\/\/www.unioviedo.es\/qtcmat\/index.php\/research\/pasta2\/\" class=\"wp-image-240\" srcset=\"https:\/\/www.unioviedo.es\/qtcmat\/wp-content\/uploads\/2019\/07\/pasta2.png 627w, https:\/\/www.unioviedo.es\/qtcmat\/wp-content\/uploads\/2019\/07\/pasta2-300x72.png 300w\" sizes=\"(max-width: 627px) 100vw, 627px\" \/><\/figure><\/li><li class=\"blocks-gallery-item\"><figure><img decoding=\"async\" loading=\"lazy\" width=\"603\" height=\"154\" src=\"https:\/\/www.unioviedo.es\/qtcmat\/wp-content\/uploads\/2019\/07\/pasta3.png\" alt=\"\" data-id=\"241\" data-link=\"https:\/\/www.unioviedo.es\/qtcmat\/index.php\/research\/pasta3\/\" class=\"wp-image-241\" srcset=\"https:\/\/www.unioviedo.es\/qtcmat\/wp-content\/uploads\/2019\/07\/pasta3.png 603w, https:\/\/www.unioviedo.es\/qtcmat\/wp-content\/uploads\/2019\/07\/pasta3-300x77.png 300w\" sizes=\"(max-width: 603px) 100vw, 603px\" \/><\/figure><\/li><\/ul>\n","protected":false},"excerpt":{"rendered":"<p>New Methodology: Chemical pressure, Equations of State, Structure predictions Models: Crystalline structure, Phase transition mechanisms, Chemical bonding, Crystal Chemistry, Mass-Radius-Composition of planets, Atomic Force Microscopy Applications: Laminar and intercalation compounds, Clathrates, Advanced materials for energy applications Phenomena: Pressure-induced phase transitions, Tensile stress- strain curves, Raman and IR spectra of solids, Thermodynamic properties of solids, Stability &hellip; <\/p>\n<p class=\"link-more\"><a href=\"https:\/\/www.unioviedo.es\/qtcmat\/index.php\/research\/\" class=\"more-link\">Continuar leyendo<span class=\"screen-reader-text\"> \u00abResearch\u00bb<\/span><\/a><\/p>\n","protected":false},"author":1,"featured_media":0,"parent":0,"menu_order":0,"comment_status":"closed","ping_status":"closed","template":"","meta":{"footnotes":""},"_links":{"self":[{"href":"https:\/\/www.unioviedo.es\/qtcmat\/index.php\/wp-json\/wp\/v2\/pages\/195"}],"collection":[{"href":"https:\/\/www.unioviedo.es\/qtcmat\/index.php\/wp-json\/wp\/v2\/pages"}],"about":[{"href":"https:\/\/www.unioviedo.es\/qtcmat\/index.php\/wp-json\/wp\/v2\/types\/page"}],"author":[{"embeddable":true,"href":"https:\/\/www.unioviedo.es\/qtcmat\/index.php\/wp-json\/wp\/v2\/users\/1"}],"replies":[{"embeddable":true,"href":"https:\/\/www.unioviedo.es\/qtcmat\/index.php\/wp-json\/wp\/v2\/comments?post=195"}],"version-history":[{"count":6,"href":"https:\/\/www.unioviedo.es\/qtcmat\/index.php\/wp-json\/wp\/v2\/pages\/195\/revisions"}],"predecessor-version":[{"id":242,"href":"https:\/\/www.unioviedo.es\/qtcmat\/index.php\/wp-json\/wp\/v2\/pages\/195\/revisions\/242"}],"wp:attachment":[{"href":"https:\/\/www.unioviedo.es\/qtcmat\/index.php\/wp-json\/wp\/v2\/media?parent=195"}],"curies":[{"name":"wp","href":"https:\/\/api.w.org\/{rel}","templated":true}]}}